{"id":4869,"date":"2022-12-21T18:11:50","date_gmt":"2022-12-21T17:11:50","guid":{"rendered":"https:\/\/unidenradar.eu\/product\/detektor-radaru-a-laseru-uniden-r4-europe-s-dlouhym-dosahem\/"},"modified":"2025-06-21T00:34:53","modified_gmt":"2025-06-20T22:34:53","slug":"detektor-radaru-a-laseru-uniden-r4-europe-s-dlouhym-dosahem","status":"publish","type":"product","link":"https:\/\/unidenradar.eu\/cs\/produkt\/detektor-radaru-a-laseru-uniden-r4-europe-s-dlouhym-dosahem\/","title":{"rendered":"Detektor radar\u016f a laser\u016f UNIDEN R4 Europe s dlouh\u00fdm dosahem"},"content":{"rendered":"<p class=\"product-description\"><strong>Nov\u00fd radarov\u00fd detektor Uniden R4 Europe Long Range<\/strong> se zcela novou platformou 2022 a mnohem v\u011bt\u0161\u00edm dosahem, a tedy je\u0161t\u011b lep\u0161\u00edm p\u0159edstihem p\u0159ed radary a rychlostn\u00edmi radary. detektor R4 m\u00e1 novou funkci Auto Mute Memory, kter\u00e1 automaticky vylu\u010duje fale\u0161n\u00e9 poplachy prost\u0159ednictv\u00edm GPS. Model R4 je tak\u00e9 vybaven nejlep\u0161\u00edm filtrem p\u00e1sma K na trhu s nejni\u017e\u0161\u00edm po\u010dtem fale\u0161n\u00fdch poplach\u016f z monitor\u016f mrtv\u00e9ho \u00fahlu a senzor\u016f v p\u00e1smu K.<\/p>\n<p>&nbsp;<\/p>\n<div style=\"width: 1200px;\" class=\"wp-video\"><video class=\"wp-video-shortcode\" id=\"video-4869-1\" width=\"1200\" height=\"580\" preload=\"metadata\" controls=\"controls\"><source type=\"video\/mp4\" src=\"https:\/\/unidenradar.eu\/wp-content\/uploads\/2022\/12\/Uniden_R4_radar_detector.mp4?_=1\" \/><a href=\"https:\/\/unidenradar.eu\/wp-content\/uploads\/2022\/12\/Uniden_R4_radar_detector.mp4\">https:\/\/unidenradar.eu\/wp-content\/uploads\/2022\/12\/Uniden_R4_radar_detector.mp4<\/a><\/video><\/div>\n<p>&nbsp;<\/p>\n<h3 class=\"product-description\">P\u0159ehled produktu Uniden R4<\/h3>\n<ul>\n<li>Laserov\u00e1 radarov\u00e1 detekce s extr\u00e9mn\u00edm dosahem<\/li>\n<li>Konstrukce se dv\u011bma n\u00edzko\u0161umov\u00fdmi zesilova\u010di (LNA)<\/li>\n<li>Digit\u00e1ln\u00ed sign\u00e1lov\u00fd procesor<\/li>\n<li>Vestav\u011bn\u00e1 GPS pro lokalizaci radar\u016f na \u010dervenou a rychlostn\u00edch radar\u016f (EVROPA)<\/li>\n<li>Velmi jasn\u00fd, snadno \u010diteln\u00fd, v\u00edcebarevn\u00fd displej OLED<\/li>\n<li>MRCD \/ MRCT (priorita v\u00fdstrahy: laser, MRCD, Ka, K, X) s p\u0159izp\u016fsobiteln\u00fdmi t\u00f3ny<\/li>\n<li>Varov\u00e1n\u00ed p\u0159ed kamerou na \u010dervenou<\/li>\n<li>Upozorn\u011bn\u00ed na rychlostn\u00ed radary<\/li>\n<li>Automatick\u00e1 pam\u011b\u0165 ztlumen\u00ed &#8211; automaticky blokuje nespr\u00e1vn\u00e9 v\u00fdstra\u017en\u00e9 polohy<\/li>\n<li>Pokro\u010dil\u00e9 filtry p\u00e1sma K \/ KA<\/li>\n<li><img data-recalc-dims=\"1\" loading=\"lazy\" decoding=\"async\" class=\"alignright wp-image-1260\" src=\"https:\/\/i0.wp.com\/unidenradar.eu\/wp-content\/uploads\/2022\/12\/Uniden-R4-GROUP.webp?resize=629%2C587&#038;ssl=1\" alt=\"\" width=\"629\" height=\"587\" srcset=\"https:\/\/i0.wp.com\/unidenradar.eu\/wp-content\/uploads\/2022\/12\/Uniden-R4-GROUP.webp?resize=1024%2C956&amp;ssl=1 1024w, https:\/\/i0.wp.com\/unidenradar.eu\/wp-content\/uploads\/2022\/12\/Uniden-R4-GROUP.webp?resize=300%2C280&amp;ssl=1 300w, https:\/\/i0.wp.com\/unidenradar.eu\/wp-content\/uploads\/2022\/12\/Uniden-R4-GROUP.webp?resize=768%2C717&amp;ssl=1 768w, https:\/\/i0.wp.com\/unidenradar.eu\/wp-content\/uploads\/2022\/12\/Uniden-R4-GROUP.webp?resize=1536%2C1434&amp;ssl=1 1536w, https:\/\/i0.wp.com\/unidenradar.eu\/wp-content\/uploads\/2022\/12\/Uniden-R4-GROUP.webp?resize=600%2C560&amp;ssl=1 600w, https:\/\/i0.wp.com\/unidenradar.eu\/wp-content\/uploads\/2022\/12\/Uniden-R4-GROUP.webp?w=1714&amp;ssl=1 1714w\" sizes=\"auto, (max-width: 629px) 100vw, 629px\" \/><\/li>\n<li>Hlasov\u00e1 ozn\u00e1men\u00ed<\/li>\n<li>Detekce GATSO<\/li>\n<li>Tich\u00e1 j\u00edzda (automatick\u00e9 zti\u0161en\u00ed p\u0159i rychlosti)<\/li>\n<li>Automatick\u00e9 stm\u00edv\u00e1n\u00ed<\/li>\n<li>P\u0159izp\u016fsobiteln\u00fd varovn\u00fd t\u00f3n, varov\u00e1n\u00ed<\/li>\n<li>Zobrazen\u00ed frekvence radarov\u00e9ho p\u00e1sma (aktu\u00e1ln\u00ed rychlost, nap\u011bt\u00ed baterie, nadmo\u0159sk\u00e1 v\u00fd\u0161ka, hodiny)<\/li>\n<li>Laserov\u00e1 identifikace<\/li>\n<li>Nelze naj\u00edt za\u0159\u00edzen\u00ed Specter Elite<\/li>\n<li>V\u00fdstra\u017en\u00fd syst\u00e9m pro rychlost MAX<\/li>\n<li>V\u010detn\u011b dr\u017e\u00e1ku s p\u0159\u00edsavkou (jednoduch\u00fd a dvojit\u00fd), datov\u00e9ho kabelu a d\u00e1lkov\u00e9 kl\u00e1vesnice (voliteln\u00e9 p\u0159\u00edslu\u0161enstv\u00ed).<\/li>\n<li>Mo\u017enost aktualizace firmwaru<\/li>\n<\/ul>\n<h3>Co je v balen\u00ed<\/h3>\n<ul>\n<li class=\"sc-jlRLRk lnBKsu pf-103_\" data-pf-type=\"List.Item\"><span style=\"font-family: var(--global-body-font-family);\">Radarov\u00fd detektor UNIDEN R4<br \/>\n<\/span><\/li>\n<li class=\"sc-jlRLRk lnBKsu pf-103_\" data-pf-type=\"List.Item\"><span style=\"font-family: var(--global-body-font-family);\">Nap\u00e1jec\u00ed kabel 12V DC s konektorem RJ11<br \/>\n<\/span><\/li>\n<li class=\"sc-jlRLRk lnBKsu pf-103_\" data-pf-type=\"List.Item\"><span style=\"font-family: var(--global-body-font-family);\">Dr\u017e\u00e1k pro mont\u00e1\u017e na \u010deln\u00ed sklo (1 P\u0159\u00edsavka)<br \/>\n<\/span><\/li>\n<li class=\"sc-jlRLRk lnBKsu pf-103_\" data-pf-type=\"List.Item\"><span style=\"font-family: var(--global-body-font-family);\">Dr\u017e\u00e1k pro mont\u00e1\u017e na \u010deln\u00ed sklo (2 P\u0159\u00edsavky)<br \/>\n<\/span><\/li>\n<li class=\"sc-jlRLRk lnBKsu pf-103_\" data-pf-type=\"List.Item\"><span style=\"font-family: var(--global-body-font-family);\">Upev\u0148ovac\u00ed p\u00e1ska s h\u00e1\u010dkem a smy\u010dkou<br \/>\n<\/span><\/li>\n<li class=\"sc-jlRLRk lnBKsu pf-103_\" data-pf-type=\"List.Item\"><span style=\"font-family: var(--global-body-font-family);\">P\u0159epravn\u00ed pouzdro<br \/>\n<\/span><\/li>\n<li class=\"sc-jlRLRk lnBKsu pf-103_\" data-pf-type=\"List.Item\"><span style=\"font-family: var(--global-body-font-family);\">Datov\u00fd kabel<br \/>\n<\/span><\/li>\n<li class=\"sc-jlRLRk lnBKsu pf-103_\" data-pf-type=\"List.Item\"><span style=\"font-family: var(--global-body-font-family);\">U\u017eivatelsk\u00e1 p\u0159\u00edru\u010dka Uniden R4 Angli\u010dtina \/ francouz\u0161tina \/ \u0161pan\u011bl\u0161tina<br \/>\n<\/span><\/li>\n<li class=\"sc-jlRLRk lnBKsu pf-103_\" data-pf-type=\"List.Item\"><span style=\"font-family: var(--global-body-font-family);\">U\u017eivatelsk\u00e1 p\u0159\u00edru\u010dka UNIDEN R4 ke sta\u017een\u00ed: <\/span><a style=\"font-family: var(--global-body-font-family);\" href=\"https:\/\/unidenradar.eu\/wp-content\/uploads\/2022\/12\/Uniden-R4_manual_EN.pdf\">Uniden R4_manual_EN<\/a><span style=\"font-family: var(--global-body-font-family);\">\u00a0<\/span><a style=\"font-family: var(--global-body-font-family);\" href=\"https:\/\/unidenradar.eu\/wp-content\/uploads\/2022\/12\/Uniden-R4_Manual_FR.pdf\">Uniden R4_Manual_FR<\/a> <a style=\"font-family: var(--global-body-font-family);\" href=\"https:\/\/unidenradar.eu\/wp-content\/uploads\/2022\/12\/Uniden-R4_Manual-ES.pdf\">Uniden R4_Manual ES<\/a><\/li>\n<\/ul>\n","protected":false},"excerpt":{"rendered":"<p>Detektor radar\u016f Uniden R4 je zcela nov\u00e1 platforma s mnohem v\u011bt\u0161\u00edm dosahem. M\u00e1 novou funkci automatick\u00e9ho ztlumen\u00ed pam\u011bti, kter\u00e1 automaticky blokuje m\u00edsta s fale\u0161n\u00fdm poplachem. Model R4 m\u00e1 tak\u00e9 nejlep\u0161\u00ed filtr p\u00e1sma K na trhu, kter\u00fd nab\u00edz\u00ed nejmen\u0161\u00ed mno\u017estv\u00ed fale\u0161n\u00fdch v\u00fdstrah z monitor\u016f mrtv\u00e9ho \u00fahlu a senzor\u016f p\u00e1sma K v jin\u00fdch vozidlech. Kdy\u017e pot\u0159ebujete ty nejlep\u0161\u00ed mo\u017en\u00e9 informace a \u017e\u00e1dn\u00fd \u0161um, za\u0159\u00edzen\u00ed Uniden R4 Extreme v\u00e1s posune na m\u00edle dop\u0159edu.<\/p>\n","protected":false},"featured_media":3809,"comment_status":"open","ping_status":"closed","template":"","meta":{"_kad_blocks_custom_css":"","_kad_blocks_head_custom_js":"","_kad_blocks_body_custom_js":"","_kad_blocks_footer_custom_js":"","_kad_post_transparent":"","_kad_post_title":"","_kad_post_layout":"","_kad_post_sidebar_id":"","_kad_post_content_style":"","_kad_post_vertical_padding":"","_kad_post_feature":"","_kad_post_feature_position":"","_kad_post_header":false,"_kad_post_footer":false,"_kad_post_classname":""},"product_brand":[],"product_cat":[268,267],"product_tag":[],"class_list":{"0":"post-4869","1":"product","2":"type-product","3":"status-publish","4":"has-post-thumbnail","6":"product_cat-detektory-radaru","7":"product_cat-nejprodavanejsi-produkty","9":"first","10":"onbackorder","11":"taxable","12":"shipping-taxable","13":"purchasable","14":"product-type-simple","15":"entry","16":"content-bg","17":"loop-entry"},"taxonomy_info":{"product_cat":[{"value":268,"label":"Detektory radaru"},{"value":267,"label":"Nejprod\u00e1van\u011bj\u0161\u00ed produkty"}]},"featured_image_src_large":["https:\/\/i0.wp.com\/unidenradar.eu\/wp-content\/uploads\/2022\/12\/Uniden-R4-High-FRONT.webp?fit=1024%2C849&ssl=1",1024,849,true],"author_info":[],"comment_info":0,"_links":{"self":[{"href":"https:\/\/unidenradar.eu\/cs\/wp-json\/wp\/v2\/product\/4869","targetHints":{"allow":["GET"]}}],"collection":[{"href":"https:\/\/unidenradar.eu\/cs\/wp-json\/wp\/v2\/product"}],"about":[{"href":"https:\/\/unidenradar.eu\/cs\/wp-json\/wp\/v2\/types\/product"}],"replies":[{"embeddable":true,"href":"https:\/\/unidenradar.eu\/cs\/wp-json\/wp\/v2\/comments?post=4869"}],"wp:featuredmedia":[{"embeddable":true,"href":"https:\/\/unidenradar.eu\/cs\/wp-json\/wp\/v2\/media\/3809"}],"wp:attachment":[{"href":"https:\/\/unidenradar.eu\/cs\/wp-json\/wp\/v2\/media?parent=4869"}],"wp:term":[{"taxonomy":"product_brand","embeddable":true,"href":"https:\/\/unidenradar.eu\/cs\/wp-json\/wp\/v2\/product_brand?post=4869"},{"taxonomy":"product_cat","embeddable":true,"href":"https:\/\/unidenradar.eu\/cs\/wp-json\/wp\/v2\/product_cat?post=4869"},{"taxonomy":"product_tag","embeddable":true,"href":"https:\/\/unidenradar.eu\/cs\/wp-json\/wp\/v2\/product_tag?post=4869"}],"curies":[{"name":"wp","href":"https:\/\/api.w.org\/{rel}","templated":true}]}}