{"id":5110,"date":"2022-11-22T17:04:02","date_gmt":"2022-11-22T16:04:02","guid":{"rendered":"https:\/\/unidenradar.eu\/product\/evropa-dozivotni-aktualizace-radarovych-bodu-zajmu-uniden-r8-a-uniden-r4-international\/"},"modified":"2022-12-22T17:04:02","modified_gmt":"2022-12-22T16:04:02","slug":"evropa-dozivotni-aktualizace-radarovych-bodu-zajmu-uniden-r8-a-uniden-r4-international","status":"publish","type":"product","link":"https:\/\/unidenradar.eu\/cs\/produkt\/evropa-dozivotni-aktualizace-radarovych-bodu-zajmu-uniden-r8-a-uniden-r4-international\/","title":{"rendered":"Evropa Do\u017eivotn\u00ed aktualizace radarov\u00fdch bod\u016f z\u00e1jmu Uniden R8 a UNIDEN R4 INTERNATIONAL"},"content":{"rendered":"<p>Evropsk\u00e1 datab\u00e1ze POI Do\u017eivotn\u00ed aktualizace pro Uniden R4 a R8 pro verze mimo Evropu<\/p>\n<h2>Datab\u00e1ze UNIDEN RADAR EU zahrnuje:<\/h2>\n<ul>\n<li>Pevn\u00e9 rychlostn\u00ed radary<\/li>\n<li>Kamery na \u010dervenou<\/li>\n<li>\u010cast\u00e9 mobiln\u00ed kontroly rychlosti<\/li>\n<li>Kontroly vzd\u00e1lenosti<\/li>\n<\/ul>\n<h3>Datab\u00e1ze zahrnuje n\u00e1sleduj\u00edc\u00ed evropsk\u00e9 zem\u011b:<\/h3>\n<ul>\n<li style=\"list-style-type: none;\">\n<ul class=\"column\">\n<li>Alb\u00e1nie<br \/>\nAndorra<br \/>\nArm\u00e9nie<br \/>\nRakousko<br \/>\n\u00c1zerb\u00e1jd\u017e\u00e1n<br \/>\nB\u011blorusko<br \/>\nBelgie<br \/>\nBosna a Hercegovina<br \/>\nBulharsko<br \/>\nChorvatsko<br \/>\nKypr<br \/>\n\u010cesko<br \/>\nD\u00e1nsko<br \/>\nEstonsko<br \/>\nFinsko<br \/>\nFrancie<br \/>\nGruzie<br \/>\nN\u011bmecko<br \/>\n\u0158ecko<br \/>\nMa\u010farsko<br \/>\nIsland<br \/>\nIrsko<br \/>\nIt\u00e1lie<br \/>\nKazachst\u00e1n<br \/>\nKosovo<br \/>\nLoty\u0161sko<br \/>\nLichten\u0161tejnsko<br \/>\nLitva<br \/>\nLucembursko<br \/>\nMalta<br \/>\nMoldavsko<br \/>\nMonako<br \/>\n\u010cern\u00e1 Hora<br \/>\nNizozemsko<br \/>\nSevern\u00ed Makedonie<br \/>\nNorsko<br \/>\nPolsko<br \/>\nPortugalsko<br \/>\nRumunsko<br \/>\nRusko<br \/>\nSan Marino<br \/>\nSrbsko<br \/>\nSlovensko<br \/>\nSlovinsko<br \/>\n\u0160pan\u011blsko<br \/>\n\u0160v\u00e9dsko<br \/>\n\u0160v\u00fdcarsko<br \/>\nTurecko<br \/>\nUkrajina<br \/>\nSpojen\u00e9 kr\u00e1lovstv\u00ed (UK)<br \/>\nVatik\u00e1n (Svat\u00fd stolec)<\/li>\n<\/ul>\n<\/li>\n<\/ul>\n","protected":false},"excerpt":{"rendered":"<p>Evropsk\u00e1 datab\u00e1ze POI Do\u017eivotn\u00ed aktualizace pro Uniden R4 a R8 pro verze mimo Evropu Datab\u00e1ze UNIDEN RADAR EU zahrnuje: Pevn\u00e9 rychlostn\u00ed radary Kamery na \u010dervenou \u010cast\u00e9 mobiln\u00ed kontroly rychlosti Kontroly vzd\u00e1lenosti Datab\u00e1ze zahrnuje n\u00e1sleduj\u00edc\u00ed evropsk\u00e9 zem\u011b: Alb\u00e1nie Andorra Arm\u00e9nie Rakousko \u00c1zerb\u00e1jd\u017e\u00e1n B\u011blorusko Belgie Bosna a Hercegovina Bulharsko Chorvatsko Kypr \u010cesko D\u00e1nsko Estonsko Finsko Francie Gruzie&#8230;<\/p>\n","protected":false},"featured_media":3914,"comment_status":"open","ping_status":"closed","template":"","meta":{"_kad_blocks_custom_css":"","_kad_blocks_head_custom_js":"","_kad_blocks_body_custom_js":"","_kad_blocks_footer_custom_js":"","_kad_post_transparent":"","_kad_post_title":"","_kad_post_layout":"","_kad_post_sidebar_id":"","_kad_post_content_style":"","_kad_post_vertical_padding":"","_kad_post_feature":"","_kad_post_feature_position":"","_kad_post_header":false,"_kad_post_footer":false,"_kad_post_classname":""},"product_brand":[],"product_cat":[267,308],"product_tag":[],"class_list":{"0":"post-5110","1":"product","2":"type-product","3":"status-publish","4":"has-post-thumbnail","6":"product_cat-nejprodavanejsi-produkty","7":"product_cat-prislusenstvi","9":"first","10":"outofstock","11":"downloadable","12":"virtual","13":"sold-individually","14":"taxable","15":"purchasable","16":"product-type-simple","17":"entry","18":"content-bg","19":"loop-entry"},"taxonomy_info":{"product_cat":[{"value":267,"label":"Nejprod\u00e1van\u011bj\u0161\u00ed produkty"},{"value":308,"label":"P\u0159\u00edslu\u0161enstv\u00ed"}]},"featured_image_src_large":["https:\/\/i0.wp.com\/unidenradar.eu\/wp-content\/uploads\/2022\/12\/pexels-matheus-bertelli-13871025-edited-scaled.jpg?fit=1024%2C768&ssl=1",1024,768,true],"author_info":[],"comment_info":0,"_links":{"self":[{"href":"https:\/\/unidenradar.eu\/cs\/wp-json\/wp\/v2\/product\/5110","targetHints":{"allow":["GET"]}}],"collection":[{"href":"https:\/\/unidenradar.eu\/cs\/wp-json\/wp\/v2\/product"}],"about":[{"href":"https:\/\/unidenradar.eu\/cs\/wp-json\/wp\/v2\/types\/product"}],"replies":[{"embeddable":true,"href":"https:\/\/unidenradar.eu\/cs\/wp-json\/wp\/v2\/comments?post=5110"}],"wp:featuredmedia":[{"embeddable":true,"href":"https:\/\/unidenradar.eu\/cs\/wp-json\/wp\/v2\/media\/3914"}],"wp:attachment":[{"href":"https:\/\/unidenradar.eu\/cs\/wp-json\/wp\/v2\/media?parent=5110"}],"wp:term":[{"taxonomy":"product_brand","embeddable":true,"href":"https:\/\/unidenradar.eu\/cs\/wp-json\/wp\/v2\/product_brand?post=5110"},{"taxonomy":"product_cat","embeddable":true,"href":"https:\/\/unidenradar.eu\/cs\/wp-json\/wp\/v2\/product_cat?post=5110"},{"taxonomy":"product_tag","embeddable":true,"href":"https:\/\/unidenradar.eu\/cs\/wp-json\/wp\/v2\/product_tag?post=5110"}],"curies":[{"name":"wp","href":"https:\/\/api.w.org\/{rel}","templated":true}]}}