{"id":5124,"date":"2022-10-20T19:35:07","date_gmt":"2022-10-20T17:35:07","guid":{"rendered":"https:\/\/unidenradar.eu\/product\/instalacni-sada-pro-radarovy-detektor-uniden-r4-a-r8\/"},"modified":"2022-12-20T19:35:07","modified_gmt":"2022-12-20T18:35:07","slug":"instalacni-sada-pro-radarovy-detektor-uniden-r4-a-r8","status":"publish","type":"product","link":"https:\/\/unidenradar.eu\/cs\/produkt\/instalacni-sada-pro-radarovy-detektor-uniden-r4-a-r8\/","title":{"rendered":"Instala\u010dn\u00ed sada pro radarov\u00fd detektor Uniden R4 a R8"},"content":{"rendered":"<p>Sada pro p\u0159\u00edm\u00e9 zapojen\u00ed radarov\u00e9ho detektoru Uniden RDA-HDWKT s d\u00e1lkov\u00fdm tla\u010d\u00edtkem ztlumen\u00ed umo\u017e\u0148uje p\u0159\u00edm\u00e9 zapojen\u00ed kompatibiln\u00edho radarov\u00e9ho detektoru Uniden do pojistkov\u00e9 sk\u0159\u00ed\u0148ky va\u0161eho vozidla. D\u00edky tomu m\u016f\u017eete malou ovl\u00e1dac\u00ed sk\u0159\u00ed\u0148ku namontovat na po\u017eadovan\u00e9 m\u00edsto a snadno diskr\u00e9tn\u011b ovl\u00e1dat funkci ztlumen\u00ed.<\/p>\n","protected":false},"excerpt":{"rendered":"<ul>\n<li>Instala\u010dn\u00ed sada p\u0159\u00edm\u00e9ho veden\u00ed radarov\u00e9ho detektoru<br \/>\ns d\u00e1lkov\u00fdm tla\u010d\u00edtkem Mute<\/li>\n<li>kompatibiln\u00ed s radarov\u00fdm detektorem Uniden R4 a R8<\/li>\n<li>umo\u017e\u0148uje namontovat malou ovl\u00e1dac\u00ed sk\u0159\u00ed\u0148ku na po\u017eadovan\u00e9 m\u00edsto<\/li>\n<li>pro snadn\u00e9 diskr\u00e9tn\u00ed ovl\u00e1d\u00e1n\u00ed funkce ztlumen\u00ed zvuku.<\/li>\n<\/ul>\n","protected":false},"featured_media":3935,"comment_status":"open","ping_status":"closed","template":"","meta":{"_kad_blocks_custom_css":"","_kad_blocks_head_custom_js":"","_kad_blocks_body_custom_js":"","_kad_blocks_footer_custom_js":"","_kad_post_transparent":"","_kad_post_title":"","_kad_post_layout":"","_kad_post_sidebar_id":"","_kad_post_content_style":"","_kad_post_vertical_padding":"","_kad_post_feature":"","_kad_post_feature_position":"","_kad_post_header":false,"_kad_post_footer":false,"_kad_post_classname":""},"product_brand":[],"product_cat":[308],"product_tag":[],"class_list":{"0":"post-5124","1":"product","2":"type-product","3":"status-publish","4":"has-post-thumbnail","6":"product_cat-prislusenstvi","8":"first","9":"instock","10":"taxable","11":"shipping-taxable","12":"purchasable","13":"product-type-simple","14":"entry","15":"content-bg","16":"loop-entry"},"taxonomy_info":{"product_cat":[{"value":308,"label":"P\u0159\u00edslu\u0161enstv\u00ed"}]},"featured_image_src_large":["https:\/\/i0.wp.com\/unidenradar.eu\/wp-content\/uploads\/2022\/12\/uniden-hardwire-kit-R4-R8.png?fit=724%2C492&ssl=1",724,492,true],"author_info":[],"comment_info":0,"_links":{"self":[{"href":"https:\/\/unidenradar.eu\/cs\/wp-json\/wp\/v2\/product\/5124","targetHints":{"allow":["GET"]}}],"collection":[{"href":"https:\/\/unidenradar.eu\/cs\/wp-json\/wp\/v2\/product"}],"about":[{"href":"https:\/\/unidenradar.eu\/cs\/wp-json\/wp\/v2\/types\/product"}],"replies":[{"embeddable":true,"href":"https:\/\/unidenradar.eu\/cs\/wp-json\/wp\/v2\/comments?post=5124"}],"wp:featuredmedia":[{"embeddable":true,"href":"https:\/\/unidenradar.eu\/cs\/wp-json\/wp\/v2\/media\/3935"}],"wp:attachment":[{"href":"https:\/\/unidenradar.eu\/cs\/wp-json\/wp\/v2\/media?parent=5124"}],"wp:term":[{"taxonomy":"product_brand","embeddable":true,"href":"https:\/\/unidenradar.eu\/cs\/wp-json\/wp\/v2\/product_brand?post=5124"},{"taxonomy":"product_cat","embeddable":true,"href":"https:\/\/unidenradar.eu\/cs\/wp-json\/wp\/v2\/product_cat?post=5124"},{"taxonomy":"product_tag","embeddable":true,"href":"https:\/\/unidenradar.eu\/cs\/wp-json\/wp\/v2\/product_tag?post=5124"}],"curies":[{"name":"wp","href":"https:\/\/api.w.org\/{rel}","templated":true}]}}