{"id":5118,"date":"2022-11-22T17:04:02","date_gmt":"2022-11-22T16:04:02","guid":{"rendered":"https:\/\/unidenradar.eu\/product\/europa-lifetime-radar-poi-opdateringer-uniden-r8-uniden-r4-international\/"},"modified":"2022-12-22T17:04:02","modified_gmt":"2022-12-22T16:04:02","slug":"europa-lifetime-radar-poi-opdateringer-uniden-r8-uniden-r4-international","status":"publish","type":"product","link":"https:\/\/unidenradar.eu\/da\/vare\/europa-lifetime-radar-poi-opdateringer-uniden-r8-uniden-r4-international\/","title":{"rendered":"Europa Lifetime Radar POI opdateringer Uniden R8 &#038; UNIDEN R4 INTERNATIONAL"},"content":{"rendered":"<p>Europ\u00e6isk POI-database Lifetime opdateringer til Uniden R4 &amp; R8 for ikke-europ\u00e6iske versioner<\/p>\n<h2>UNIDEN RADAR EU-databasen omfatter:<\/h2>\n<ul>\n<li>Radarkameraer med fast hastighed<\/li>\n<li>Kameraer til r\u00f8dt lys<\/li>\n<li>Hyppige mobile hastighedskontrolomr\u00e5der<\/li>\n<li>Afstandskontroller<\/li>\n<\/ul>\n<h3>Databasen omfatter f\u00f8lgende europ\u00e6iske lande:<\/h3>\n<ul>\n<li style=\"list-style-type: none;\">\n<ul class=\"column\">\n<li>Albanien<br \/>\nAndorra<br \/>\nArmenien<br \/>\n\u00d8strig<br \/>\nAserbajdsjan<br \/>\nHviderusland<br \/>\nBelgien<br \/>\nBosnien og Hercegovina<br \/>\nBulgarien<br \/>\nKroatien<br \/>\nCypern<br \/>\nTjekkiet<br \/>\nDanmark<br \/>\nEstland<br \/>\nFinland<br \/>\nFrankrig<br \/>\nGeorgien<br \/>\nTyskland<br \/>\nGr\u00e6kenland<br \/>\nUngarn<br \/>\nIsland<br \/>\nIrland<br \/>\nItalien<br \/>\nKasakhstan<br \/>\nKosovo<br \/>\nLetland<br \/>\nLiechtenstein<br \/>\nLitauen<br \/>\nLuxembourg<br \/>\nMalta<br \/>\nMoldova<br \/>\nMonaco<br \/>\nMontenegro<br \/>\nNederlandene<br \/>\nNordmakedonien<br \/>\nNorge<br \/>\nPolen<br \/>\nPortugal<br \/>\nRum\u00e6nien<br \/>\nRusland<br \/>\nSan Marino<br \/>\nSerbien<br \/>\nSlovakiet<br \/>\nSlovenien<br \/>\nSpanien<br \/>\nSverige<br \/>\nSchweiz<br \/>\nTyrkiet<br \/>\nUkraine<br \/>\nDet Forenede Kongerige (UK)<br \/>\nVatikanstaten (Den Hellige Stol)<\/li>\n<\/ul>\n<\/li>\n<\/ul>\n","protected":false},"excerpt":{"rendered":"<p>Europ\u00e6isk POI-database Lifetime opdateringer til Uniden R4 &amp; R8 for ikke-europ\u00e6iske versioner UNIDEN RADAR EU-databasen omfatter: Radarkameraer med fast hastighed Kameraer til r\u00f8dt lys Hyppige mobile hastighedskontrolomr\u00e5der Afstandskontroller Databasen omfatter f\u00f8lgende europ\u00e6iske lande: Albanien Andorra Armenien \u00d8strig Aserbajdsjan Hviderusland Belgien Bosnien og Hercegovina Bulgarien Kroatien Cypern Tjekkiet Danmark Estland Finland Frankrig Georgien Tyskland Gr\u00e6kenland Ungarn&#8230;<\/p>\n","protected":false},"featured_media":3915,"comment_status":"open","ping_status":"closed","template":"","meta":{"_kad_blocks_custom_css":"","_kad_blocks_head_custom_js":"","_kad_blocks_body_custom_js":"","_kad_blocks_footer_custom_js":"","_kad_post_transparent":"","_kad_post_title":"","_kad_post_layout":"","_kad_post_sidebar_id":"","_kad_post_content_style":"","_kad_post_vertical_padding":"","_kad_post_feature":"","_kad_post_feature_position":"","_kad_post_header":false,"_kad_post_footer":false,"_kad_post_classname":""},"product_brand":[],"product_cat":[298,309],"product_tag":[],"class_list":{"0":"post-5118","1":"product","2":"type-product","3":"status-publish","4":"has-post-thumbnail","6":"product_cat-bestsellere","7":"product_cat-tilbehor","9":"first","10":"outofstock","11":"downloadable","12":"virtual","13":"sold-individually","14":"taxable","15":"purchasable","16":"product-type-simple","17":"entry","18":"content-bg","19":"loop-entry"},"taxonomy_info":{"product_cat":[{"value":298,"label":"Bestsellere"},{"value":309,"label":"Tilbeh\u00f8r"}]},"featured_image_src_large":["https:\/\/i0.wp.com\/unidenradar.eu\/wp-content\/uploads\/2022\/12\/pexels-matheus-bertelli-13871025-edited-scaled.jpg?fit=1024%2C768&ssl=1",1024,768,true],"author_info":[],"comment_info":0,"_links":{"self":[{"href":"https:\/\/unidenradar.eu\/da\/wp-json\/wp\/v2\/product\/5118","targetHints":{"allow":["GET"]}}],"collection":[{"href":"https:\/\/unidenradar.eu\/da\/wp-json\/wp\/v2\/product"}],"about":[{"href":"https:\/\/unidenradar.eu\/da\/wp-json\/wp\/v2\/types\/product"}],"replies":[{"embeddable":true,"href":"https:\/\/unidenradar.eu\/da\/wp-json\/wp\/v2\/comments?post=5118"}],"wp:featuredmedia":[{"embeddable":true,"href":"https:\/\/unidenradar.eu\/da\/wp-json\/wp\/v2\/media\/3915"}],"wp:attachment":[{"href":"https:\/\/unidenradar.eu\/da\/wp-json\/wp\/v2\/media?parent=5118"}],"wp:term":[{"taxonomy":"product_brand","embeddable":true,"href":"https:\/\/unidenradar.eu\/da\/wp-json\/wp\/v2\/product_brand?post=5118"},{"taxonomy":"product_cat","embeddable":true,"href":"https:\/\/unidenradar.eu\/da\/wp-json\/wp\/v2\/product_cat?post=5118"},{"taxonomy":"product_tag","embeddable":true,"href":"https:\/\/unidenradar.eu\/da\/wp-json\/wp\/v2\/product_tag?post=5118"}],"curies":[{"name":"wp","href":"https:\/\/api.w.org\/{rel}","templated":true}]}}