{"id":4060,"date":"2022-12-28T13:04:39","date_gmt":"2022-12-28T12:04:39","guid":{"rendered":"https:\/\/unidenradar.eu\/product\/uniden-r8-europe-extreme-long-range-radar-laser-detector\/"},"modified":"2026-03-09T23:36:26","modified_gmt":"2026-03-09T22:36:26","slug":"uniden-r8-europe-radarwarner-laser-detector","status":"publish","type":"product","link":"https:\/\/unidenradar.eu\/de\/produkt\/uniden-r8-europe-radarwarner-laser-detector\/","title":{"rendered":"UNIDEN R8 Europe Extreme Longrange Radarwarner \/ Laser Detektor"},"content":{"rendered":"<div style=\"width: 1290px;\" class=\"wp-video\"><video class=\"wp-video-shortcode\" id=\"video-4060-1\" width=\"1290\" height=\"726\" preload=\"metadata\" controls=\"controls\"><source type=\"video\/mp4\" src=\"https:\/\/unidenradar.eu\/wp-content\/uploads\/2023\/01\/Uniden_Radar_R8_video.mp4?_=1\" \/><a href=\"https:\/\/unidenradar.eu\/wp-content\/uploads\/2023\/01\/Uniden_Radar_R8_video.mp4\">https:\/\/unidenradar.eu\/wp-content\/uploads\/2023\/01\/Uniden_Radar_R8_video.mp4<\/a><\/video><\/div>\n<p>&nbsp;<\/p>\n<div class=\"list-row\">\n<p class=\"product-description\"><strong>Uniden R8 Europe Extrem weitreichender dualer Radarwarner und Laserdetektor<\/strong> mit eingebautem GPS und EU-Datenbank von Uniden. Mit dem Uniden R8 k\u00f6nnen Sie geografische Punkte markieren, an denen Sie h\u00e4ufig auf Radar\u00fcbertragungen sto\u00dfen. Dies k\u00f6nnen Schulzonen, Rotlichtkameras und Orte sein, an denen die Polizei h\u00e4ufig den Verkehr \u00fcberwacht. Sie k\u00f6nnen diese Punkte so markieren, dass die Sprachmeldung des R3 Radarwarners &#8222;Benutzermarkierung voraus&#8220; anzeigt, wenn Sie sich n\u00e4hern. Die Sprachbenachrichtigung informiert den Benutzer dar\u00fcber, welche Art von Radar erkannt wird (Rotlicht, Geschwindigkeit usw.). Es werden sogar die Richtung, das Frequenzband und die Signalst\u00e4rke f\u00fcr jedes Radarger\u00e4t angezeigt. Jetzt als offizielle europ\u00e4ische Version mit EU-Datenbank erh\u00e4ltlich.<\/p>\n<\/div>\n<h3 class=\"list-row\">Merkmale der Uniden R8-Serie<\/h3>\n<div class=\"list-row\">\n<ul>\n<li>Radarwarnung &amp; Laser-Erkennung mit extrem gro\u00dfer Reichweite<\/li>\n<li>MRCD\/MRCT (Warnpriorit\u00e4t: Laser, MRCD, Ka, K, X) mit anpassbaren T\u00f6nen<\/li>\n<li>Zwei Antennen zeigen die Laserrichtung an<\/li>\n<li>Sprachbenachrichtigungen<\/li>\n<li>Radarbandfrequenz-Anzeigen<\/li>\n<li>GPS f\u00fcr Standorte von Rotlicht- und Radarkameras (Europa)<\/li>\n<li>Bis zu 2.000 GPS-Sperren<\/li>\n<li>Leicht ablesbares OLED-Display<\/li>\n<li>Benutzermarkierungssatz und Sprachbenachrichtigung<\/li>\n<li>Erweiterte K- und Ka-Band-Filter<\/li>\n<li>Spectre I und IV nicht nachweisbar<\/li>\n<li>Anzeige der Signalst\u00e4rke und der Batteriespannung des Fahrzeugs<\/li>\n<li>Max. Geschwindigkeitswarnsystem<\/li>\n<li>L\u00f6schen von Rotlicht-Kamerapunkten<\/li>\n<li>X-, K-, MRCD-, Ka- und Laser-Band w\u00e4hlbare Warnt\u00f6ne<\/li>\n<li>Bogey-Ton (Warnt\u00f6ne 1 &#8211; 5)<\/li>\n<li>Benutzerdefinierte Empfindlichkeitsstufen f\u00fcr X-, K- und Ka-Band<\/li>\n<li>Automatische Stummschaltung der Lautst\u00e4rke (Aus, Ein: 0 &#8211; 5)<\/li>\n<li>Ka-Frequenz-Sprachalarm<\/li>\n<li>Automatisch dimmen<\/li>\n<li>\u00dcbergeschwindigkeitsalarm Stummschaltung<\/li>\n<li>Radarpfeile zeigen an, aus welcher Richtung die Bedrohung kommt<\/li>\n<li>360\u00b0 Laser-Erkennung<\/li>\n<li>Gro\u00dfes, ultrahelles OLED-Display f\u00fcr Tag und Nacht<\/li>\n<li>GPS-Rotlichtkamera-Erkennung<\/li>\n<li>50% schnellerer Prozessor<\/li>\n<\/ul>\n<\/div>\n<p><img data-recalc-dims=\"1\" loading=\"lazy\" decoding=\"async\" class=\"alignright wp-image-1189\" src=\"https:\/\/i0.wp.com\/unidenradar.eu\/wp-content\/uploads\/2022\/12\/Uniden-R8-GROUP.webp?resize=638%2C491&#038;ssl=1\" alt=\"\" width=\"638\" height=\"491\" srcset=\"https:\/\/i0.wp.com\/unidenradar.eu\/wp-content\/uploads\/2022\/12\/Uniden-R8-GROUP-scaled.webp?resize=1024%2C788&amp;ssl=1 1024w, https:\/\/i0.wp.com\/unidenradar.eu\/wp-content\/uploads\/2022\/12\/Uniden-R8-GROUP-scaled.webp?resize=300%2C231&amp;ssl=1 300w, https:\/\/i0.wp.com\/unidenradar.eu\/wp-content\/uploads\/2022\/12\/Uniden-R8-GROUP-scaled.webp?resize=768%2C591&amp;ssl=1 768w, https:\/\/i0.wp.com\/unidenradar.eu\/wp-content\/uploads\/2022\/12\/Uniden-R8-GROUP-scaled.webp?resize=1536%2C1183&amp;ssl=1 1536w, https:\/\/i0.wp.com\/unidenradar.eu\/wp-content\/uploads\/2022\/12\/Uniden-R8-GROUP-scaled.webp?resize=2048%2C1577&amp;ssl=1 2048w, https:\/\/i0.wp.com\/unidenradar.eu\/wp-content\/uploads\/2022\/12\/Uniden-R8-GROUP-scaled.webp?resize=600%2C462&amp;ssl=1 600w\" sizes=\"auto, (max-width: 638px) 100vw, 638px\" \/><\/p>\n<h3>Was ist in der Box?<\/h3>\n<div class=\"list-row\">\n<ul>\n<li>Unide R8 Radarwarner<\/li>\n<li>12V DC Stromkabel mit RJ11 Stecker<\/li>\n<li>Halterung f\u00fcr die Windschutzscheibe (1 Saugnapf)<\/li>\n<li>Halterung f\u00fcr die Windschutzscheibe (2 Saugn\u00e4pfe)<\/li>\n<li>Neopren-H\u00fclle<\/li>\n<li>Tragetasche<\/li>\n<li>USB-Kabel<\/li>\n<li>Klettband<\/li>\n<li>Benutzerhandbuch<\/li>\n<\/ul>\n<h3>Uniden User Manual<\/h3>\n<p>Uniden R8 Bedienungsanleitung (PDF): <a style=\"font-family: var(--global-body-font-family);\" href=\"https:\/\/unidenradar.eu\/wp-content\/uploads\/2022\/12\/Uniden_R8-manual-EN.pdf\">Uniden_R8 manual EN<\/a><\/p>\n<\/div>\n","protected":false},"excerpt":{"rendered":"<p>Der brandneue Uniden R8 EU Radarwarner ist die neueste Erg\u00e4nzung der meistdiskutierten Radarwarner-Serie der Branche. Seine Doppelantenne erm\u00f6glicht es dem R8, Bedrohungen aus allen 4 Richtungen zu erkennen, mit Sprachwarnungen f\u00fcr die Richtung der Bedrohung. Er zeigt sogar die Richtung, das Band und die Signalst\u00e4rke f\u00fcr jede Richtung an. Perfekt ist jetzt noch besser. Jetzt auch als europ\u00e4ische Version erh\u00e4ltlich.<\/p>\n","protected":false},"featured_media":3353,"comment_status":"open","ping_status":"closed","template":"","meta":{"_kad_blocks_custom_css":"","_kad_blocks_head_custom_js":"","_kad_blocks_body_custom_js":"","_kad_blocks_footer_custom_js":"","_kad_post_transparent":"default","_kad_post_title":"","_kad_post_layout":"default","_kad_post_sidebar_id":"","_kad_post_content_style":"default","_kad_post_vertical_padding":"default","_kad_post_feature":"","_kad_post_feature_position":"","_kad_post_header":false,"_kad_post_footer":false,"_kad_post_classname":""},"product_brand":[],"product_cat":[145,146],"product_tag":[148],"class_list":{"0":"post-4060","1":"product","2":"type-product","3":"status-publish","4":"has-post-thumbnail","6":"product_cat-bestseller-de","7":"product_cat-radarwarner","8":"product_tag-uniden-r8-de","10":"first","11":"onbackorder","12":"taxable","13":"shipping-taxable","14":"purchasable","15":"product-type-simple","16":"entry","17":"content-bg","18":"loop-entry"},"taxonomy_info":{"product_cat":[{"value":145,"label":"Bestseller"},{"value":146,"label":"Radarwarner"}],"product_tag":[{"value":148,"label":"Uniden R8"}]},"featured_image_src_large":["https:\/\/i0.wp.com\/unidenradar.eu\/wp-content\/uploads\/2022\/12\/Uniden-R8-radar-detector-High-FRONT.webp?fit=1024%2C777&ssl=1",1024,777,true],"author_info":[],"comment_info":0,"_links":{"self":[{"href":"https:\/\/unidenradar.eu\/de\/wp-json\/wp\/v2\/product\/4060","targetHints":{"allow":["GET"]}}],"collection":[{"href":"https:\/\/unidenradar.eu\/de\/wp-json\/wp\/v2\/product"}],"about":[{"href":"https:\/\/unidenradar.eu\/de\/wp-json\/wp\/v2\/types\/product"}],"replies":[{"embeddable":true,"href":"https:\/\/unidenradar.eu\/de\/wp-json\/wp\/v2\/comments?post=4060"}],"wp:featuredmedia":[{"embeddable":true,"href":"https:\/\/unidenradar.eu\/de\/wp-json\/wp\/v2\/media\/3353"}],"wp:attachment":[{"href":"https:\/\/unidenradar.eu\/de\/wp-json\/wp\/v2\/media?parent=4060"}],"wp:term":[{"taxonomy":"product_brand","embeddable":true,"href":"https:\/\/unidenradar.eu\/de\/wp-json\/wp\/v2\/product_brand?post=4060"},{"taxonomy":"product_cat","embeddable":true,"href":"https:\/\/unidenradar.eu\/de\/wp-json\/wp\/v2\/product_cat?post=4060"},{"taxonomy":"product_tag","embeddable":true,"href":"https:\/\/unidenradar.eu\/de\/wp-json\/wp\/v2\/product_tag?post=4060"}],"curies":[{"name":"wp","href":"https:\/\/api.w.org\/{rel}","templated":true}]}}