{"id":4712,"date":"2022-11-22T17:04:02","date_gmt":"2022-11-22T16:04:02","guid":{"rendered":"https:\/\/unidenradar.eu\/product\/europe-lifetime-radar-poi-updates-uniden-r8-uniden-r4-international\/"},"modified":"2023-01-16T17:25:00","modified_gmt":"2023-01-16T16:25:00","slug":"europe-lifetime-radar-poi-updates-uniden-r8-uniden-r4-international","status":"publish","type":"product","link":"https:\/\/unidenradar.eu\/de\/produkt\/europe-lifetime-radar-poi-updates-uniden-r8-uniden-r4-international\/","title":{"rendered":"Europa Lifetime Radar POI Updates Uniden R8 &#038; UNIDEN R4 INTERNATIONAL"},"content":{"rendered":"<p>Europ\u00e4ische POI-Radar Datenbank Lebenslange Updates f\u00fcr Uniden R4 &amp; R8 f\u00fcr nicht-europ\u00e4ische Versionen<\/p>\n<h2>UNIDEN RADAR EU-DATENBANK UMFASST:<\/h2>\n<ul>\n<li>Fest installierte Radarkameras<\/li>\n<li>Rotlichtkameras<\/li>\n<li>H\u00e4ufige Bereiche mit mobilen Geschwindigkeitskontrollen<\/li>\n<li>Abstandskontrollen<\/li>\n<\/ul>\n<h3>DIE DATENBANK ENTH\u00c4LT FOLGENDE EUROP\u00c4ISCHE L\u00c4NDER:<\/h3>\n<p>Albanien<br \/>\nAndorra<br \/>\nArmenien<br \/>\n\u00d6sterreich<br \/>\nAserbaidschan<br \/>\nWei\u00dfrussland<br \/>\nBelgien<br \/>\nBosnien und Herzegowina<br \/>\nBulgarien<br \/>\nKroatien<br \/>\nZypern<br \/>\nTschechien<br \/>\nD\u00e4nemark<br \/>\nEstland<br \/>\nFinnland<br \/>\nFrankreich<br \/>\nGeorgia<br \/>\nDeutschland<br \/>\nGriechenland<br \/>\nUngarn<br \/>\nIsland<br \/>\nIrland<br \/>\nItalien<br \/>\nKasachstan<br \/>\nKosovo<br \/>\nLettland<br \/>\nLiechtenstein<br \/>\nLitauen<br \/>\nLuxemburg<br \/>\nMalta<br \/>\nMoldawien<br \/>\nMonaco<br \/>\nMontenegro<br \/>\nNiederlande<br \/>\nNordmazedonien<br \/>\nNorwegen<br \/>\nPolen<br \/>\nPortugal<br \/>\nRum\u00e4nien<br \/>\nRussland<br \/>\nSan Marino<br \/>\nSerbien<br \/>\nSlowakei<br \/>\nSlowenien<br \/>\nSpanien<br \/>\nSchweden<br \/>\nSchweiz<br \/>\nTruthahn<br \/>\nUkraine<br \/>\nVereinigtes K\u00f6nigreich (Vereinigtes K\u00f6nigreich)<br \/>\nVatikanstadt<\/p>\n","protected":false},"excerpt":{"rendered":"<p>Europ\u00e4ische POI-Radar Datenbank Lebenslange Updates f\u00fcr Uniden R4 &amp; R8 f\u00fcr nicht-europ\u00e4ische Versionen UNIDEN RADAR EU-DATENBANK UMFASST: Fest installierte Radarkameras Rotlichtkameras H\u00e4ufige Bereiche mit mobilen Geschwindigkeitskontrollen Abstandskontrollen DIE DATENBANK ENTH\u00c4LT FOLGENDE EUROP\u00c4ISCHE L\u00c4NDER: Albanien Andorra Armenien \u00d6sterreich Aserbaidschan Wei\u00dfrussland Belgien Bosnien und Herzegowina Bulgarien Kroatien Zypern Tschechien D\u00e4nemark Estland Finnland Frankreich Georgia Deutschland Griechenland Ungarn&#8230;<\/p>\n","protected":false},"featured_media":3920,"comment_status":"open","ping_status":"closed","template":"","meta":{"_kad_blocks_custom_css":"","_kad_blocks_head_custom_js":"","_kad_blocks_body_custom_js":"","_kad_blocks_footer_custom_js":"","_kad_post_transparent":"","_kad_post_title":"","_kad_post_layout":"","_kad_post_sidebar_id":"","_kad_post_content_style":"","_kad_post_vertical_padding":"","_kad_post_feature":"","_kad_post_feature_position":"","_kad_post_header":false,"_kad_post_footer":false,"_kad_post_classname":""},"product_brand":[],"product_cat":[145,258],"product_tag":[],"class_list":{"0":"post-4712","1":"product","2":"type-product","3":"status-publish","4":"has-post-thumbnail","6":"product_cat-bestseller-de","7":"product_cat-zubehoer","9":"first","10":"outofstock","11":"downloadable","12":"virtual","13":"sold-individually","14":"taxable","15":"purchasable","16":"product-type-simple","17":"entry","18":"content-bg","19":"loop-entry"},"taxonomy_info":{"product_cat":[{"value":145,"label":"Bestseller"},{"value":258,"label":"Zubeh\u00f6r"}]},"featured_image_src_large":["https:\/\/i0.wp.com\/unidenradar.eu\/wp-content\/uploads\/2022\/12\/pexels-matheus-bertelli-13871025-edited-scaled.jpg?fit=1024%2C768&ssl=1",1024,768,true],"author_info":[],"comment_info":0,"_links":{"self":[{"href":"https:\/\/unidenradar.eu\/de\/wp-json\/wp\/v2\/product\/4712","targetHints":{"allow":["GET"]}}],"collection":[{"href":"https:\/\/unidenradar.eu\/de\/wp-json\/wp\/v2\/product"}],"about":[{"href":"https:\/\/unidenradar.eu\/de\/wp-json\/wp\/v2\/types\/product"}],"replies":[{"embeddable":true,"href":"https:\/\/unidenradar.eu\/de\/wp-json\/wp\/v2\/comments?post=4712"}],"wp:featuredmedia":[{"embeddable":true,"href":"https:\/\/unidenradar.eu\/de\/wp-json\/wp\/v2\/media\/3920"}],"wp:attachment":[{"href":"https:\/\/unidenradar.eu\/de\/wp-json\/wp\/v2\/media?parent=4712"}],"wp:term":[{"taxonomy":"product_brand","embeddable":true,"href":"https:\/\/unidenradar.eu\/de\/wp-json\/wp\/v2\/product_brand?post=4712"},{"taxonomy":"product_cat","embeddable":true,"href":"https:\/\/unidenradar.eu\/de\/wp-json\/wp\/v2\/product_cat?post=4712"},{"taxonomy":"product_tag","embeddable":true,"href":"https:\/\/unidenradar.eu\/de\/wp-json\/wp\/v2\/product_tag?post=4712"}],"curies":[{"name":"wp","href":"https:\/\/api.w.org\/{rel}","templated":true}]}}