{"id":4727,"date":"2022-10-20T19:35:07","date_gmt":"2022-10-20T17:35:07","guid":{"rendered":"https:\/\/unidenradar.eu\/product\/hardwire-kit-fur-uniden-r4-r8-radarwarner\/"},"modified":"2022-12-20T19:35:07","modified_gmt":"2022-12-20T18:35:07","slug":"hardwire-kit-fur-uniden-r4-r8-radarwarner","status":"publish","type":"product","link":"https:\/\/unidenradar.eu\/de\/produkt\/hardwire-kit-fur-uniden-r4-r8-radarwarner\/","title":{"rendered":"HARDWIRE KIT f\u00fcr Uniden R4 &#038; R8 Radarwarner"},"content":{"rendered":"<p>Mit dem Uniden RDA-HDWKT Radarwarner-Direktverkabelungs-Kit mit ferngesteuerter Stummschalttaste k\u00f6nnen Sie Ihren kompatiblen Uniden Radarwarner direkt in den Sicherungskasten Ihres Fahrzeugs verkabeln. So k\u00f6nnen Sie die kleine Steuereinheit dort anbringen, wo Sie es w\u00fcnschen, um die Stummschaltfunktion einfach und diskret zu steuern.<\/p>\n","protected":false},"excerpt":{"rendered":"<ul>\n<li>Radarwarner Kabel Kit<\/li>\n<li>mit ferngesteuerter Stummschalttaste<\/li>\n<li>kompatibel mit Uniden R4 &amp; R8 Radarwarner<\/li>\n<li>erm\u00f6glicht es Ihnen, die kleine Kontrollbox an der gew\u00fcnschten Stelle zu montieren<\/li>\n<li>zur einfachen und diskreten Steuerung der Mute-Funktion<\/li>\n<\/ul>\n","protected":false},"featured_media":3941,"comment_status":"open","ping_status":"closed","template":"","meta":{"_kad_blocks_custom_css":"","_kad_blocks_head_custom_js":"","_kad_blocks_body_custom_js":"","_kad_blocks_footer_custom_js":"","_kad_post_transparent":"","_kad_post_title":"","_kad_post_layout":"","_kad_post_sidebar_id":"","_kad_post_content_style":"","_kad_post_vertical_padding":"","_kad_post_feature":"","_kad_post_feature_position":"","_kad_post_header":false,"_kad_post_footer":false,"_kad_post_classname":""},"product_brand":[],"product_cat":[258],"product_tag":[],"class_list":{"0":"post-4727","1":"product","2":"type-product","3":"status-publish","4":"has-post-thumbnail","6":"product_cat-zubehoer","8":"first","9":"instock","10":"taxable","11":"shipping-taxable","12":"purchasable","13":"product-type-simple","14":"entry","15":"content-bg","16":"loop-entry"},"taxonomy_info":{"product_cat":[{"value":258,"label":"Zubeh\u00f6r"}]},"featured_image_src_large":["https:\/\/i0.wp.com\/unidenradar.eu\/wp-content\/uploads\/2022\/12\/uniden-hardwire-kit-R4-R8.png?fit=724%2C492&ssl=1",724,492,true],"author_info":[],"comment_info":0,"_links":{"self":[{"href":"https:\/\/unidenradar.eu\/de\/wp-json\/wp\/v2\/product\/4727","targetHints":{"allow":["GET"]}}],"collection":[{"href":"https:\/\/unidenradar.eu\/de\/wp-json\/wp\/v2\/product"}],"about":[{"href":"https:\/\/unidenradar.eu\/de\/wp-json\/wp\/v2\/types\/product"}],"replies":[{"embeddable":true,"href":"https:\/\/unidenradar.eu\/de\/wp-json\/wp\/v2\/comments?post=4727"}],"wp:featuredmedia":[{"embeddable":true,"href":"https:\/\/unidenradar.eu\/de\/wp-json\/wp\/v2\/media\/3941"}],"wp:attachment":[{"href":"https:\/\/unidenradar.eu\/de\/wp-json\/wp\/v2\/media?parent=4727"}],"wp:term":[{"taxonomy":"product_brand","embeddable":true,"href":"https:\/\/unidenradar.eu\/de\/wp-json\/wp\/v2\/product_brand?post=4727"},{"taxonomy":"product_cat","embeddable":true,"href":"https:\/\/unidenradar.eu\/de\/wp-json\/wp\/v2\/product_cat?post=4727"},{"taxonomy":"product_tag","embeddable":true,"href":"https:\/\/unidenradar.eu\/de\/wp-json\/wp\/v2\/product_tag?post=4727"}],"curies":[{"name":"wp","href":"https:\/\/api.w.org\/{rel}","templated":true}]}}