{"id":5008,"date":"2022-12-21T18:11:50","date_gmt":"2022-12-21T17:11:50","guid":{"rendered":"https:\/\/unidenradar.eu\/product\/uniden-r4-europe-detector-de-radar-laser-de-largo-alcance\/"},"modified":"2025-06-21T00:34:53","modified_gmt":"2025-06-20T22:34:53","slug":"uniden-r4-europe-detector-de-radar-laser-de-largo-alcance","status":"publish","type":"product","link":"https:\/\/unidenradar.eu\/es\/producto\/uniden-r4-europe-detector-de-radar-laser-de-largo-alcance\/","title":{"rendered":"UNIDEN R4 Europe &#8211; Detector de radar\/l\u00e1ser de largo alcance"},"content":{"rendered":"<p class=\"product-description\"><strong>El nuevo detector de radar Uniden R4 Europe Long Range<\/strong> con una plataforma 2022 completamente nueva y un alcance mucho mayor y, por lo tanto, una alerta anticipada a\u00fan mejor para radares y c\u00e1maras de velocidad. el R4 tiene una nueva funci\u00f3n de memoria Auto Mute que excluye autom\u00e1ticamente las falsas alarmas a trav\u00e9s del GPS. El R4 tambi\u00e9n cuenta con el mejor filtro de banda K del mercado, con el menor n\u00famero de falsos positivos de monitores de \u00e1ngulo muerto y sensores de banda K.<\/p>\n<p>&nbsp;<\/p>\n<div style=\"width: 1200px;\" class=\"wp-video\"><video class=\"wp-video-shortcode\" id=\"video-5008-1\" width=\"1200\" height=\"580\" preload=\"metadata\" controls=\"controls\"><source type=\"video\/mp4\" src=\"https:\/\/unidenradar.eu\/wp-content\/uploads\/2022\/12\/Uniden_R4_radar_detector.mp4?_=1\" \/><a href=\"https:\/\/unidenradar.eu\/wp-content\/uploads\/2022\/12\/Uniden_R4_radar_detector.mp4\">https:\/\/unidenradar.eu\/wp-content\/uploads\/2022\/12\/Uniden_R4_radar_detector.mp4<\/a><\/video><\/div>\n<p>&nbsp;<\/p>\n<h3 class=\"product-description\">Descripci\u00f3n del producto Uniden R4<\/h3>\n<ul>\n<li>Detecci\u00f3n de radar l\u00e1ser de alcance extremo<\/li>\n<li>Dise\u00f1o de dos LNA (amplificadores de bajo ruido)<\/li>\n<li>Procesador digital de se\u00f1ales<\/li>\n<li>GPS integrado para localizar radares de sem\u00e1foro en rojo y de velocidad (EUROPA)<\/li>\n<li>Pantalla OLED multicolor ultrabrillante y de f\u00e1cil lectura<\/li>\n<li>MRCD \/ MRCT (prioridad de aviso: L\u00e1ser, MRCD, Ka, K, X) con tonos personalizables<\/li>\n<li>Aviso de radares de sem\u00e1foro en rojo<\/li>\n<li>Aviso de radares de tr\u00e1fico<\/li>\n<li>Memoria de silenciamiento autom\u00e1tico: bloquea<\/li>\n<li>autom\u00e1ticamente las posiciones de aviso incorrectas<\/li>\n<li>Filtros avanzados de banda K \/ KA<\/li>\n<li><img data-recalc-dims=\"1\" loading=\"lazy\" decoding=\"async\" class=\"alignright wp-image-1260\" src=\"https:\/\/i0.wp.com\/unidenradar.eu\/wp-content\/uploads\/2022\/12\/Uniden-R4-GROUP.webp?resize=629%2C587&#038;ssl=1\" alt=\"\" width=\"629\" height=\"587\" srcset=\"https:\/\/i0.wp.com\/unidenradar.eu\/wp-content\/uploads\/2022\/12\/Uniden-R4-GROUP.webp?resize=1024%2C956&amp;ssl=1 1024w, https:\/\/i0.wp.com\/unidenradar.eu\/wp-content\/uploads\/2022\/12\/Uniden-R4-GROUP.webp?resize=300%2C280&amp;ssl=1 300w, https:\/\/i0.wp.com\/unidenradar.eu\/wp-content\/uploads\/2022\/12\/Uniden-R4-GROUP.webp?resize=768%2C717&amp;ssl=1 768w, https:\/\/i0.wp.com\/unidenradar.eu\/wp-content\/uploads\/2022\/12\/Uniden-R4-GROUP.webp?resize=1536%2C1434&amp;ssl=1 1536w, https:\/\/i0.wp.com\/unidenradar.eu\/wp-content\/uploads\/2022\/12\/Uniden-R4-GROUP.webp?resize=600%2C560&amp;ssl=1 600w, https:\/\/i0.wp.com\/unidenradar.eu\/wp-content\/uploads\/2022\/12\/Uniden-R4-GROUP.webp?w=1714&amp;ssl=1 1714w\" sizes=\"auto, (max-width: 629px) 100vw, 629px\" \/>Notificaciones de voz<\/li>\n<li>Detecci\u00f3n GATSO<\/li>\n<li>Quiet Ride (silenciamiento autom\u00e1tico a velocidad)<\/li>\n<li>Atenuaci\u00f3n autom\u00e1tica<\/li>\n<li>Tono Bogey, personalizable, avisos<\/li>\n<li>Visualizaci\u00f3n de frecuencia de banda de radar (velocidad actual, voltaje de la bater\u00eda, altitud, reloj)<\/li>\n<li>Identificaci\u00f3n l\u00e1ser<\/li>\n<li>No encuentra Specter Elite<\/li>\n<li>Sistema de aviso de velocidad MAX<\/li>\n<li>Incluye soporte de ventosa (simple y doble), cable de datos y teclado remoto (accesorio opcional)<\/li>\n<li>Firmware actualizable<\/li>\n<\/ul>\n<h3>Contenido de la caja<\/h3>\n<ul>\n<li class=\"sc-jlRLRk lnBKsu pf-103_\" data-pf-type=\"List.Item\"><span style=\"font-family: var(--global-body-font-family);\">Detector de radar UNIDEN R4<br \/>\n<\/span><\/li>\n<li class=\"sc-jlRLRk lnBKsu pf-103_\" data-pf-type=\"List.Item\"><span style=\"font-family: var(--global-body-font-family);\">Cable de alimentaci\u00f3n de 12 V CC con conector RJ11<br \/>\n<\/span><\/li>\n<li class=\"sc-jlRLRk lnBKsu pf-103_\" data-pf-type=\"List.Item\"><span style=\"font-family: var(--global-body-font-family);\">Soporte para montaje en parabrisas (1 ventosa)<br \/>\n<\/span><\/li>\n<li class=\"sc-jlRLRk lnBKsu pf-103_\" data-pf-type=\"List.Item\"><span style=\"font-family: var(--global-body-font-family);\">Soporte para parabrisas (2 ventosas)<br \/>\n<\/span><\/li>\n<li class=\"sc-jlRLRk lnBKsu pf-103_\" data-pf-type=\"List.Item\"><span style=\"font-family: var(--global-body-font-family);\">Cinta autoadherente<br \/>\n<\/span><\/li>\n<li class=\"sc-jlRLRk lnBKsu pf-103_\" data-pf-type=\"List.Item\"><span style=\"font-family: var(--global-body-font-family);\">Estuche de transporte<br \/>\n<\/span><\/li>\n<li class=\"sc-jlRLRk lnBKsu pf-103_\" data-pf-type=\"List.Item\"><span style=\"font-family: var(--global-body-font-family);\">Cable de datos<br \/>\n<\/span><\/li>\n<li class=\"sc-jlRLRk lnBKsu pf-103_\" data-pf-type=\"List.Item\"><span style=\"font-family: var(--global-body-font-family);\">Uniden R4 Manual del usuario Ingl\u00e9s \/ Franc\u00e9s \/ Espa\u00f1ol<br \/>\n<\/span><\/li>\n<li class=\"sc-jlRLRk lnBKsu pf-103_\" data-pf-type=\"List.Item\"><span style=\"font-family: var(--global-body-font-family);\">UNIDEN R4 Manual del usuario Descargar: <\/span><a style=\"font-family: var(--global-body-font-family);\" href=\"https:\/\/unidenradar.eu\/wp-content\/uploads\/2022\/12\/Uniden-R4_manual_EN.pdf\">Uniden R4_manual_EN<\/a><span style=\"font-family: var(--global-body-font-family);\">\u00a0<\/span><a style=\"font-family: var(--global-body-font-family);\" href=\"https:\/\/unidenradar.eu\/wp-content\/uploads\/2022\/12\/Uniden-R4_Manual_FR.pdf\">Uniden R4_Manual_FR<\/a> <a style=\"font-family: var(--global-body-font-family);\" href=\"https:\/\/unidenradar.eu\/wp-content\/uploads\/2022\/12\/Uniden-R4_Manual-ES.pdf\">Uniden R4_Manual ES<\/a><\/li>\n<\/ul>\n","protected":false},"excerpt":{"rendered":"<p>El nuevo detector de radar Uniden R4 Europe Long Range con una plataforma 2022 completamente nueva y un alcance mucho mayor y, por lo tanto, una alerta anticipada a\u00fan mejor para radares y c\u00e1maras de velocidad. el R4 tiene una nueva funci\u00f3n de memoria Auto Mute que excluye autom\u00e1ticamente las falsas alarmas a trav\u00e9s del&#8230;<\/p>\n","protected":false},"featured_media":3825,"comment_status":"open","ping_status":"closed","template":"","meta":{"_kad_blocks_custom_css":"","_kad_blocks_head_custom_js":"","_kad_blocks_body_custom_js":"","_kad_blocks_footer_custom_js":"","_kad_post_transparent":"","_kad_post_title":"","_kad_post_layout":"","_kad_post_sidebar_id":"","_kad_post_content_style":"","_kad_post_vertical_padding":"","_kad_post_feature":"","_kad_post_feature_position":"","_kad_post_header":false,"_kad_post_footer":false,"_kad_post_classname":""},"product_brand":[],"product_cat":[293,292],"product_tag":[],"class_list":{"0":"post-5008","1":"product","2":"type-product","3":"status-publish","4":"has-post-thumbnail","6":"product_cat-detectores-de-radar","7":"product_cat-los-mas-vendidos","9":"first","10":"onbackorder","11":"taxable","12":"shipping-taxable","13":"purchasable","14":"product-type-simple","15":"entry","16":"content-bg","17":"loop-entry"},"taxonomy_info":{"product_cat":[{"value":293,"label":"Detectores de radar"},{"value":292,"label":"Los m\u00e1s vendidos"}]},"featured_image_src_large":["https:\/\/i0.wp.com\/unidenradar.eu\/wp-content\/uploads\/2022\/12\/Uniden-R4-High-FRONT.webp?fit=1024%2C849&ssl=1",1024,849,true],"author_info":[],"comment_info":0,"_links":{"self":[{"href":"https:\/\/unidenradar.eu\/es\/wp-json\/wp\/v2\/product\/5008","targetHints":{"allow":["GET"]}}],"collection":[{"href":"https:\/\/unidenradar.eu\/es\/wp-json\/wp\/v2\/product"}],"about":[{"href":"https:\/\/unidenradar.eu\/es\/wp-json\/wp\/v2\/types\/product"}],"replies":[{"embeddable":true,"href":"https:\/\/unidenradar.eu\/es\/wp-json\/wp\/v2\/comments?post=5008"}],"wp:featuredmedia":[{"embeddable":true,"href":"https:\/\/unidenradar.eu\/es\/wp-json\/wp\/v2\/media\/3825"}],"wp:attachment":[{"href":"https:\/\/unidenradar.eu\/es\/wp-json\/wp\/v2\/media?parent=5008"}],"wp:term":[{"taxonomy":"product_brand","embeddable":true,"href":"https:\/\/unidenradar.eu\/es\/wp-json\/wp\/v2\/product_brand?post=5008"},{"taxonomy":"product_cat","embeddable":true,"href":"https:\/\/unidenradar.eu\/es\/wp-json\/wp\/v2\/product_cat?post=5008"},{"taxonomy":"product_tag","embeddable":true,"href":"https:\/\/unidenradar.eu\/es\/wp-json\/wp\/v2\/product_tag?post=5008"}],"curies":[{"name":"wp","href":"https:\/\/api.w.org\/{rel}","templated":true}]}}