{"id":5115,"date":"2022-11-22T17:04:02","date_gmt":"2022-11-22T16:04:02","guid":{"rendered":"https:\/\/unidenradar.eu\/product\/europe-lifetime-radar-poi-updates-uniden-r8-uniden-r4-international\/"},"modified":"2025-04-10T04:11:49","modified_gmt":"2025-04-10T02:11:49","slug":"europe-lifetime-radar-poi-updates-uniden-r8-uniden-r4-international","status":"publish","type":"product","link":"https:\/\/unidenradar.eu\/es\/producto\/europe-lifetime-radar-poi-updates-uniden-r8-uniden-r4-international\/","title":{"rendered":"Europe Lifetime Radar POI Updates Uniden R8 &#038; UNIDEN R4 INTERNATIONAL"},"content":{"rendered":"<p>Actualizaciones de por vida de la base de datos POI europea para Uniden R4 &amp; R8 para versiones no europeas<\/p>\n<h2>La base de datos UNIDEN RADAR EU incluye:<\/h2>\n<ul>\n<li>Radares fijos<\/li>\n<li>Radares de sem\u00e1foro en rojo<\/li>\n<li>Zonas de controles de velocidad m\u00f3viles frecuentes<\/li>\n<li>Controles de distancia<\/li>\n<\/ul>\n<h3>La base de datos incluye los siguientes pa\u00edses europeos:<\/h3>\n<ul>\n<li style=\"list-style-type: none;\">\n<ul class=\"column\">\n<li>Albania<br \/>\nAndorra<br \/>\nArmenia<br \/>\nAustria<br \/>\nAzerbaiy\u00e1n<br \/>\nBielorrusia<br \/>\nB\u00e9lgica<br \/>\nBosnia y Hercegovina<br \/>\nBulgaria<br \/>\nCroacia<br \/>\nChipre<br \/>\nChequia<br \/>\nDinamarca<br \/>\nEstonia<br \/>\nFinlandia<br \/>\nFrancia<br \/>\nGeorgia<br \/>\nAlemania<br \/>\nGrecia<br \/>\nHungr\u00eda<br \/>\nIslandia<br \/>\nIrlanda<br \/>\nItalia<br \/>\nKazajst\u00e1n<br \/>\nKosovo<br \/>\nLetonia<br \/>\nLiechtenstein<br \/>\nLituania<br \/>\nLuxemburgo<br \/>\nMalta<br \/>\nMoldavia<br \/>\nM\u00f3naco<br \/>\nMontenegro<br \/>\nPa\u00edses Bajos<br \/>\nMacedonia del Norte<br \/>\nNoruega<br \/>\nPolonia<br \/>\nPortugal<br \/>\nRuman\u00eda<br \/>\nRusia<br \/>\nSan Marino<br \/>\nSerbia<br \/>\nEslovaquia<br \/>\nEslovenia<br \/>\nEspa\u00f1a<br \/>\nSuecia<br \/>\nSuiza<br \/>\nTurqu\u00eda<br \/>\nUcrania<br \/>\nReino Unido<br \/>\nCiudad del Vaticano (Santa Sede)<\/li>\n<\/ul>\n<\/li>\n<\/ul>\n","protected":false},"excerpt":{"rendered":"<p>Actualizaciones de por vida de la base de datos POI europea para Uniden R4 &amp; R8 para versiones no europeas La base de datos UNIDEN RADAR EU incluye: Radares fijos Radares de sem\u00e1foro en rojo Zonas de controles de velocidad m\u00f3viles frecuentes Controles de distancia La base de datos incluye los siguientes pa\u00edses europeos: Albania&#8230;<\/p>\n","protected":false},"featured_media":3930,"comment_status":"open","ping_status":"closed","template":"","meta":{"_kad_blocks_custom_css":"","_kad_blocks_head_custom_js":"","_kad_blocks_body_custom_js":"","_kad_blocks_footer_custom_js":"","_kad_post_transparent":"","_kad_post_title":"","_kad_post_layout":"","_kad_post_sidebar_id":"","_kad_post_content_style":"","_kad_post_vertical_padding":"","_kad_post_feature":"","_kad_post_feature_position":"","_kad_post_header":false,"_kad_post_footer":false,"_kad_post_classname":""},"product_brand":[],"product_cat":[321,292],"product_tag":[],"class_list":{"0":"post-5115","1":"product","2":"type-product","3":"status-publish","4":"has-post-thumbnail","6":"product_cat-accesorios","7":"product_cat-los-mas-vendidos","9":"first","10":"outofstock","11":"downloadable","12":"virtual","13":"sold-individually","14":"taxable","15":"purchasable","16":"product-type-simple","17":"entry","18":"content-bg","19":"loop-entry"},"taxonomy_info":{"product_cat":[{"value":321,"label":"Accesorios"},{"value":292,"label":"Los m\u00e1s vendidos"}]},"featured_image_src_large":["https:\/\/i0.wp.com\/unidenradar.eu\/wp-content\/uploads\/2022\/12\/pexels-matheus-bertelli-13871025-edited-scaled.jpg?fit=1024%2C768&ssl=1",1024,768,true],"author_info":[],"comment_info":0,"_links":{"self":[{"href":"https:\/\/unidenradar.eu\/es\/wp-json\/wp\/v2\/product\/5115","targetHints":{"allow":["GET"]}}],"collection":[{"href":"https:\/\/unidenradar.eu\/es\/wp-json\/wp\/v2\/product"}],"about":[{"href":"https:\/\/unidenradar.eu\/es\/wp-json\/wp\/v2\/types\/product"}],"replies":[{"embeddable":true,"href":"https:\/\/unidenradar.eu\/es\/wp-json\/wp\/v2\/comments?post=5115"}],"wp:featuredmedia":[{"embeddable":true,"href":"https:\/\/unidenradar.eu\/es\/wp-json\/wp\/v2\/media\/3930"}],"wp:attachment":[{"href":"https:\/\/unidenradar.eu\/es\/wp-json\/wp\/v2\/media?parent=5115"}],"wp:term":[{"taxonomy":"product_brand","embeddable":true,"href":"https:\/\/unidenradar.eu\/es\/wp-json\/wp\/v2\/product_brand?post=5115"},{"taxonomy":"product_cat","embeddable":true,"href":"https:\/\/unidenradar.eu\/es\/wp-json\/wp\/v2\/product_cat?post=5115"},{"taxonomy":"product_tag","embeddable":true,"href":"https:\/\/unidenradar.eu\/es\/wp-json\/wp\/v2\/product_tag?post=5115"}],"curies":[{"name":"wp","href":"https:\/\/api.w.org\/{rel}","templated":true}]}}