{"id":4880,"date":"2022-12-28T13:04:39","date_gmt":"2022-12-28T12:04:39","guid":{"rendered":"https:\/\/unidenradar.eu\/product\/uniden-r8-europe-ekstreemne-pikamaa-radar-laserdetektor\/"},"modified":"2026-03-09T23:36:27","modified_gmt":"2026-03-09T22:36:27","slug":"uniden-r8-europe-ekstreemne-pikamaa-radar-laserdetektor","status":"publish","type":"product","link":"https:\/\/unidenradar.eu\/et\/toode\/uniden-r8-europe-ekstreemne-pikamaa-radar-laserdetektor\/","title":{"rendered":"UNIDEN R8 Europe ekstreemne pikamaa radar\/laserdetektor"},"content":{"rendered":"<div style=\"width: 1290px;\" class=\"wp-video\"><video class=\"wp-video-shortcode\" id=\"video-4880-1\" width=\"1290\" height=\"726\" preload=\"metadata\" controls=\"controls\"><source type=\"video\/mp4\" src=\"https:\/\/unidenradar.eu\/wp-content\/uploads\/2023\/01\/Uniden_Radar_R8_video.mp4?_=1\" \/><a href=\"https:\/\/unidenradar.eu\/wp-content\/uploads\/2023\/01\/Uniden_Radar_R8_video.mp4\">https:\/\/unidenradar.eu\/wp-content\/uploads\/2023\/01\/Uniden_Radar_R8_video.mp4<\/a><\/video><\/div>\n<p>&nbsp;<\/p>\n<div class=\"list-row\">\n<p class=\"product-description\"><strong>Uniden R8 Europe Extreme kaugeleulatuv topeltradari- ja laserdetektor ja sisseehitatud GPS, sealhulgas ELi andmebaas Unidenilt.<\/strong> Uniden R8 v\u00f5imaldab m\u00e4rkida geograafilisi punkte, kus te tavaliselt kohtate radarisaateid. Need v\u00f5ivad olla koolide tsoonid, punase tule kaamerad ja kohad, kus politsei j\u00e4lgib sageli liiklust. Saate need punktid t\u00e4histada nii, et R3 radardetektori h\u00e4\u00e4lhoiatus teatab l\u00e4henemisel &#8220;Kasutajam\u00e4rk ees&#8221;. H\u00e4\u00e4lteavituse funktsioon annab kasutajatele teada, millist t\u00fc\u00fcpi radarit tuvastatakse (punane tuli, kiirus jne). See n\u00e4itab isegi suunda, sagedusala ja signaali tugevust. N\u00fc\u00fcd saadaval ametliku Euroopa versioonina, mis sisaldab ELi andmebaasi.<\/p>\n<\/div>\n<h3 class=\"list-row\">Uniden R8 seeria omadused<\/h3>\n<div class=\"list-row\">\n<ul>\n<li>Superpika ulatusega laserradari tuvastamine<\/li>\n<li>MRCD\/MRCT (h\u00e4ireprioriteet: Laser, MRCD, Ka, K, X) koos<\/li>\n<li>kohandatavate toonidega.<\/li>\n<li>Kaks antenni n\u00e4itavad laseri suunda<\/li>\n<li>H\u00e4\u00e4lteated<\/li>\n<li>Radarribade sageduse kuvamine<\/li>\n<li>GPS POI andmebaas punase tule ja kiiruskaamerate asukohtade jaoks teie riigis<\/li>\n<li>Kuni 2000 GPS-lukustust<\/li>\n<li>Lihtsalt loetav OLED-ekraan<\/li>\n<li>Kasutajam\u00e4rgistuse komplekt ja h\u00e4\u00e4lteavitus<\/li>\n<li>T\u00e4iustatud K- ja Ka-sagedusala filtrid<\/li>\n<li>Spectre I ja IV tuvastamata<\/li>\n<li>N\u00e4itab signaali tugevust ja s\u00f5iduki aku pinget<\/li>\n<li>Max. Kiiruse hoiatuss\u00fcsteem<\/li>\n<li>Punase tule kaamera punkti kustutamine<\/li>\n<li>X-, K-, MRCD-, Ka- ja Laser-sagedusala valitavad hoiatussignaalid<\/li>\n<li>Bogey tone (hoiatustoonid 1 &#8211; 5)<\/li>\n<li>X-, K- ja Ka-sagedusala kasutaja poolt m\u00e4\u00e4ratud tundlikkuse tasemed<\/li>\n<li>Automaatne vaigistamise helitugevuse tase (Off, On: 0 &#8211; 5)<\/li>\n<li>Ka sageduse h\u00e4\u00e4lhoiatus<\/li>\n<li>Automaatne h\u00e4mardamine<\/li>\n<li>\u00dcleliigse kiiruse hoiatuse vaigistamine (Overspeed Alert Mute)<\/li>\n<li>Radari nooled \u00fctlevad teile, millisest suunast oht tuleb<\/li>\n<li>360\u00b0 lasertuvastus<\/li>\n<li>Suur \u00fclikiire OLED-ekraan p\u00e4eval ja \u00f6\u00f6sel<\/li>\n<li>H\u00e4\u00e4ltehoiatused<\/li>\n<li>50% kiirem protsessor<\/li>\n<\/ul>\n<\/div>\n<p><img data-recalc-dims=\"1\" loading=\"lazy\" decoding=\"async\" class=\"alignright wp-image-1189\" src=\"https:\/\/i0.wp.com\/unidenradar.eu\/wp-content\/uploads\/2022\/12\/Uniden-R8-GROUP.webp?resize=638%2C491&#038;ssl=1\" alt=\"\" width=\"638\" height=\"491\" srcset=\"https:\/\/i0.wp.com\/unidenradar.eu\/wp-content\/uploads\/2022\/12\/Uniden-R8-GROUP-scaled.webp?resize=1024%2C788&amp;ssl=1 1024w, https:\/\/i0.wp.com\/unidenradar.eu\/wp-content\/uploads\/2022\/12\/Uniden-R8-GROUP-scaled.webp?resize=300%2C231&amp;ssl=1 300w, https:\/\/i0.wp.com\/unidenradar.eu\/wp-content\/uploads\/2022\/12\/Uniden-R8-GROUP-scaled.webp?resize=768%2C591&amp;ssl=1 768w, https:\/\/i0.wp.com\/unidenradar.eu\/wp-content\/uploads\/2022\/12\/Uniden-R8-GROUP-scaled.webp?resize=1536%2C1183&amp;ssl=1 1536w, https:\/\/i0.wp.com\/unidenradar.eu\/wp-content\/uploads\/2022\/12\/Uniden-R8-GROUP-scaled.webp?resize=2048%2C1577&amp;ssl=1 2048w, https:\/\/i0.wp.com\/unidenradar.eu\/wp-content\/uploads\/2022\/12\/Uniden-R8-GROUP-scaled.webp?resize=600%2C462&amp;ssl=1 600w\" sizes=\"auto, (max-width: 638px) 100vw, 638px\" \/><\/p>\n<h3>Mis on karbis<\/h3>\n<div class=\"list-row\">\n<ul>\n<li>Uniden R8 radaridetektor<\/li>\n<li>12V DC toitejuhe RJ11 \u00fchendusega<\/li>\n<li>Tuuleklaasi kinnitusklamber (1 iminapp)<\/li>\n<li>Tuuleklaasi kinnitusklamber (2 iminapad)<\/li>\n<li>Neopreenist \u00fcmbris<\/li>\n<li>Kandekott<\/li>\n<li>USB-kaabel<\/li>\n<li>Kinnituslint<\/li>\n<li>Omanike k\u00e4siraamat<\/li>\n<\/ul>\n<h3>Uniden kasutusjuhend<\/h3>\n<p>Uniden R8 kasutusjuhend (PDF):<\/p>\n<p><a href=\"https:\/\/unidenradar.eu\/wp-content\/uploads\/2022\/12\/Uniden_R8-manual-FR.pdf\">Uniden_R8 manual FR<\/a> <a href=\"https:\/\/unidenradar.eu\/wp-content\/uploads\/2022\/12\/Uniden_R8-manual-ES.pdf\">Uniden_R8 manual ES<\/a> <a href=\"https:\/\/unidenradar.eu\/wp-content\/uploads\/2022\/12\/Uniden_R8-manual-EN.pdf\">Uniden_R8 manual EN<\/a><\/p>\n<\/div>\n","protected":false},"excerpt":{"rendered":"<p>T\u00e4iesti uus Uniden R8 radardetektor on uusim t\u00e4iendus valdkonna enim k\u00f5neainet pakkuvasse radardetektorite sarja. Selle topeltantenn v\u00f5imaldab R8-l tuvastada ohtu k\u00f5igist neljast suunast, kusjuures ohu suunda t\u00e4histatakse h\u00e4\u00e4lhoiatusega. See n\u00e4itab isegi suunda, sagedusala ja signaali tugevust. T\u00e4iuslik sai just paremaks. N\u00fc\u00fcd saadaval ka Euroopa versioonina.<\/p>\n","protected":false},"featured_media":3350,"comment_status":"open","ping_status":"closed","template":"","meta":{"_kad_blocks_custom_css":"","_kad_blocks_head_custom_js":"","_kad_blocks_body_custom_js":"","_kad_blocks_footer_custom_js":"","_kad_post_transparent":"","_kad_post_title":"","_kad_post_layout":"","_kad_post_sidebar_id":"","_kad_post_content_style":"","_kad_post_vertical_padding":"","_kad_post_feature":"","_kad_post_feature_position":"","_kad_post_header":false,"_kad_post_footer":false,"_kad_post_classname":""},"product_brand":[],"product_cat":[304,305],"product_tag":[306],"class_list":{"0":"post-4880","1":"product","2":"type-product","3":"status-publish","4":"has-post-thumbnail","6":"product_cat-enimmuudud","7":"product_cat-radaridetektorid","8":"product_tag-uniden-r8-et","10":"first","11":"onbackorder","12":"taxable","13":"shipping-taxable","14":"purchasable","15":"product-type-simple","16":"entry","17":"content-bg","18":"loop-entry"},"taxonomy_info":{"product_cat":[{"value":304,"label":"Enimm\u00fc\u00fcdud"},{"value":305,"label":"Radaridetektorid"}],"product_tag":[{"value":306,"label":"Uniden R8"}]},"featured_image_src_large":["https:\/\/i0.wp.com\/unidenradar.eu\/wp-content\/uploads\/2022\/12\/Uniden-R8-radar-detector-High-FRONT.webp?fit=1024%2C777&ssl=1",1024,777,true],"author_info":[],"comment_info":0,"_links":{"self":[{"href":"https:\/\/unidenradar.eu\/et\/wp-json\/wp\/v2\/product\/4880","targetHints":{"allow":["GET"]}}],"collection":[{"href":"https:\/\/unidenradar.eu\/et\/wp-json\/wp\/v2\/product"}],"about":[{"href":"https:\/\/unidenradar.eu\/et\/wp-json\/wp\/v2\/types\/product"}],"replies":[{"embeddable":true,"href":"https:\/\/unidenradar.eu\/et\/wp-json\/wp\/v2\/comments?post=4880"}],"wp:featuredmedia":[{"embeddable":true,"href":"https:\/\/unidenradar.eu\/et\/wp-json\/wp\/v2\/media\/3350"}],"wp:attachment":[{"href":"https:\/\/unidenradar.eu\/et\/wp-json\/wp\/v2\/media?parent=4880"}],"wp:term":[{"taxonomy":"product_brand","embeddable":true,"href":"https:\/\/unidenradar.eu\/et\/wp-json\/wp\/v2\/product_brand?post=4880"},{"taxonomy":"product_cat","embeddable":true,"href":"https:\/\/unidenradar.eu\/et\/wp-json\/wp\/v2\/product_cat?post=4880"},{"taxonomy":"product_tag","embeddable":true,"href":"https:\/\/unidenradar.eu\/et\/wp-json\/wp\/v2\/product_tag?post=4880"}],"curies":[{"name":"wp","href":"https:\/\/api.w.org\/{rel}","templated":true}]}}