{"id":5120,"date":"2022-11-22T17:04:02","date_gmt":"2022-11-22T16:04:02","guid":{"rendered":"https:\/\/unidenradar.eu\/product\/euroopa-eluaegsed-radari-poi-uuendused-uniden-r8-uniden-r4-international\/"},"modified":"2022-12-22T17:04:02","modified_gmt":"2022-12-22T16:04:02","slug":"euroopa-eluaegsed-radari-poi-uuendused-uniden-r8-uniden-r4-international","status":"publish","type":"product","link":"https:\/\/unidenradar.eu\/et\/toode\/euroopa-eluaegsed-radari-poi-uuendused-uniden-r8-uniden-r4-international\/","title":{"rendered":"Euroopa eluaegsed radari POI-uuendused Uniden R8 &#038; UNIDEN R4 INTERNATIONAL"},"content":{"rendered":"<p>Euroopa POI andmebaasi eluaegsed uuendused Uniden R4 &amp; R8 jaoks v\u00e4ljaspool Euroopat asuva versiooni jaoks<\/p>\n<h2>UNIDEN RADAR EU andmebaas sisaldab:<\/h2>\n<ul>\n<li>Fikseeritud kiiruskaamerad<\/li>\n<li>Punase tule kaamerad<\/li>\n<li>Sagedased mobiilsed kiiruskontrollipiirkonnad<\/li>\n<li>Kauguskontrollid<\/li>\n<\/ul>\n<h3>Database includes following EUROPEAN Countries:<\/h3>\n<ul>\n<li style=\"list-style-type: none;\">\n<ul class=\"column\">\n<li>Albaania<br \/>\nAndorra<br \/>\nArmeenia<br \/>\nAustria<br \/>\nAserbaid\u017eaan<br \/>\nValgevene<br \/>\nBelgia<br \/>\nBosnia ja Hertsegoviina<br \/>\nBulgaaria<br \/>\nHorvaatia<br \/>\nK\u00fcpros<br \/>\nT\u0161ehhi<br \/>\nTaani<br \/>\nEesti<br \/>\nSoome<br \/>\nPrantsusmaa<br \/>\nGruusia<br \/>\nSaksamaa<br \/>\nKreeka<br \/>\nUngari<br \/>\nIsland<br \/>\nIirimaa<br \/>\nItaalia<br \/>\nKasahstan<br \/>\nKosovo<br \/>\nL\u00e4ti<br \/>\nLiechtenstein<br \/>\nLeedu<br \/>\nLuksemburg<br \/>\nMalta<br \/>\nMoldova<br \/>\nMonaco<br \/>\nMontenegro<br \/>\nMadalmaad<br \/>\nP\u00f5hja-Makedoonia<br \/>\nNorra<br \/>\nPoola<br \/>\nPortugal<br \/>\nRumeenia<br \/>\nVenemaa<br \/>\nSan Marino<br \/>\nSerbia<br \/>\nSlovakkia<br \/>\nSloveenia<br \/>\nHispaania<br \/>\nRootsi<br \/>\n\u0160veits<br \/>\nT\u00fcrgi<br \/>\nUkraina<br \/>\n\u00dchendkuningriik (UK)<br \/>\nVatikan (P\u00fcha Tool)<\/li>\n<\/ul>\n<\/li>\n<\/ul>\n","protected":false},"excerpt":{"rendered":"<p>Euroopa POI andmebaasi eluaegsed uuendused Uniden R4 &amp; R8 jaoks v\u00e4ljaspool Euroopat asuva versiooni jaoks UNIDEN RADAR EU andmebaas sisaldab: Fikseeritud kiiruskaamerad Punase tule kaamerad Sagedased mobiilsed kiiruskontrollipiirkonnad Kauguskontrollid Database includes following EUROPEAN Countries: Albaania Andorra Armeenia Austria Aserbaid\u017eaan Valgevene Belgia Bosnia ja Hertsegoviina Bulgaaria Horvaatia K\u00fcpros T\u0161ehhi Taani Eesti Soome Prantsusmaa Gruusia Saksamaa Kreeka&#8230;<\/p>\n","protected":false},"featured_media":3917,"comment_status":"open","ping_status":"closed","template":"","meta":{"_kad_blocks_custom_css":"","_kad_blocks_head_custom_js":"","_kad_blocks_body_custom_js":"","_kad_blocks_footer_custom_js":"","_kad_post_transparent":"","_kad_post_title":"","_kad_post_layout":"","_kad_post_sidebar_id":"","_kad_post_content_style":"","_kad_post_vertical_padding":"","_kad_post_feature":"","_kad_post_feature_position":"","_kad_post_header":false,"_kad_post_footer":false,"_kad_post_classname":""},"product_brand":[],"product_cat":[304,311],"product_tag":[],"class_list":{"0":"post-5120","1":"product","2":"type-product","3":"status-publish","4":"has-post-thumbnail","6":"product_cat-enimmuudud","7":"product_cat-tarvikud","9":"first","10":"outofstock","11":"downloadable","12":"virtual","13":"sold-individually","14":"taxable","15":"purchasable","16":"product-type-simple","17":"entry","18":"content-bg","19":"loop-entry"},"taxonomy_info":{"product_cat":[{"value":304,"label":"Enimm\u00fc\u00fcdud"},{"value":311,"label":"Tarvikud"}]},"featured_image_src_large":["https:\/\/i0.wp.com\/unidenradar.eu\/wp-content\/uploads\/2022\/12\/pexels-matheus-bertelli-13871025-edited-scaled.jpg?fit=1024%2C768&ssl=1",1024,768,true],"author_info":[],"comment_info":0,"_links":{"self":[{"href":"https:\/\/unidenradar.eu\/et\/wp-json\/wp\/v2\/product\/5120","targetHints":{"allow":["GET"]}}],"collection":[{"href":"https:\/\/unidenradar.eu\/et\/wp-json\/wp\/v2\/product"}],"about":[{"href":"https:\/\/unidenradar.eu\/et\/wp-json\/wp\/v2\/types\/product"}],"replies":[{"embeddable":true,"href":"https:\/\/unidenradar.eu\/et\/wp-json\/wp\/v2\/comments?post=5120"}],"wp:featuredmedia":[{"embeddable":true,"href":"https:\/\/unidenradar.eu\/et\/wp-json\/wp\/v2\/media\/3917"}],"wp:attachment":[{"href":"https:\/\/unidenradar.eu\/et\/wp-json\/wp\/v2\/media?parent=5120"}],"wp:term":[{"taxonomy":"product_brand","embeddable":true,"href":"https:\/\/unidenradar.eu\/et\/wp-json\/wp\/v2\/product_brand?post=5120"},{"taxonomy":"product_cat","embeddable":true,"href":"https:\/\/unidenradar.eu\/et\/wp-json\/wp\/v2\/product_cat?post=5120"},{"taxonomy":"product_tag","embeddable":true,"href":"https:\/\/unidenradar.eu\/et\/wp-json\/wp\/v2\/product_tag?post=5120"}],"curies":[{"name":"wp","href":"https:\/\/api.w.org\/{rel}","templated":true}]}}