{"id":5135,"date":"2022-10-20T19:35:07","date_gmt":"2022-10-20T17:35:07","guid":{"rendered":"https:\/\/unidenradar.eu\/product\/uniden-r4-ja-r8-radaranduri-paigalduskomplekt\/"},"modified":"2022-12-20T19:35:07","modified_gmt":"2022-12-20T18:35:07","slug":"uniden-r4-ja-r8-radaranduri-paigalduskomplekt","status":"publish","type":"product","link":"https:\/\/unidenradar.eu\/et\/toode\/uniden-r4-ja-r8-radaranduri-paigalduskomplekt\/","title":{"rendered":"Uniden R4 ja R8 radaranduri paigalduskomplekt"},"content":{"rendered":"<p>Uniden RDA-HDWKT radaranduri otsekaablikomplekt koos kaugjuhtimispuldi Mute nupuga v\u00f5imaldab teil \u00fchendada oma \u00fchilduva Unideni radaranduri otse auto kaitsmekarbi. See v\u00f5imaldab paigaldada v\u00e4ikese juhtimiskarbi sinna, kuhu soovite, et Mute-funktsiooni h\u00f5lpsasti ja diskreetselt juhtida.<\/p>\n","protected":false},"excerpt":{"rendered":"<ul>\n<li>Radaranduri otsene juhtmekomplekt<\/li>\n<li>koos kaugjuhtimispuldi Mute nupuga<\/li>\n<li>\u00fchilduv Uniden R4 &amp; R8 radaridetektoriga<\/li>\n<li>v\u00f5imaldab paigaldada v\u00e4ikese juhtimiskarbi sinna, kuhu soovite<\/li>\n<li>Mute-funktsiooni h\u00f5lpsaks ja diskreetseks juhtimiseks<\/li>\n<\/ul>\n","protected":false},"featured_media":3938,"comment_status":"open","ping_status":"closed","template":"","meta":{"_kad_blocks_custom_css":"","_kad_blocks_head_custom_js":"","_kad_blocks_body_custom_js":"","_kad_blocks_footer_custom_js":"","_kad_post_transparent":"","_kad_post_title":"","_kad_post_layout":"","_kad_post_sidebar_id":"","_kad_post_content_style":"","_kad_post_vertical_padding":"","_kad_post_feature":"","_kad_post_feature_position":"","_kad_post_header":false,"_kad_post_footer":false,"_kad_post_classname":""},"product_brand":[],"product_cat":[311],"product_tag":[],"class_list":{"0":"post-5135","1":"product","2":"type-product","3":"status-publish","4":"has-post-thumbnail","6":"product_cat-tarvikud","8":"first","9":"instock","10":"taxable","11":"shipping-taxable","12":"purchasable","13":"product-type-simple","14":"entry","15":"content-bg","16":"loop-entry"},"taxonomy_info":{"product_cat":[{"value":311,"label":"Tarvikud"}]},"featured_image_src_large":["https:\/\/i0.wp.com\/unidenradar.eu\/wp-content\/uploads\/2022\/12\/uniden-hardwire-kit-R4-R8.png?fit=724%2C492&ssl=1",724,492,true],"author_info":[],"comment_info":0,"_links":{"self":[{"href":"https:\/\/unidenradar.eu\/et\/wp-json\/wp\/v2\/product\/5135","targetHints":{"allow":["GET"]}}],"collection":[{"href":"https:\/\/unidenradar.eu\/et\/wp-json\/wp\/v2\/product"}],"about":[{"href":"https:\/\/unidenradar.eu\/et\/wp-json\/wp\/v2\/types\/product"}],"replies":[{"embeddable":true,"href":"https:\/\/unidenradar.eu\/et\/wp-json\/wp\/v2\/comments?post=5135"}],"wp:featuredmedia":[{"embeddable":true,"href":"https:\/\/unidenradar.eu\/et\/wp-json\/wp\/v2\/media\/3938"}],"wp:attachment":[{"href":"https:\/\/unidenradar.eu\/et\/wp-json\/wp\/v2\/media?parent=5135"}],"wp:term":[{"taxonomy":"product_brand","embeddable":true,"href":"https:\/\/unidenradar.eu\/et\/wp-json\/wp\/v2\/product_brand?post=5135"},{"taxonomy":"product_cat","embeddable":true,"href":"https:\/\/unidenradar.eu\/et\/wp-json\/wp\/v2\/product_cat?post=5135"},{"taxonomy":"product_tag","embeddable":true,"href":"https:\/\/unidenradar.eu\/et\/wp-json\/wp\/v2\/product_tag?post=5135"}],"curies":[{"name":"wp","href":"https:\/\/api.w.org\/{rel}","templated":true}]}}