{"id":4742,"date":"2022-12-28T13:04:39","date_gmt":"2022-12-28T12:04:39","guid":{"rendered":"https:\/\/unidenradar.eu\/product\/uniden-r8-europe-aarimmaisen-pitkan-kantaman-tutka-ja-laserinpaljastin\/"},"modified":"2026-03-09T23:36:27","modified_gmt":"2026-03-09T22:36:27","slug":"uniden-r8-europe-aarimmaisen-pitkan-kantaman-tutka-ja-laserinpaljastin","status":"publish","type":"product","link":"https:\/\/unidenradar.eu\/fi\/tuote\/uniden-r8-europe-aarimmaisen-pitkan-kantaman-tutka-ja-laserinpaljastin\/","title":{"rendered":"UNIDEN R8 Europe \u00c4\u00e4rimm\u00e4isen pitk\u00e4n kantaman tutka- ja laserinpaljastin"},"content":{"rendered":"<div style=\"width: 1290px;\" class=\"wp-video\"><video class=\"wp-video-shortcode\" id=\"video-4742-1\" width=\"1290\" height=\"726\" preload=\"metadata\" controls=\"controls\"><source type=\"video\/mp4\" src=\"https:\/\/unidenradar.eu\/wp-content\/uploads\/2023\/01\/Uniden_Radar_R8_video.mp4?_=1\" \/><a href=\"https:\/\/unidenradar.eu\/wp-content\/uploads\/2023\/01\/Uniden_Radar_R8_video.mp4\">https:\/\/unidenradar.eu\/wp-content\/uploads\/2023\/01\/Uniden_Radar_R8_video.mp4<\/a><\/video><\/div>\n<p>&nbsp;<\/p>\n<div class=\"list-row\">\n<p class=\"product-description\"><strong>Uniden R8 Europe Extreme pitk\u00e4n kantaman kaksoistutka- ja laserilmaisin ja sis\u00e4\u00e4nrakennettu GPS, mukaan lukien EU:n tietokanta Uniden.<\/strong> Uniden R8:n avulla voit merkit\u00e4 maantieteelliset kohdat, joissa tavallisesti t\u00f6rm\u00e4\u00e4t tutkal\u00e4hetyksiin. N\u00e4it\u00e4 voivat olla koulualueet, punaisia valoja valvovat kamerat ja paikat, joissa poliisi valvoo usein liikennett\u00e4. Voit merkit\u00e4 n\u00e4m\u00e4 kohdat niin, ett\u00e4 R3-tutkanilmaisimen \u00e4\u00e4nih\u00e4lytys ilmoittaa &#8221;K\u00e4ytt\u00e4j\u00e4n merkki edess\u00e4&#8221; l\u00e4hestyess\u00e4si. \u00c4\u00e4ni-ilmoitustoiminto antaa k\u00e4ytt\u00e4jille tiedon siit\u00e4, mink\u00e4 tyyppist\u00e4 tutkaa havaitaan (punaisia valoja, nopeutta jne.). Se n\u00e4ytt\u00e4\u00e4 jopa kunkin tutkan suunnan, taajuusalueen ja signaalin voimakkuuden. Nyt saatavilla virallisena eurooppalaisena versiona, joka sis\u00e4lt\u00e4\u00e4 EU:n tietokannan.<\/p>\n<\/div>\n<h3 class=\"list-row\">Uniden R8-sarjan ominaisuudet<\/h3>\n<div class=\"list-row\">\n<ul>\n<li>Eritt\u00e4in pitk\u00e4n kantaman lasertutkatunnistus<\/li>\n<li>MRCD\/MRCT (h\u00e4lytysprioriteetti: Laser, MRCD, Ka, K, X) mukautettavilla \u00e4\u00e4nimerkkeill\u00e4.<\/li>\n<li>Kaksi antennia n\u00e4ytt\u00e4\u00e4 laserin suunnan<\/li>\n<li>\u00c4\u00e4ni-ilmoitukset<\/li>\n<li>Tutka-alueen taajuusn\u00e4yt\u00f6t<\/li>\n<li>GPS POI -tietokanta punaisia valoja ja nopeuskameroita varten maassasi.<\/li>\n<li>Jopa 2 000 GPS-lukitusta<\/li>\n<li>Helppolukuinen OLED-n\u00e4ytt\u00f6<\/li>\n<li>K\u00e4ytt\u00e4j\u00e4n merkkiasetus ja \u00e4\u00e4ni-ilmoitus<\/li>\n<li>Kehittyneet K- ja Ka-kaistan suodattimet<\/li>\n<li>Spectre I ja IV havaitsematta<\/li>\n<li>N\u00e4ytt\u00e4\u00e4 signaalin voimakkuuden ja ajoneuvon akun j\u00e4nnitteen<\/li>\n<li>Max. Nopeusvaroitusj\u00e4rjestelm\u00e4<\/li>\n<li>Punaisen valon kamerapisteen poisto<\/li>\n<li>X-, K-, MRCD-, Ka- ja Laser-kaistan valittavissa olevat h\u00e4lytys\u00e4\u00e4net.<\/li>\n<li>M\u00f6rk\u00f6\u00e4\u00e4ni (h\u00e4lytys\u00e4\u00e4net 1-5)<\/li>\n<li>X-, K- ja Ka-kaistan k\u00e4ytt\u00e4j\u00e4n m\u00e4\u00e4rittelem\u00e4t herkkyystasot<\/li>\n<li>Automaattisen mykistyksen \u00e4\u00e4nenvoimakkuuden tasot (Pois p\u00e4\u00e4lt\u00e4, K\u00e4yt\u00f6ss\u00e4: 0 &#8211; 5)<\/li>\n<li>Ka-taajuuden \u00e4\u00e4nih\u00e4lytys<\/li>\n<li>Automaattinen himmennys<\/li>\n<li>Ylinopeush\u00e4lytys Mykistys<\/li>\n<li>Tutkan nuolet kertovat, mist\u00e4 suunnasta uhka on tulossa<\/li>\n<li>360\u00b0 lasertunnistus<\/li>\n<li>Suuri eritt\u00e4in kirkas OLED-n\u00e4ytt\u00f6 p\u00e4iv\u00e4ll\u00e4 ja y\u00f6ll\u00e4.<\/li>\n<li>\u00c4\u00e4nih\u00e4lytykset<\/li>\n<li>50 % nopeampi prosessori<\/li>\n<\/ul>\n<\/div>\n<p><img data-recalc-dims=\"1\" loading=\"lazy\" decoding=\"async\" class=\"alignright wp-image-1189\" src=\"https:\/\/i0.wp.com\/unidenradar.eu\/wp-content\/uploads\/2022\/12\/Uniden-R8-GROUP.webp?resize=638%2C491&#038;ssl=1\" alt=\"\" width=\"638\" height=\"491\" srcset=\"https:\/\/i0.wp.com\/unidenradar.eu\/wp-content\/uploads\/2022\/12\/Uniden-R8-GROUP-scaled.webp?resize=1024%2C788&amp;ssl=1 1024w, https:\/\/i0.wp.com\/unidenradar.eu\/wp-content\/uploads\/2022\/12\/Uniden-R8-GROUP-scaled.webp?resize=300%2C231&amp;ssl=1 300w, https:\/\/i0.wp.com\/unidenradar.eu\/wp-content\/uploads\/2022\/12\/Uniden-R8-GROUP-scaled.webp?resize=768%2C591&amp;ssl=1 768w, https:\/\/i0.wp.com\/unidenradar.eu\/wp-content\/uploads\/2022\/12\/Uniden-R8-GROUP-scaled.webp?resize=1536%2C1183&amp;ssl=1 1536w, https:\/\/i0.wp.com\/unidenradar.eu\/wp-content\/uploads\/2022\/12\/Uniden-R8-GROUP-scaled.webp?resize=2048%2C1577&amp;ssl=1 2048w, https:\/\/i0.wp.com\/unidenradar.eu\/wp-content\/uploads\/2022\/12\/Uniden-R8-GROUP-scaled.webp?resize=600%2C462&amp;ssl=1 600w\" sizes=\"auto, (max-width: 638px) 100vw, 638px\" \/><\/p>\n<h3>Mit\u00e4 laatikossa on<\/h3>\n<div class=\"list-row\">\n<ul>\n<li>UNIDEN R8-tutkanpaljastin<\/li>\n<li>12V DC virtajohto RJ11-liittimell\u00e4<\/li>\n<li>Tuulilasin kiinnike (1 imukuppi)<\/li>\n<li>Tuulilasin kiinnike (2 imukuppia)<\/li>\n<li>Neopreeninen holkki<\/li>\n<li>Kantolaukku<\/li>\n<li>USB-kaapeli<\/li>\n<li>Koukku- ja silmukkanauha<\/li>\n<li>Omistajan k\u00e4sikirja<\/li>\n<\/ul>\n<h3>Uniden k\u00e4ytt\u00f6opas<\/h3>\n<p>Uniden R8 -k\u00e4ytt\u00f6opas (PDF):<\/p>\n<p><a href=\"https:\/\/unidenradar.eu\/wp-content\/uploads\/2022\/12\/Uniden_R8-manual-FR.pdf\">Uniden_R8 manual FR<\/a> <a href=\"https:\/\/unidenradar.eu\/wp-content\/uploads\/2022\/12\/Uniden_R8-manual-ES.pdf\">Uniden_R8 manual ES<\/a> <a href=\"https:\/\/unidenradar.eu\/wp-content\/uploads\/2022\/12\/Uniden_R8-manual-EN.pdf\">Uniden_R8 manual EN<\/a><\/p>\n<\/div>\n","protected":false},"excerpt":{"rendered":"<p>T\u00e4ysin uusi Uniden R8 -tutkanilmaisin on uusin lis\u00e4ys alan puhutuimpaan tutkanilmaisinsarjaan. Kaksoisantennin ansiosta R8 havaitsee uhat kaikista nelj\u00e4st\u00e4 suunnasta ja antaa \u00e4\u00e4nih\u00e4lytyksen uhan suunnasta. Se jopa n\u00e4ytt\u00e4\u00e4 kunkin suunnan, taajuusalueen ja signaalin voimakkuuden. T\u00e4ydellisyys on juuri parantunut. Nyt saatavana my\u00f6s eurooppalaisena versiona.<\/p>\n","protected":false},"featured_media":3351,"comment_status":"open","ping_status":"closed","template":"","meta":{"_kad_blocks_custom_css":"","_kad_blocks_head_custom_js":"","_kad_blocks_body_custom_js":"","_kad_blocks_footer_custom_js":"","_kad_post_transparent":"","_kad_post_title":"","_kad_post_layout":"","_kad_post_sidebar_id":"","_kad_post_content_style":"","_kad_post_vertical_padding":"","_kad_post_feature":"","_kad_post_feature_position":"","_kad_post_header":false,"_kad_post_footer":false,"_kad_post_classname":""},"product_brand":[],"product_cat":[270,271],"product_tag":[272],"class_list":{"0":"post-4742","1":"product","2":"type-product","3":"status-publish","4":"has-post-thumbnail","6":"product_cat-myydyimmat","7":"product_cat-tutkanpaljastimet","8":"product_tag-uniden-r8-fi","10":"first","11":"onbackorder","12":"taxable","13":"shipping-taxable","14":"purchasable","15":"product-type-simple","16":"entry","17":"content-bg","18":"loop-entry"},"taxonomy_info":{"product_cat":[{"value":270,"label":"Myydyimm\u00e4t"},{"value":271,"label":"Tutkanpaljastimet"}],"product_tag":[{"value":272,"label":"Uniden R8"}]},"featured_image_src_large":["https:\/\/i0.wp.com\/unidenradar.eu\/wp-content\/uploads\/2022\/12\/Uniden-R8-radar-detector-High-FRONT.webp?fit=1024%2C777&ssl=1",1024,777,true],"author_info":[],"comment_info":0,"_links":{"self":[{"href":"https:\/\/unidenradar.eu\/fi\/wp-json\/wp\/v2\/product\/4742","targetHints":{"allow":["GET"]}}],"collection":[{"href":"https:\/\/unidenradar.eu\/fi\/wp-json\/wp\/v2\/product"}],"about":[{"href":"https:\/\/unidenradar.eu\/fi\/wp-json\/wp\/v2\/types\/product"}],"replies":[{"embeddable":true,"href":"https:\/\/unidenradar.eu\/fi\/wp-json\/wp\/v2\/comments?post=4742"}],"wp:featuredmedia":[{"embeddable":true,"href":"https:\/\/unidenradar.eu\/fi\/wp-json\/wp\/v2\/media\/3351"}],"wp:attachment":[{"href":"https:\/\/unidenradar.eu\/fi\/wp-json\/wp\/v2\/media?parent=4742"}],"wp:term":[{"taxonomy":"product_brand","embeddable":true,"href":"https:\/\/unidenradar.eu\/fi\/wp-json\/wp\/v2\/product_brand?post=4742"},{"taxonomy":"product_cat","embeddable":true,"href":"https:\/\/unidenradar.eu\/fi\/wp-json\/wp\/v2\/product_cat?post=4742"},{"taxonomy":"product_tag","embeddable":true,"href":"https:\/\/unidenradar.eu\/fi\/wp-json\/wp\/v2\/product_tag?post=4742"}],"curies":[{"name":"wp","href":"https:\/\/api.w.org\/{rel}","templated":true}]}}