{"id":4866,"date":"2022-12-21T18:11:50","date_gmt":"2022-12-21T17:11:50","guid":{"rendered":"https:\/\/unidenradar.eu\/product\/uniden-r4-europe-pitkan-kantaman-tutka-laserilmaisin\/"},"modified":"2026-02-01T20:08:02","modified_gmt":"2026-02-01T19:08:02","slug":"uniden-r4-europe-pitkan-kantaman-tutka-laserilmaisin","status":"publish","type":"product","link":"https:\/\/unidenradar.eu\/fi\/tuote\/uniden-r4-europe-pitkan-kantaman-tutka-laserilmaisin\/","title":{"rendered":"UNIDEN R4 Europe pitk\u00e4n kantaman tutka-\/laserilmaisin"},"content":{"rendered":"<p class=\"product-description\"><strong>Uusi Uniden R4 Europe Long Range -tutkanilmaisin<\/strong>, jossa on t\u00e4ysin uusi 2022-alusta ja paljon suurempi kantama ja siten entist\u00e4 parempi ennakkovaroitus tutka- ja nopeusvalvontakameroista. r4:ss\u00e4 on uusi Auto Mute Memory -toiminto, joka sulkee automaattisesti pois v\u00e4\u00e4r\u00e4t h\u00e4lytykset GPS:n kautta. R4:ss\u00e4 on my\u00f6s markkinoiden paras K-kaistasuodatin, jonka ansiosta kuolleen kulman valvontalaitteiden ja K-kaistasensoreiden v\u00e4\u00e4rien h\u00e4lytysten m\u00e4\u00e4r\u00e4 on alhaisin.<\/p>\n<p>&nbsp;<\/p>\n<div style=\"width: 1200px;\" class=\"wp-video\"><video class=\"wp-video-shortcode\" id=\"video-4866-1\" width=\"1200\" height=\"580\" preload=\"metadata\" controls=\"controls\"><source type=\"video\/mp4\" src=\"https:\/\/unidenradar.eu\/wp-content\/uploads\/2022\/12\/Uniden_R4_radar_detector.mp4?_=1\" \/><a href=\"https:\/\/unidenradar.eu\/wp-content\/uploads\/2022\/12\/Uniden_R4_radar_detector.mp4\">https:\/\/unidenradar.eu\/wp-content\/uploads\/2022\/12\/Uniden_R4_radar_detector.mp4<\/a><\/video><\/div>\n<p>&nbsp;<\/p>\n<h3 class=\"product-description\">Uniden R4 tuoteseloste<\/h3>\n<ul>\n<li>\u00c4\u00e4rimm\u00e4isen kantaman lasertutkatunnistus<\/li>\n<li>Kahden LNA:n (Low Noise Amplifier) suunnittelu<\/li>\n<li>Digitaalinen signaaliprosessori<\/li>\n<li>Sis\u00e4\u00e4nrakennettu GPS punaisia valoja ja nopeusvalvontakameroiden sijainteja varten (EUROOPPA).<\/li>\n<li>Eritt\u00e4in kirkas, helppolukuinen, moniv\u00e4rinen OLED-n\u00e4ytt\u00f6.<\/li>\n<li>MRCD \/ MRCT (varoitusprioriteetti: Laser, MRCD, Ka, K, X)<\/li>\n<li>mukautettavilla \u00e4\u00e4nimerkkeill\u00e4.<\/li>\n<li>Punaisen valon kameran varoitus<\/li>\n<li>Nopeuskameravaroitus<\/li>\n<li>Automaattinen mykistysmuisti &#8211; lukitsee automaattisesti v\u00e4\u00e4r\u00e4t varoitusasennot pois k\u00e4yt\u00f6st\u00e4<\/li>\n<li>Kehittyneet K \/ KA-kaistan suodattimet<\/li>\n<li><img data-recalc-dims=\"1\" loading=\"lazy\" decoding=\"async\" class=\"alignright wp-image-1260\" src=\"https:\/\/i0.wp.com\/unidenradar.eu\/wp-content\/uploads\/2022\/12\/Uniden-R4-GROUP.webp?resize=629%2C587&#038;ssl=1\" alt=\"\" width=\"629\" height=\"587\" srcset=\"https:\/\/i0.wp.com\/unidenradar.eu\/wp-content\/uploads\/2022\/12\/Uniden-R4-GROUP.webp?resize=1024%2C956&amp;ssl=1 1024w, https:\/\/i0.wp.com\/unidenradar.eu\/wp-content\/uploads\/2022\/12\/Uniden-R4-GROUP.webp?resize=300%2C280&amp;ssl=1 300w, https:\/\/i0.wp.com\/unidenradar.eu\/wp-content\/uploads\/2022\/12\/Uniden-R4-GROUP.webp?resize=768%2C717&amp;ssl=1 768w, https:\/\/i0.wp.com\/unidenradar.eu\/wp-content\/uploads\/2022\/12\/Uniden-R4-GROUP.webp?resize=1536%2C1434&amp;ssl=1 1536w, https:\/\/i0.wp.com\/unidenradar.eu\/wp-content\/uploads\/2022\/12\/Uniden-R4-GROUP.webp?resize=600%2C560&amp;ssl=1 600w, https:\/\/i0.wp.com\/unidenradar.eu\/wp-content\/uploads\/2022\/12\/Uniden-R4-GROUP.webp?w=1714&amp;ssl=1 1714w\" sizes=\"auto, (max-width: 629px) 100vw, 629px\" \/>Puheilmoitukset<\/li>\n<li>GATSO-tunnistus<\/li>\n<li>Quiet Ride (automaattinen mykistys nopeuden ollessa p\u00e4\u00e4ll\u00e4)<\/li>\n<li>Automaattinen himmennys<\/li>\n<li>M\u00f6rk\u00f6\u00e4\u00e4ni, muokattavissa, varoitukset<\/li>\n<li>Tutka-alueen taajuusn\u00e4ytt\u00f6 (nykyinen nopeus, akun j\u00e4nnite, korkeus, kello).<\/li>\n<li>Lasertunnistus<\/li>\n<li>Specter Elite ei l\u00f6ydy<\/li>\n<li>MAX-nopeusvaroitusj\u00e4rjestelm\u00e4<\/li>\n<li>Sis\u00e4lt\u00e4\u00e4 imukuppitelineen (yksi- ja kaksoisteline), datakaapelin ja kauko-ohjattavan n\u00e4pp\u00e4imist\u00f6n (lis\u00e4varuste).<\/li>\n<li>P\u00e4ivitett\u00e4v\u00e4 laiteohjelmisto<\/li>\n<\/ul>\n<h3>Mit\u00e4 laatikossa on<\/h3>\n<ul>\n<li class=\"sc-jlRLRk lnBKsu pf-103_\" data-pf-type=\"List.Item\"><span style=\"font-family: var(--global-body-font-family);\">UNIDEN R4 -tutkanpaljastin<br \/>\n<\/span><\/li>\n<li class=\"sc-jlRLRk lnBKsu pf-103_\" data-pf-type=\"List.Item\"><span style=\"font-family: var(--global-body-font-family);\">12V DC virtajohto RJ11-liittimell\u00e4<br \/>\n<\/span><\/li>\n<li class=\"sc-jlRLRk lnBKsu pf-103_\" data-pf-type=\"List.Item\"><span style=\"font-family: var(--global-body-font-family);\">Tuulilasin kiinnitysteline (1 kuppi)<br \/>\n<\/span><\/li>\n<li class=\"sc-jlRLRk lnBKsu pf-103_\" data-pf-type=\"List.Item\"><span style=\"font-family: var(--global-body-font-family);\">Tuulilasin kiinnitysteline (2 kuppia)<br \/>\n<\/span><\/li>\n<li class=\"sc-jlRLRk lnBKsu pf-103_\" data-pf-type=\"List.Item\"><span style=\"font-family: var(--global-body-font-family);\">Koukku- ja silmukkakiinnitysnauha<br \/>\n<\/span><\/li>\n<li class=\"sc-jlRLRk lnBKsu pf-103_\" data-pf-type=\"List.Item\"><span style=\"font-family: var(--global-body-font-family);\">Kantolaukku<br \/>\n<\/span><\/li>\n<li class=\"sc-jlRLRk lnBKsu pf-103_\" data-pf-type=\"List.Item\"><span style=\"font-family: var(--global-body-font-family);\">Datakaapeli<br \/>\n<\/span><\/li>\n<li class=\"sc-jlRLRk lnBKsu pf-103_\" data-pf-type=\"List.Item\"><span style=\"font-family: var(--global-body-font-family);\">Uniden R4 -k\u00e4ytt\u00f6opas englanti \/ ranska \/ espanja<br \/>\n<\/span><\/li>\n<li class=\"sc-jlRLRk lnBKsu pf-103_\" data-pf-type=\"List.Item\"><span style=\"font-family: var(--global-body-font-family);\">UNIDEN R4 k\u00e4ytt\u00f6oppaan lataaminen: <\/span><a style=\"font-family: var(--global-body-font-family);\" href=\"https:\/\/unidenradar.eu\/wp-content\/uploads\/2022\/12\/Uniden-R4_manual_EN.pdf\">Uniden R4_manual_EN<\/a><span style=\"font-family: var(--global-body-font-family);\">\u00a0<\/span><a style=\"font-family: var(--global-body-font-family);\" href=\"https:\/\/unidenradar.eu\/wp-content\/uploads\/2022\/12\/Uniden-R4_Manual_FR.pdf\">Uniden R4_Manual_FR<\/a> <a style=\"font-family: var(--global-body-font-family);\" href=\"https:\/\/unidenradar.eu\/wp-content\/uploads\/2022\/12\/Uniden-R4_Manual-ES.pdf\">Uniden R4_Manual ES<\/a><\/li>\n<\/ul>\n","protected":false},"excerpt":{"rendered":"<p>Uniden R4 on t\u00e4ysin uusi j\u00e4rjestelm\u00e4, jossa on paljon suurempi kantama. Siin\u00e4 on uusi Auto Mute Memory -ominaisuus, joka automaattisesti est\u00e4\u00e4 v\u00e4\u00e4rien h\u00e4lytysten sijainnit. R4:ss\u00e4 on my\u00f6s markkinoiden paras K-kaistasuodatin, joka tarjoaa v\u00e4hiten v\u00e4\u00e4ri\u00e4 h\u00e4lytyksi\u00e4 kuolleen kulman valvontalaitteista ja muiden ajoneuvojen K-kaista-antureista. Kun tarvitset parasta mahdollista tietoa ilman melua, Unidenin R4 Extreme vie sinut kilometrien p\u00e4\u00e4h\u00e4n.<\/p>\n","protected":false},"featured_media":3813,"comment_status":"open","ping_status":"closed","template":"","meta":{"_kad_blocks_custom_css":"","_kad_blocks_head_custom_js":"","_kad_blocks_body_custom_js":"","_kad_blocks_footer_custom_js":"","_kad_post_transparent":"","_kad_post_title":"","_kad_post_layout":"","_kad_post_sidebar_id":"","_kad_post_content_style":"","_kad_post_vertical_padding":"","_kad_post_feature":"","_kad_post_feature_position":"","_kad_post_header":false,"_kad_post_footer":false,"_kad_post_classname":""},"product_brand":[],"product_cat":[270,271],"product_tag":[],"class_list":{"0":"post-4866","1":"product","2":"type-product","3":"status-publish","4":"has-post-thumbnail","6":"product_cat-myydyimmat","7":"product_cat-tutkanpaljastimet","9":"first","10":"onbackorder","11":"taxable","12":"shipping-taxable","13":"purchasable","14":"product-type-simple","15":"entry","16":"content-bg","17":"loop-entry"},"taxonomy_info":{"product_cat":[{"value":270,"label":"Myydyimm\u00e4t"},{"value":271,"label":"Tutkanpaljastimet"}]},"featured_image_src_large":["https:\/\/i0.wp.com\/unidenradar.eu\/wp-content\/uploads\/2022\/12\/Uniden-R4-High-FRONT.webp?fit=1024%2C849&ssl=1",1024,849,true],"author_info":[],"comment_info":0,"_links":{"self":[{"href":"https:\/\/unidenradar.eu\/fi\/wp-json\/wp\/v2\/product\/4866","targetHints":{"allow":["GET"]}}],"collection":[{"href":"https:\/\/unidenradar.eu\/fi\/wp-json\/wp\/v2\/product"}],"about":[{"href":"https:\/\/unidenradar.eu\/fi\/wp-json\/wp\/v2\/types\/product"}],"replies":[{"embeddable":true,"href":"https:\/\/unidenradar.eu\/fi\/wp-json\/wp\/v2\/comments?post=4866"}],"wp:featuredmedia":[{"embeddable":true,"href":"https:\/\/unidenradar.eu\/fi\/wp-json\/wp\/v2\/media\/3813"}],"wp:attachment":[{"href":"https:\/\/unidenradar.eu\/fi\/wp-json\/wp\/v2\/media?parent=4866"}],"wp:term":[{"taxonomy":"product_brand","embeddable":true,"href":"https:\/\/unidenradar.eu\/fi\/wp-json\/wp\/v2\/product_brand?post=4866"},{"taxonomy":"product_cat","embeddable":true,"href":"https:\/\/unidenradar.eu\/fi\/wp-json\/wp\/v2\/product_cat?post=4866"},{"taxonomy":"product_tag","embeddable":true,"href":"https:\/\/unidenradar.eu\/fi\/wp-json\/wp\/v2\/product_tag?post=4866"}],"curies":[{"name":"wp","href":"https:\/\/api.w.org\/{rel}","templated":true}]}}