{"id":5107,"date":"2022-11-22T17:04:02","date_gmt":"2022-11-22T16:04:02","guid":{"rendered":"https:\/\/unidenradar.eu\/product\/eurooppa-elinikaiset-tutkan-poi-paivitykset-uniden-r8-uniden-r4-kansainvalinen\/"},"modified":"2022-12-22T17:04:02","modified_gmt":"2022-12-22T16:04:02","slug":"eurooppa-elinikaiset-tutkan-poi-paivitykset-uniden-r8-uniden-r4-kansainvalinen","status":"publish","type":"product","link":"https:\/\/unidenradar.eu\/fi\/tuote\/eurooppa-elinikaiset-tutkan-poi-paivitykset-uniden-r8-uniden-r4-kansainvalinen\/","title":{"rendered":"Eurooppa Elinik\u00e4iset tutkan POI-p\u00e4ivitykset Uniden R8 &#038; UNIDEN R4 KANSAINV\u00c4LINEN"},"content":{"rendered":"<p>Eurooppalaiset POI-tietokannan elinik\u00e4iset p\u00e4ivitykset Uniden R4 &amp; R8:lle muuhun kuin eurooppalaiseen versioon<\/p>\n<h2>UNIDEN RADAR EU -tietokanta sis\u00e4lt\u00e4\u00e4:<\/h2>\n<ul>\n<li>Kiinte\u00e4t nopeustutkat<\/li>\n<li>Punaisen valon kamerat<\/li>\n<li>Usein liikkuvat nopeusvalvonta-alueet<\/li>\n<li>Et\u00e4isyysvalvonta<\/li>\n<\/ul>\n<h3>Tietokanta sis\u00e4lt\u00e4\u00e4 seuraavat Euroopan maat:<\/h3>\n<ul>\n<li style=\"list-style-type: none;\">\n<ul class=\"column\">\n<li>Albania<br \/>\nAndorra<br \/>\nArmenia<br \/>\nIt\u00e4valta<br \/>\nAzerbaid\u017ean<br \/>\nValko-Ven\u00e4j\u00e4<br \/>\nBelgia<br \/>\nBosnia ja Hertsegovina<br \/>\nBulgaria<br \/>\nKroatia<br \/>\nKypros<br \/>\nT\u0161ekki<br \/>\nTanska<br \/>\nViro<br \/>\nSuomi<br \/>\nRanska<br \/>\nGeorgia<br \/>\nSaksa<br \/>\nKreikka<br \/>\nUnkari<br \/>\nIslanti<br \/>\nIrlanti<br \/>\nItalia<br \/>\nKazakstan<br \/>\nKosovo<br \/>\nLatvia<br \/>\nLiechtenstein<br \/>\nLiettua<br \/>\nLuxemburg<br \/>\nMalta<br \/>\nMoldova<br \/>\nMonaco<br \/>\nMontenegro<br \/>\nAlankomaat<br \/>\nPohjois-Makedonia<br \/>\nNorja<br \/>\nPuola<br \/>\nPortugali<br \/>\nRomania<br \/>\nVen\u00e4j\u00e4<br \/>\nSan Marino<br \/>\nSerbia<br \/>\nSlovakia<br \/>\nSlovenia<br \/>\nEspanja<br \/>\nRuotsi<br \/>\nSveitsi<br \/>\nTurkki<br \/>\nUkraina<br \/>\nYhdistynyt kuningaskunta (UK)<br \/>\nVatikaani (Pyh\u00e4 istuin)<\/li>\n<\/ul>\n<\/li>\n<\/ul>\n","protected":false},"excerpt":{"rendered":"<p>Eurooppalaiset POI-tietokannan elinik\u00e4iset p\u00e4ivitykset Uniden R4 &amp; R8:lle muuhun kuin eurooppalaiseen versioon UNIDEN RADAR EU -tietokanta sis\u00e4lt\u00e4\u00e4: Kiinte\u00e4t nopeustutkat Punaisen valon kamerat Usein liikkuvat nopeusvalvonta-alueet Et\u00e4isyysvalvonta Tietokanta sis\u00e4lt\u00e4\u00e4 seuraavat Euroopan maat: Albania Andorra Armenia It\u00e4valta Azerbaid\u017ean Valko-Ven\u00e4j\u00e4 Belgia Bosnia ja Hertsegovina Bulgaria Kroatia Kypros T\u0161ekki Tanska Viro Suomi Ranska Georgia Saksa Kreikka Unkari Islanti Irlanti&#8230;<\/p>\n","protected":false},"featured_media":3918,"comment_status":"open","ping_status":"closed","template":"","meta":{"_kad_blocks_custom_css":"","_kad_blocks_head_custom_js":"","_kad_blocks_body_custom_js":"","_kad_blocks_footer_custom_js":"","_kad_post_transparent":"","_kad_post_title":"","_kad_post_layout":"","_kad_post_sidebar_id":"","_kad_post_content_style":"","_kad_post_vertical_padding":"","_kad_post_feature":"","_kad_post_feature_position":"","_kad_post_header":false,"_kad_post_footer":false,"_kad_post_classname":""},"product_brand":[],"product_cat":[270,312],"product_tag":[],"class_list":{"0":"post-5107","1":"product","2":"type-product","3":"status-publish","4":"has-post-thumbnail","6":"product_cat-myydyimmat","7":"product_cat-tarvikkeet","9":"first","10":"outofstock","11":"downloadable","12":"virtual","13":"sold-individually","14":"taxable","15":"purchasable","16":"product-type-simple","17":"entry","18":"content-bg","19":"loop-entry"},"taxonomy_info":{"product_cat":[{"value":270,"label":"Myydyimm\u00e4t"},{"value":312,"label":"Tarvikkeet"}]},"featured_image_src_large":["https:\/\/i0.wp.com\/unidenradar.eu\/wp-content\/uploads\/2022\/12\/pexels-matheus-bertelli-13871025-edited-scaled.jpg?fit=1024%2C768&ssl=1",1024,768,true],"author_info":[],"comment_info":0,"_links":{"self":[{"href":"https:\/\/unidenradar.eu\/fi\/wp-json\/wp\/v2\/product\/5107","targetHints":{"allow":["GET"]}}],"collection":[{"href":"https:\/\/unidenradar.eu\/fi\/wp-json\/wp\/v2\/product"}],"about":[{"href":"https:\/\/unidenradar.eu\/fi\/wp-json\/wp\/v2\/types\/product"}],"replies":[{"embeddable":true,"href":"https:\/\/unidenradar.eu\/fi\/wp-json\/wp\/v2\/comments?post=5107"}],"wp:featuredmedia":[{"embeddable":true,"href":"https:\/\/unidenradar.eu\/fi\/wp-json\/wp\/v2\/media\/3918"}],"wp:attachment":[{"href":"https:\/\/unidenradar.eu\/fi\/wp-json\/wp\/v2\/media?parent=5107"}],"wp:term":[{"taxonomy":"product_brand","embeddable":true,"href":"https:\/\/unidenradar.eu\/fi\/wp-json\/wp\/v2\/product_brand?post=5107"},{"taxonomy":"product_cat","embeddable":true,"href":"https:\/\/unidenradar.eu\/fi\/wp-json\/wp\/v2\/product_cat?post=5107"},{"taxonomy":"product_tag","embeddable":true,"href":"https:\/\/unidenradar.eu\/fi\/wp-json\/wp\/v2\/product_tag?post=5107"}],"curies":[{"name":"wp","href":"https:\/\/api.w.org\/{rel}","templated":true}]}}