{"id":4062,"date":"2022-12-21T18:11:50","date_gmt":"2022-12-21T17:11:50","guid":{"rendered":"https:\/\/unidenradar.eu\/product\/uniden-r4-europe-radar-detector\/"},"modified":"2025-11-10T17:23:26","modified_gmt":"2025-11-10T16:23:26","slug":"uniden-r4-europe-radar-detector","status":"publish","type":"product","link":"https:\/\/unidenradar.eu\/fr\/produit\/uniden-r4-europe-radar-detector\/","title":{"rendered":"UNIDEN R4 Europe D\u00e9tecteur radar\/laser longue port\u00e9e"},"content":{"rendered":"<p class=\"product-description\"><strong>Le nouveau d\u00e9tecteur de radars Uniden R4 Europe Long Range dispose d&rsquo;une toute nouvelle plateforme 2022<\/strong> et d&rsquo;une port\u00e9e beaucoup plus grande et donc d&rsquo;un avertissement pr\u00e9alable encore meilleur pour les radars et les radars de vitesse. Le R4 dispose d&rsquo;une nouvelle fonction de m\u00e9moire de sourdine automatique qui exclut automatiquement les fausses alarmes via le GPS. Le R4 dispose \u00e9galement du meilleur filtre de bande K du march\u00e9, avec le plus faible nombre de faux positifs provenant des moniteurs d&rsquo;angles morts et des capteurs de bande K.<\/p>\n<p>&nbsp;<\/p>\n<div style=\"width: 1200px;\" class=\"wp-video\"><video class=\"wp-video-shortcode\" id=\"video-4062-1\" width=\"1200\" height=\"580\" preload=\"metadata\" controls=\"controls\"><source type=\"video\/mp4\" src=\"https:\/\/unidenradar.eu\/wp-content\/uploads\/2022\/12\/Uniden_R4_radar_detector.mp4?_=1\" \/><a href=\"https:\/\/unidenradar.eu\/wp-content\/uploads\/2022\/12\/Uniden_R4_radar_detector.mp4\">https:\/\/unidenradar.eu\/wp-content\/uploads\/2022\/12\/Uniden_R4_radar_detector.mp4<\/a><\/video><\/div>\n<p>&nbsp;<\/p>\n<h3 class=\"product-description\">Aper\u00e7u du produit Uniden R4<\/h3>\n<ul>\n<li>D\u00e9tection radar laser \u00e0 port\u00e9e extr\u00eame<\/li>\n<li>Conception de deux LNA (amplificateur \u00e0 faible bruit)<br \/>\nProcesseur de signal num\u00e9rique<\/li>\n<li>GPS int\u00e9gr\u00e9 pour la localisation des feux rouges et des radars (EUROPE)<\/li>\n<li>\u00c9cran OLED multicolore ultra-brillant et facile \u00e0 lire<\/li>\n<li>MRCD \/ MRCT (priorit\u00e9 d&rsquo;avertissement : Laser, MRCD, Ka, K, X) avec tonalit\u00e9s personnalisables<\/li>\n<li>Avertissement de radar de feu rouge<\/li>\n<li>Avertissement de radar de vitesse<\/li>\n<li>M\u00e9moire d&rsquo;inhibition automatique &#8211; bloque automatiquement les positions d&rsquo;alerte incorrectes<\/li>\n<li>Filtres avanc\u00e9s pour les bandes K \/ KA<\/li>\n<li><img data-recalc-dims=\"1\" loading=\"lazy\" decoding=\"async\" class=\"alignright wp-image-1260\" src=\"https:\/\/i0.wp.com\/unidenradar.eu\/wp-content\/uploads\/2022\/12\/Uniden-R4-GROUP.webp?resize=629%2C587&#038;ssl=1\" alt=\"\" width=\"629\" height=\"587\" srcset=\"https:\/\/i0.wp.com\/unidenradar.eu\/wp-content\/uploads\/2022\/12\/Uniden-R4-GROUP.webp?resize=1024%2C956&amp;ssl=1 1024w, https:\/\/i0.wp.com\/unidenradar.eu\/wp-content\/uploads\/2022\/12\/Uniden-R4-GROUP.webp?resize=300%2C280&amp;ssl=1 300w, https:\/\/i0.wp.com\/unidenradar.eu\/wp-content\/uploads\/2022\/12\/Uniden-R4-GROUP.webp?resize=768%2C717&amp;ssl=1 768w, https:\/\/i0.wp.com\/unidenradar.eu\/wp-content\/uploads\/2022\/12\/Uniden-R4-GROUP.webp?resize=1536%2C1434&amp;ssl=1 1536w, https:\/\/i0.wp.com\/unidenradar.eu\/wp-content\/uploads\/2022\/12\/Uniden-R4-GROUP.webp?resize=600%2C560&amp;ssl=1 600w, https:\/\/i0.wp.com\/unidenradar.eu\/wp-content\/uploads\/2022\/12\/Uniden-R4-GROUP.webp?w=1714&amp;ssl=1 1714w\" sizes=\"auto, (max-width: 629px) 100vw, 629px\" \/>Notifications vocales<\/li>\n<li>D\u00e9tection du GATSO<\/li>\n<li>Quiet Ride (coupure automatique du son \u00e0 la vitesse)<\/li>\n<li>Variation automatique de l&rsquo;intensit\u00e9 lumineuse<\/li>\n<li>Tonalit\u00e9 de bogey, personnalisable, avertissements<\/li>\n<li>Affichage de la fr\u00e9quence de la bande radar (vitesse actuelle,<\/li>\n<li>tension de la batterie, altitude, horloge)<\/li>\n<li>Identification du laser<\/li>\n<li>Impossible de trouver le Specter Elite<\/li>\n<li>Syst\u00e8me d&rsquo;avertissement de vitesse MAX<\/li>\n<li>Comprenant un support \u00e0 ventouse (simple et double), un c\u00e2ble de<\/li>\n<li>donn\u00e9es et un clavier \u00e0 distance (accessoire en option)<\/li>\n<li>Micrologiciel mis \u00e0 jour<\/li>\n<\/ul>\n<h3>Ce qu&rsquo;il y a dans la bo\u00eete<\/h3>\n<ul>\n<li class=\"sc-jlRLRk lnBKsu pf-103_\" data-pf-type=\"List.Item\"><span style=\"font-family: var(--global-body-font-family);\">D\u00e9tecteur de radar UNIDEN R4<br \/>\n<\/span><\/li>\n<li class=\"sc-jlRLRk lnBKsu pf-103_\" data-pf-type=\"List.Item\"><span style=\"font-family: var(--global-body-font-family);\">Cordon d&rsquo;alimentation 12V DC avec connecteur RJ11<br \/>\n<\/span><\/li>\n<li class=\"sc-jlRLRk lnBKsu pf-103_\" data-pf-type=\"List.Item\"><span style=\"font-family: var(--global-body-font-family);\">Support de montage sur pare-brise (1 coupelle)<br \/>\n<\/span><\/li>\n<li class=\"sc-jlRLRk lnBKsu pf-103_\" data-pf-type=\"List.Item\"><span style=\"font-family: var(--global-body-font-family);\">Support de montage sur le pare-brise (2 coupelles)<br \/>\n<\/span><\/li>\n<li class=\"sc-jlRLRk lnBKsu pf-103_\" data-pf-type=\"List.Item\"><span style=\"font-family: var(--global-body-font-family);\">Ruban de fixation \u00e0 boucles et crochets<br \/>\n<\/span><\/li>\n<li class=\"sc-jlRLRk lnBKsu pf-103_\" data-pf-type=\"List.Item\"><span style=\"font-family: var(--global-body-font-family);\">Mallette de transport<br \/>\n<\/span><\/li>\n<li class=\"sc-jlRLRk lnBKsu pf-103_\" data-pf-type=\"List.Item\"><span style=\"font-family: var(--global-body-font-family);\">C\u00e2ble de donn\u00e9es<br \/>\n<\/span><\/li>\n<li class=\"sc-jlRLRk lnBKsu pf-103_\" data-pf-type=\"List.Item\"><span style=\"font-family: var(--global-body-font-family);\">Manuel d&rsquo;utilisation de l&rsquo;Uniden R4 Anglais \/ Fran\u00e7ais \/ Espagnol<br \/>\n<\/span><\/li>\n<li class=\"sc-jlRLRk lnBKsu pf-103_\" data-pf-type=\"List.Item\"><span style=\"font-family: var(--global-body-font-family);\">T\u00e9l\u00e9charger le manuel de l&rsquo;utilisateur de l&rsquo;UNIDEN R4 : <\/span><a style=\"font-family: var(--global-body-font-family);\" href=\"https:\/\/unidenradar.eu\/wp-content\/uploads\/2022\/12\/Uniden-R4_manual_EN.pdf\">Uniden R4_manual_EN<\/a><span style=\"font-family: var(--global-body-font-family);\">\u00a0<\/span><a style=\"font-family: var(--global-body-font-family);\" href=\"https:\/\/unidenradar.eu\/wp-content\/uploads\/2022\/12\/Uniden-R4_Manual_FR.pdf\">Uniden R4_Manual_FR<\/a> <a style=\"font-family: var(--global-body-font-family);\" href=\"https:\/\/unidenradar.eu\/wp-content\/uploads\/2022\/12\/Uniden-R4_Manual-ES.pdf\">Uniden R4_Manual ES<\/a><\/li>\n<\/ul>\n","protected":false},"excerpt":{"rendered":"<p>L&rsquo;Uniden R4, est une toute nouvelle plateforme avec une port\u00e9e beaucoup plus grande. Il dispose d&rsquo;une nouvelle fonction de m\u00e9moire de sourdine automatique, qui verrouille automatiquement les emplacements de fausses alertes. Le R4 poss\u00e8de \u00e9galement le meilleur filtre de bande K sur le march\u00e9, offrant le moins de fausses alertes provenant des moniteurs d&rsquo;angle mort et des capteurs de bande K des autres v\u00e9hicules. Lorsque vous avez besoin des meilleures informations possibles, sans aucun bruit, le R4 Extreme d&rsquo;Uniden vous donne une longueur d&rsquo;avance.<\/p>\n","protected":false},"featured_media":3814,"comment_status":"open","ping_status":"closed","template":"","meta":{"_kad_blocks_custom_css":"","_kad_blocks_head_custom_js":"","_kad_blocks_body_custom_js":"","_kad_blocks_footer_custom_js":"","_kad_post_transparent":"default","_kad_post_title":"","_kad_post_layout":"default","_kad_post_sidebar_id":"","_kad_post_content_style":"default","_kad_post_vertical_padding":"default","_kad_post_feature":"","_kad_post_feature_position":"","_kad_post_header":false,"_kad_post_footer":false,"_kad_post_classname":""},"product_brand":[],"product_cat":[150,149],"product_tag":[],"class_list":{"0":"post-4062","1":"product","2":"type-product","3":"status-publish","4":"has-post-thumbnail","6":"product_cat-detecteurs-de-radar","7":"product_cat-meilleures-ventes","9":"first","10":"onbackorder","11":"taxable","12":"shipping-taxable","13":"purchasable","14":"product-type-simple","15":"entry","16":"content-bg","17":"loop-entry"},"taxonomy_info":{"product_cat":[{"value":150,"label":"D\u00e9tecteur de radars"},{"value":149,"label":"Meilleures ventes"}]},"featured_image_src_large":["https:\/\/i0.wp.com\/unidenradar.eu\/wp-content\/uploads\/2022\/12\/Uniden-R4-High-FRONT.webp?fit=1024%2C849&ssl=1",1024,849,true],"author_info":[],"comment_info":0,"_links":{"self":[{"href":"https:\/\/unidenradar.eu\/fr\/wp-json\/wp\/v2\/product\/4062","targetHints":{"allow":["GET"]}}],"collection":[{"href":"https:\/\/unidenradar.eu\/fr\/wp-json\/wp\/v2\/product"}],"about":[{"href":"https:\/\/unidenradar.eu\/fr\/wp-json\/wp\/v2\/types\/product"}],"replies":[{"embeddable":true,"href":"https:\/\/unidenradar.eu\/fr\/wp-json\/wp\/v2\/comments?post=4062"}],"wp:featuredmedia":[{"embeddable":true,"href":"https:\/\/unidenradar.eu\/fr\/wp-json\/wp\/v2\/media\/3814"}],"wp:attachment":[{"href":"https:\/\/unidenradar.eu\/fr\/wp-json\/wp\/v2\/media?parent=4062"}],"wp:term":[{"taxonomy":"product_brand","embeddable":true,"href":"https:\/\/unidenradar.eu\/fr\/wp-json\/wp\/v2\/product_brand?post=4062"},{"taxonomy":"product_cat","embeddable":true,"href":"https:\/\/unidenradar.eu\/fr\/wp-json\/wp\/v2\/product_cat?post=4062"},{"taxonomy":"product_tag","embeddable":true,"href":"https:\/\/unidenradar.eu\/fr\/wp-json\/wp\/v2\/product_tag?post=4062"}],"curies":[{"name":"wp","href":"https:\/\/api.w.org\/{rel}","templated":true}]}}