{"id":4713,"date":"2022-11-22T17:04:02","date_gmt":"2022-11-22T16:04:02","guid":{"rendered":"https:\/\/unidenradar.eu\/product\/mises-a-jour-poi-radar-europe-a-vie-uniden-r8-uniden-r4-international\/"},"modified":"2023-01-16T17:28:41","modified_gmt":"2023-01-16T16:28:41","slug":"mises-a-jour-poi-radar-europe-a-vie-uniden-r8-uniden-r4-international","status":"publish","type":"product","link":"https:\/\/unidenradar.eu\/fr\/produit\/mises-a-jour-poi-radar-europe-a-vie-uniden-r8-uniden-r4-international\/","title":{"rendered":"Mises \u00e0 jour POI Radar Europe \u00e0 vie Uniden R8 &#038; UNIDEN R4 INTERNATIONAL"},"content":{"rendered":"<p>Mises \u00e0 jour \u00e0 vie de la base de donn\u00e9es POI europ\u00e9enne pour Uniden R4 et R8 pour la version non europ\u00e9enne<\/p>\n<h2>La base de donn\u00e9es UNIDEN RADAR EU comprend\u00a0:<\/h2>\n<ul>\n<li>Radars \u00e0 vitesse fixe<\/li>\n<li>Cam\u00e9ras aux feux rouges<\/li>\n<li>Zones de contr\u00f4le de vitesse mobiles fr\u00e9quentes<\/li>\n<li>Commandes \u00e0 distance<\/li>\n<\/ul>\n<h3>La base de donn\u00e9es comprend les pays europ\u00e9ens suivants\u00a0:<\/h3>\n<ul>\n<li style=\"list-style-type: none;\">\n<ul class=\"column\">\n<li>Albanie<br \/>\nAndorre<br \/>\nArm\u00e9nie<br \/>\nL&rsquo;Autriche<br \/>\nAzerba\u00efdjan<br \/>\nBi\u00e9lorussie<br \/>\nBelgique<br \/>\nBosnie Herz\u00e9govine<br \/>\nBulgarie<br \/>\nCroatie<br \/>\nChypre<br \/>\nTch\u00e9quie<br \/>\nDanemark<br \/>\nEstonie<br \/>\nFinlande<br \/>\nFrance<br \/>\nG\u00e9orgie<br \/>\nAllemagne<br \/>\nGr\u00e8ce<br \/>\nHongrie<br \/>\nIslande<br \/>\nIrlande<br \/>\nItalie<br \/>\nKazakhstan<br \/>\nKosovo<br \/>\nLettonie<br \/>\nLiechtenstein<br \/>\nLituanie<br \/>\nLuxembourg<br \/>\nMalte<br \/>\nMoldavie<br \/>\nMonaco<br \/>\nMont\u00e9n\u00e9gro<br \/>\nPays-Bas<br \/>\nMac\u00e9doine du Nord<br \/>\nNorv\u00e8ge<br \/>\nPologne<br \/>\nle Portugal<br \/>\nRoumanie<br \/>\nRussie<br \/>\nSaint Marin<br \/>\nSerbie<br \/>\nSlovaquie<br \/>\nSlov\u00e9nie<br \/>\nEspagne<br \/>\nSu\u00e8de<br \/>\nSuisse<br \/>\nTurquie<br \/>\nUkraine<br \/>\nRoyaume-Uni (Royaume-Uni)<br \/>\nCit\u00e9 du Vatican<\/li>\n<\/ul>\n<\/li>\n<\/ul>\n","protected":false},"excerpt":{"rendered":"<p>Mises \u00e0 jour \u00e0 vie de la base de donn\u00e9es POI europ\u00e9enne pour Uniden R4 et R8 pour la version non europ\u00e9enne La base de donn\u00e9es UNIDEN RADAR EU comprend\u00a0: Radars \u00e0 vitesse fixe Cam\u00e9ras aux feux rouges Zones de contr\u00f4le de vitesse mobiles fr\u00e9quentes Commandes \u00e0 distance La base de donn\u00e9es comprend les pays&#8230;<\/p>\n","protected":false},"featured_media":3919,"comment_status":"open","ping_status":"closed","template":"","meta":{"_kad_blocks_custom_css":"","_kad_blocks_head_custom_js":"","_kad_blocks_body_custom_js":"","_kad_blocks_footer_custom_js":"","_kad_post_transparent":"","_kad_post_title":"","_kad_post_layout":"","_kad_post_sidebar_id":"","_kad_post_content_style":"","_kad_post_vertical_padding":"","_kad_post_feature":"","_kad_post_feature_position":"","_kad_post_header":false,"_kad_post_footer":false,"_kad_post_classname":""},"product_brand":[],"product_cat":[253,149],"product_tag":[],"class_list":{"0":"post-4713","1":"product","2":"type-product","3":"status-publish","4":"has-post-thumbnail","6":"product_cat-accessoires","7":"product_cat-meilleures-ventes","9":"first","10":"outofstock","11":"downloadable","12":"virtual","13":"sold-individually","14":"taxable","15":"purchasable","16":"product-type-simple","17":"entry","18":"content-bg","19":"loop-entry"},"taxonomy_info":{"product_cat":[{"value":253,"label":"Accessoires"},{"value":149,"label":"Meilleures ventes"}]},"featured_image_src_large":["https:\/\/i0.wp.com\/unidenradar.eu\/wp-content\/uploads\/2022\/12\/pexels-matheus-bertelli-13871025-edited-scaled.jpg?fit=1024%2C768&ssl=1",1024,768,true],"author_info":[],"comment_info":0,"_links":{"self":[{"href":"https:\/\/unidenradar.eu\/fr\/wp-json\/wp\/v2\/product\/4713","targetHints":{"allow":["GET"]}}],"collection":[{"href":"https:\/\/unidenradar.eu\/fr\/wp-json\/wp\/v2\/product"}],"about":[{"href":"https:\/\/unidenradar.eu\/fr\/wp-json\/wp\/v2\/types\/product"}],"replies":[{"embeddable":true,"href":"https:\/\/unidenradar.eu\/fr\/wp-json\/wp\/v2\/comments?post=4713"}],"wp:featuredmedia":[{"embeddable":true,"href":"https:\/\/unidenradar.eu\/fr\/wp-json\/wp\/v2\/media\/3919"}],"wp:attachment":[{"href":"https:\/\/unidenradar.eu\/fr\/wp-json\/wp\/v2\/media?parent=4713"}],"wp:term":[{"taxonomy":"product_brand","embeddable":true,"href":"https:\/\/unidenradar.eu\/fr\/wp-json\/wp\/v2\/product_brand?post=4713"},{"taxonomy":"product_cat","embeddable":true,"href":"https:\/\/unidenradar.eu\/fr\/wp-json\/wp\/v2\/product_cat?post=4713"},{"taxonomy":"product_tag","embeddable":true,"href":"https:\/\/unidenradar.eu\/fr\/wp-json\/wp\/v2\/product_tag?post=4713"}],"curies":[{"name":"wp","href":"https:\/\/api.w.org\/{rel}","templated":true}]}}