{"id":4728,"date":"2022-10-20T19:35:07","date_gmt":"2022-10-20T17:35:07","guid":{"rendered":"https:\/\/unidenradar.eu\/product\/hardwire-kit-pour-le-detecteur-de-radar-uniden-r4-r8\/"},"modified":"2022-12-20T19:35:07","modified_gmt":"2022-12-20T18:35:07","slug":"hardwire-kit-pour-le-detecteur-de-radar-uniden-r4-r8","status":"publish","type":"product","link":"https:\/\/unidenradar.eu\/fr\/produit\/hardwire-kit-pour-le-detecteur-de-radar-uniden-r4-r8\/","title":{"rendered":"HARDWIRE KIT pour le d\u00e9tecteur de radar Uniden R4 &#038; R8"},"content":{"rendered":"<p>Le kit de c\u00e2blage direct du d\u00e9tecteur de radar Uniden RDA-HDWKT avec bouton Mute \u00e0 distance vous permet de c\u00e2bler directement votre d\u00e9tecteur de radar Uniden compatible dans la bo\u00eete \u00e0 fusibles de votre voiture. Cela vous permet de monter le petit bo\u00eetier de commande o\u00f9 vous le souhaitez pour un contr\u00f4le discret de la fonction Mute.<\/p>\n","protected":false},"excerpt":{"rendered":"<ul>\n<li>Kit d\u00e9tecteur de radar \u00e0 fil direct<\/li>\n<li>avec bouton de sourdine \u00e0 distance<\/li>\n<li>compatible avec le d\u00e9tecteur de radars Uniden R4 &amp; R8<\/li>\n<li>vous permet de monter le petit bo\u00eetier de contr\u00f4le o\u00f9 vous voulez<\/li>\n<li>pour un contr\u00f4le facile et discret de la fonction Mute<\/li>\n<\/ul>\n","protected":false},"featured_media":3940,"comment_status":"open","ping_status":"closed","template":"","meta":{"_kad_blocks_custom_css":"","_kad_blocks_head_custom_js":"","_kad_blocks_body_custom_js":"","_kad_blocks_footer_custom_js":"","_kad_post_transparent":"","_kad_post_title":"","_kad_post_layout":"","_kad_post_sidebar_id":"","_kad_post_content_style":"","_kad_post_vertical_padding":"","_kad_post_feature":"","_kad_post_feature_position":"","_kad_post_header":false,"_kad_post_footer":false,"_kad_post_classname":""},"product_brand":[],"product_cat":[253],"product_tag":[],"class_list":{"0":"post-4728","1":"product","2":"type-product","3":"status-publish","4":"has-post-thumbnail","6":"product_cat-accessoires","8":"first","9":"instock","10":"taxable","11":"shipping-taxable","12":"purchasable","13":"product-type-simple","14":"entry","15":"content-bg","16":"loop-entry"},"taxonomy_info":{"product_cat":[{"value":253,"label":"Accessoires"}]},"featured_image_src_large":["https:\/\/i0.wp.com\/unidenradar.eu\/wp-content\/uploads\/2022\/12\/uniden-hardwire-kit-R4-R8.png?fit=724%2C492&ssl=1",724,492,true],"author_info":[],"comment_info":0,"_links":{"self":[{"href":"https:\/\/unidenradar.eu\/fr\/wp-json\/wp\/v2\/product\/4728","targetHints":{"allow":["GET"]}}],"collection":[{"href":"https:\/\/unidenradar.eu\/fr\/wp-json\/wp\/v2\/product"}],"about":[{"href":"https:\/\/unidenradar.eu\/fr\/wp-json\/wp\/v2\/types\/product"}],"replies":[{"embeddable":true,"href":"https:\/\/unidenradar.eu\/fr\/wp-json\/wp\/v2\/comments?post=4728"}],"wp:featuredmedia":[{"embeddable":true,"href":"https:\/\/unidenradar.eu\/fr\/wp-json\/wp\/v2\/media\/3940"}],"wp:attachment":[{"href":"https:\/\/unidenradar.eu\/fr\/wp-json\/wp\/v2\/media?parent=4728"}],"wp:term":[{"taxonomy":"product_brand","embeddable":true,"href":"https:\/\/unidenradar.eu\/fr\/wp-json\/wp\/v2\/product_brand?post=4728"},{"taxonomy":"product_cat","embeddable":true,"href":"https:\/\/unidenradar.eu\/fr\/wp-json\/wp\/v2\/product_cat?post=4728"},{"taxonomy":"product_tag","embeddable":true,"href":"https:\/\/unidenradar.eu\/fr\/wp-json\/wp\/v2\/product_tag?post=4728"}],"curies":[{"name":"wp","href":"https:\/\/api.w.org\/{rel}","templated":true}]}}