{"id":5011,"date":"2022-12-21T18:11:50","date_gmt":"2022-12-21T17:11:50","guid":{"rendered":"https:\/\/unidenradar.eu\/product\/uniden-r4-europe-dalekometni-radar-laserski-detektor\/"},"modified":"2026-04-08T22:50:24","modified_gmt":"2026-04-08T20:50:24","slug":"uniden-r4-europe-dalekometni-radar-laserski-detektor","status":"publish","type":"product","link":"https:\/\/unidenradar.eu\/hr\/proizvod\/uniden-r4-europe-dalekometni-radar-laserski-detektor\/","title":{"rendered":"UNIDEN R4 Europe Dalekometni radar\/laserski detektor"},"content":{"rendered":"<p class=\"product-description\"><strong>Novi radarski detektor Uniden R4 Europe<\/strong> Long Range s potpuno novom platformom za 2022. godinu i mnogo ve\u0107im dometom, a time i jo\u0161 boljim upozorenjem unaprijed za radarske i brzinske kamere. R4 ima novu funkciju automatske memorije za isklju\u010divanje zvuka koja automatski isklju\u010duje la\u017ene alarme putem GPS-a. R4 tako\u0111er ima najbolji K-band filter na tr\u017ei\u0161tu, s najmanjim brojem la\u017eno pozitivnih rezultata s monitora mrtvog kuta i K-band senzora.<\/p>\n<p>&nbsp;<\/p>\n<div style=\"width: 1200px;\" class=\"wp-video\"><video class=\"wp-video-shortcode\" id=\"video-5011-1\" width=\"1200\" height=\"580\" preload=\"metadata\" controls=\"controls\"><source type=\"video\/mp4\" src=\"https:\/\/unidenradar.eu\/wp-content\/uploads\/2022\/12\/Uniden_R4_radar_detector.mp4?_=1\" \/><a href=\"https:\/\/unidenradar.eu\/wp-content\/uploads\/2022\/12\/Uniden_R4_radar_detector.mp4\">https:\/\/unidenradar.eu\/wp-content\/uploads\/2022\/12\/Uniden_R4_radar_detector.mp4<\/a><\/video><\/div>\n<p>&nbsp;<\/p>\n<h3 class=\"product-description\">Pregled proizvoda Uniden R4<\/h3>\n<ul>\n<li>Lasersko otkrivanje radara ekstremnog dometa<\/li>\n<li>Dva LNA (Low Noise Amplifier) dizajn<\/li>\n<li>Procesor digitalnog signala<\/li>\n<li>Ugra\u0111eni GPS za lokacije kamera za crveno svjetlo i kamere za nadzor brzine (EUROPA)<\/li>\n<li>Ultra svijetao, lako \u010ditljiv, vi\u0161ebojni OLED zaslon<\/li>\n<li>MRCD \/ MRCT (prioritet upozorenja: Laser, MRCD, Ka, K, X) s prilagodljivim tonovima<\/li>\n<li>Upozorenje o kameri crvenog svjetla<\/li>\n<li>Upozorenje kamere za nadzor brzine<\/li>\n<li>Memorija automatskog isklju\u010divanja zvuka \u2013 automatski<\/li>\n<li>zaklju\u010dava neispravne polo\u017eaje upozorenja<\/li>\n<li>Napredni filtri K \/ KA pojasa<\/li>\n<li><img data-recalc-dims=\"1\" loading=\"lazy\" decoding=\"async\" class=\"alignright wp-image-1260\" src=\"https:\/\/i0.wp.com\/unidenradar.eu\/wp-content\/uploads\/2022\/12\/Uniden-R4-GROUP.webp?resize=629%2C587&#038;ssl=1\" alt=\"\" width=\"629\" height=\"587\" srcset=\"https:\/\/i0.wp.com\/unidenradar.eu\/wp-content\/uploads\/2022\/12\/Uniden-R4-GROUP.webp?resize=1024%2C956&amp;ssl=1 1024w, https:\/\/i0.wp.com\/unidenradar.eu\/wp-content\/uploads\/2022\/12\/Uniden-R4-GROUP.webp?resize=300%2C280&amp;ssl=1 300w, https:\/\/i0.wp.com\/unidenradar.eu\/wp-content\/uploads\/2022\/12\/Uniden-R4-GROUP.webp?resize=768%2C717&amp;ssl=1 768w, https:\/\/i0.wp.com\/unidenradar.eu\/wp-content\/uploads\/2022\/12\/Uniden-R4-GROUP.webp?resize=1536%2C1434&amp;ssl=1 1536w, https:\/\/i0.wp.com\/unidenradar.eu\/wp-content\/uploads\/2022\/12\/Uniden-R4-GROUP.webp?resize=600%2C560&amp;ssl=1 600w, https:\/\/i0.wp.com\/unidenradar.eu\/wp-content\/uploads\/2022\/12\/Uniden-R4-GROUP.webp?w=1714&amp;ssl=1 1714w\" sizes=\"auto, (max-width: 629px) 100vw, 629px\" \/>glasovne obavijesti<\/li>\n<li>GATSO otkrivanje<\/li>\n<li>Tiha vo\u017enja (automatsko isklju\u010divanje zvuka pri brzini)<\/li>\n<li>Automatsko zatamnjenje<\/li>\n<li>Bauk ton, prilagodljiv, upozorenja<\/li>\n<li>Frekvencijski prikaz radarskog pojasa (brzina struje, napon baterije, nadmorska visina, sat)<\/li>\n<li>Laserska identifikacija<\/li>\n<li>Nije mogu\u0107e prona\u0107i Specter Elite<\/li>\n<li>MAX sustav upozorenja o brzini<\/li>\n<li>Uklju\u010duju\u0107i dr\u017ea\u010d usisne \u010da\u0161e (jednostruki i dvostruki), podatkovni<\/li>\n<li>kabel i daljinsku tipkovnicu (dodatni pribor)<\/li>\n<li>Nadogradivi firmver<\/li>\n<\/ul>\n<h3>\u0160to je u kutiji<\/h3>\n<ul>\n<li class=\"sc-jlRLRk lnBKsu pf-103_\" data-pf-type=\"List.Item\"><span style=\"font-family: var(--global-body-font-family);\">UNIDEN R4 radarski detektor<br \/>\n<\/span><\/li>\n<li class=\"sc-jlRLRk lnBKsu pf-103_\" data-pf-type=\"List.Item\"><span style=\"font-family: var(--global-body-font-family);\">12V ISTOSMJERNI kabel za napajanje s RJ11 priklju\u010dkom<br \/>\n<\/span><\/li>\n<li class=\"sc-jlRLRk lnBKsu pf-103_\" data-pf-type=\"List.Item\"><span style=\"font-family: var(--global-body-font-family);\">Nosa\u010d za monta\u017eu vjetrobranskog stakla (1 usisna \u010da\u0161a)<br \/>\n<\/span><\/li>\n<li class=\"sc-jlRLRk lnBKsu pf-103_\" data-pf-type=\"List.Item\"><span style=\"font-family: var(--global-body-font-family);\">Nosa\u010d za monta\u017eu vjetrobranskog stakla (2 usisne \u010da\u0161e)<br \/>\n<\/span><\/li>\n<li class=\"sc-jlRLRk lnBKsu pf-103_\" data-pf-type=\"List.Item\"><span style=\"font-family: var(--global-body-font-family);\">Traka za pri\u010dvr\u0161\u0107ivanje kuke i petlje<br \/>\n<\/span><\/li>\n<li class=\"sc-jlRLRk lnBKsu pf-103_\" data-pf-type=\"List.Item\"><span style=\"font-family: var(--global-body-font-family);\">Nosiva torbica<br \/>\n<\/span><\/li>\n<li class=\"sc-jlRLRk lnBKsu pf-103_\" data-pf-type=\"List.Item\"><span style=\"font-family: var(--global-body-font-family);\">Podatkovni kabel<br \/>\n<\/span><\/li>\n<li class=\"sc-jlRLRk lnBKsu pf-103_\" data-pf-type=\"List.Item\"><span style=\"font-family: var(--global-body-font-family);\">Priru\u010dnik vlasnika Uniden R4 engleski \/ francuski \/ \u0161panjolski<br \/>\n<\/span><\/li>\n<li class=\"sc-jlRLRk lnBKsu pf-103_\" data-pf-type=\"List.Item\"><span style=\"font-family: var(--global-body-font-family);\">UNIDEN R4 korisni\u010dko priru\u010dnik za preuzimanje: <\/span><a style=\"font-family: var(--global-body-font-family);\" href=\"https:\/\/unidenradar.eu\/wp-content\/uploads\/2022\/12\/Uniden-R4_manual_EN.pdf\">Uniden R4_manual_EN<\/a><span style=\"font-family: var(--global-body-font-family);\">\u00a0<\/span><a style=\"font-family: var(--global-body-font-family);\" href=\"https:\/\/unidenradar.eu\/wp-content\/uploads\/2022\/12\/Uniden-R4_Manual_FR.pdf\">Uniden R4_Manual_FR<\/a> <a style=\"font-family: var(--global-body-font-family);\" href=\"https:\/\/unidenradar.eu\/wp-content\/uploads\/2022\/12\/Uniden-R4_Manual-ES.pdf\">Uniden R4_Manual ES<\/a><\/li>\n<\/ul>\n","protected":false},"excerpt":{"rendered":"<p>Uniden R4, potpuno je nova platforma s mnogo ve\u0107im dometom. Ima novu zna\u010dajku automatske memorije za isklju\u010divanje zvuka koja automatski zaklju\u010dava la\u017ena mjesta upozorenja. R4 tako\u0111er ima najbolji K Band filter na tr\u017ei\u0161tu, nude\u0107i najmanju koli\u010dinu la\u017enih upozorenja s monitora mrtvog kuta i K Band senzora u drugim vozilima. Kada trebate najbolje mogu\u0107e informacije, a ni\u0161ta od buke, Unidenov R4 Extreme stavlja vas miljama ispred.<\/p>\n","protected":false},"featured_media":3808,"comment_status":"open","ping_status":"closed","template":"","meta":{"_kad_blocks_custom_css":"","_kad_blocks_head_custom_js":"","_kad_blocks_body_custom_js":"","_kad_blocks_footer_custom_js":"","_kad_post_transparent":"","_kad_post_title":"","_kad_post_layout":"","_kad_post_sidebar_id":"","_kad_post_content_style":"","_kad_post_vertical_padding":"","_kad_post_feature":"","_kad_post_feature_position":"","_kad_post_header":false,"_kad_post_footer":false,"_kad_post_classname":""},"product_brand":[],"product_cat":[264,265],"product_tag":[],"class_list":{"0":"post-5011","1":"product","2":"type-product","3":"status-publish","4":"has-post-thumbnail","6":"product_cat-bestseleri","7":"product_cat-radarski-detektori","9":"first","10":"onbackorder","11":"taxable","12":"shipping-taxable","13":"purchasable","14":"product-type-simple","15":"entry","16":"content-bg","17":"loop-entry"},"taxonomy_info":{"product_cat":[{"value":264,"label":"Bestseleri"},{"value":265,"label":"Radarski detektori"}]},"featured_image_src_large":["https:\/\/i0.wp.com\/unidenradar.eu\/wp-content\/uploads\/2022\/12\/Uniden-R4-High-FRONT.webp?fit=1024%2C849&ssl=1",1024,849,true],"author_info":[],"comment_info":0,"_links":{"self":[{"href":"https:\/\/unidenradar.eu\/hr\/wp-json\/wp\/v2\/product\/5011","targetHints":{"allow":["GET"]}}],"collection":[{"href":"https:\/\/unidenradar.eu\/hr\/wp-json\/wp\/v2\/product"}],"about":[{"href":"https:\/\/unidenradar.eu\/hr\/wp-json\/wp\/v2\/types\/product"}],"replies":[{"embeddable":true,"href":"https:\/\/unidenradar.eu\/hr\/wp-json\/wp\/v2\/comments?post=5011"}],"wp:featuredmedia":[{"embeddable":true,"href":"https:\/\/unidenradar.eu\/hr\/wp-json\/wp\/v2\/media\/3808"}],"wp:attachment":[{"href":"https:\/\/unidenradar.eu\/hr\/wp-json\/wp\/v2\/media?parent=5011"}],"wp:term":[{"taxonomy":"product_brand","embeddable":true,"href":"https:\/\/unidenradar.eu\/hr\/wp-json\/wp\/v2\/product_brand?post=5011"},{"taxonomy":"product_cat","embeddable":true,"href":"https:\/\/unidenradar.eu\/hr\/wp-json\/wp\/v2\/product_cat?post=5011"},{"taxonomy":"product_tag","embeddable":true,"href":"https:\/\/unidenradar.eu\/hr\/wp-json\/wp\/v2\/product_tag?post=5011"}],"curies":[{"name":"wp","href":"https:\/\/api.w.org\/{rel}","templated":true}]}}