{"id":5127,"date":"2022-10-20T19:35:07","date_gmt":"2022-10-20T17:35:07","guid":{"rendered":"https:\/\/unidenradar.eu\/product\/instalacijski-komplet-za-radarski-detektor-uniden-r4-i-r8\/"},"modified":"2022-12-20T19:35:07","modified_gmt":"2022-12-20T18:35:07","slug":"instalacijski-komplet-za-radarski-detektor-uniden-r4-i-r8","status":"publish","type":"product","link":"https:\/\/unidenradar.eu\/hr\/proizvod\/instalacijski-komplet-za-radarski-detektor-uniden-r4-i-r8\/","title":{"rendered":"Instalacijski KOMPLET za radarski detektor Uniden R4 i R8"},"content":{"rendered":"<p>Uniden RDA-HDWKT Radar Detector komplet izravne \u017eice s daljinskim gumbom za isklju\u010divanje zvuka omogu\u0107uje vam izravno spajanje kompatibilnog Uniden radarskog detektora u kutiju s osigura\u010dima va\u0161eg automobila. To vam omogu\u0107uje da montirate malu upravlja\u010dku kutiju tamo gdje \u017eelite jednostavnu diskretnu kontrolu funkcionalnosti isklju\u010divanja zvuka.<\/p>\n","protected":false},"excerpt":{"rendered":"<ul>\n<li>Komplet izravne \u017eice radarskog detektora<\/li>\n<li>s gumbom za daljinsko isklju\u010divanje zvuka<\/li>\n<li>kompatibilan radarski detektor Uniden R4 i R8<\/li>\n<li>omogu\u0107uje montiranje male kontrolne kutije na \u017eeljeno mjesto<\/li>\n<li>za jednostavnu diskretnu kontrolu funkcionalnosti isklju\u010divanja zvuka<\/li>\n<\/ul>\n","protected":false},"featured_media":3934,"comment_status":"open","ping_status":"closed","template":"","meta":{"_kad_blocks_custom_css":"","_kad_blocks_head_custom_js":"","_kad_blocks_body_custom_js":"","_kad_blocks_footer_custom_js":"","_kad_post_transparent":"","_kad_post_title":"","_kad_post_layout":"","_kad_post_sidebar_id":"","_kad_post_content_style":"","_kad_post_vertical_padding":"","_kad_post_feature":"","_kad_post_feature_position":"","_kad_post_header":false,"_kad_post_footer":false,"_kad_post_classname":""},"product_brand":[],"product_cat":[307],"product_tag":[],"class_list":{"0":"post-5127","1":"product","2":"type-product","3":"status-publish","4":"has-post-thumbnail","6":"product_cat-pribor","8":"first","9":"instock","10":"taxable","11":"shipping-taxable","12":"purchasable","13":"product-type-simple","14":"entry","15":"content-bg","16":"loop-entry"},"taxonomy_info":{"product_cat":[{"value":307,"label":"Pribor"}]},"featured_image_src_large":["https:\/\/i0.wp.com\/unidenradar.eu\/wp-content\/uploads\/2022\/12\/uniden-hardwire-kit-R4-R8.png?fit=724%2C492&ssl=1",724,492,true],"author_info":[],"comment_info":0,"_links":{"self":[{"href":"https:\/\/unidenradar.eu\/hr\/wp-json\/wp\/v2\/product\/5127","targetHints":{"allow":["GET"]}}],"collection":[{"href":"https:\/\/unidenradar.eu\/hr\/wp-json\/wp\/v2\/product"}],"about":[{"href":"https:\/\/unidenradar.eu\/hr\/wp-json\/wp\/v2\/types\/product"}],"replies":[{"embeddable":true,"href":"https:\/\/unidenradar.eu\/hr\/wp-json\/wp\/v2\/comments?post=5127"}],"wp:featuredmedia":[{"embeddable":true,"href":"https:\/\/unidenradar.eu\/hr\/wp-json\/wp\/v2\/media\/3934"}],"wp:attachment":[{"href":"https:\/\/unidenradar.eu\/hr\/wp-json\/wp\/v2\/media?parent=5127"}],"wp:term":[{"taxonomy":"product_brand","embeddable":true,"href":"https:\/\/unidenradar.eu\/hr\/wp-json\/wp\/v2\/product_brand?post=5127"},{"taxonomy":"product_cat","embeddable":true,"href":"https:\/\/unidenradar.eu\/hr\/wp-json\/wp\/v2\/product_cat?post=5127"},{"taxonomy":"product_tag","embeddable":true,"href":"https:\/\/unidenradar.eu\/hr\/wp-json\/wp\/v2\/product_tag?post=5127"}],"curies":[{"name":"wp","href":"https:\/\/api.w.org\/{rel}","templated":true}]}}