{"id":4879,"date":"2022-12-28T13:04:39","date_gmt":"2022-12-28T12:04:39","guid":{"rendered":"https:\/\/unidenradar.eu\/product\/uniden-r8-europe-extrem-nagy-hatotavolsagu-radar-lezer-detektor\/"},"modified":"2026-03-09T23:36:27","modified_gmt":"2026-03-09T22:36:27","slug":"uniden-r8-europe-extrem-nagy-hatotavolsagu-radar-lezer-detektor","status":"publish","type":"product","link":"https:\/\/unidenradar.eu\/hu\/termek\/uniden-r8-europe-extrem-nagy-hatotavolsagu-radar-lezer-detektor\/","title":{"rendered":"UNIDEN R8 Europe Extr\u00e9m nagy hat\u00f3t\u00e1vols\u00e1g\u00fa radar\/l\u00e9zer detektor"},"content":{"rendered":"<div style=\"width: 1290px;\" class=\"wp-video\"><video class=\"wp-video-shortcode\" id=\"video-4879-1\" width=\"1290\" height=\"726\" preload=\"metadata\" controls=\"controls\"><source type=\"video\/mp4\" src=\"https:\/\/unidenradar.eu\/wp-content\/uploads\/2023\/01\/Uniden_Radar_R8_video.mp4?_=1\" \/><a href=\"https:\/\/unidenradar.eu\/wp-content\/uploads\/2023\/01\/Uniden_Radar_R8_video.mp4\">https:\/\/unidenradar.eu\/wp-content\/uploads\/2023\/01\/Uniden_Radar_R8_video.mp4<\/a><\/video><\/div>\n<p>&nbsp;<\/p>\n<div class=\"list-row\">\n<p class=\"product-description\"><strong>Uniden R8 Europe Extreme nagy hat\u00f3t\u00e1vols\u00e1g\u00fa kett\u0151s radar- \u00e9s l\u00e9zerdetektor, be\u00e9p\u00edtett GPS-szel \u00e9s uni\u00f3s adatb\u00e1zissal az Uniden-t\u0151l.<\/strong> Az Uniden R8 lehet\u0151v\u00e9 teszi, hogy megjel\u00f6lje azokat a f\u00f6ldrajzi pontokat, ahol gyakran tal\u00e1lkozik radarjelz\u00e9sekkel. Ezek lehetnek iskolai z\u00f3n\u00e1k, piros l\u00e1mp\u00e1s kamer\u00e1k \u00e9s olyan helyek, ahol a rend\u0151rs\u00e9g gyakran ellen\u0151rzi a forgalmat. Megjel\u00f6lheti ezeket a pontokat, \u00edgy az R3 radar\u00e9rz\u00e9kel\u0151 hangjelz\u00e9se a &#8222;Felhaszn\u00e1l\u00f3i jelz\u00e9s el\u0151tt\u00fcnk&#8221; feliratot fogja bemondani, amikor k\u00f6zeledik. A Hangos \u00e9rtes\u00edt\u00e9s funkci\u00f3val a felhaszn\u00e1l\u00f3k megtudhatj\u00e1k, hogy milyen t\u00edpus\u00fa radart \u00e9rz\u00e9kelnek (piros l\u00e1mpa, sebess\u00e9g stb.). M\u00e9g az ir\u00e1nyt, a s\u00e1vot \u00e9s a jeler\u0151ss\u00e9get is megmutatja mindegyikhez. Mostant\u00f3l hivatalos eur\u00f3pai verzi\u00f3ban is el\u00e9rhet\u0151, bele\u00e9rtve az EU adatb\u00e1zist.<\/p>\n<\/div>\n<h3 class=\"list-row\">Uniden R8 sorozat jellemz\u0151i<\/h3>\n<div class=\"list-row\">\n<ul>\n<li>Szuper nagy hat\u00f3t\u00e1vols\u00e1g\u00fa l\u00e9zeres radaros \u00e9rz\u00e9kel\u00e9s<\/li>\n<li>MRCD\/MRCT (riaszt\u00e1si priorit\u00e1s: L\u00e9zer, MRCD, Ka, K, X)<\/li>\n<li>testreszabhat\u00f3 hangokkal.<\/li>\n<li>Kett\u0151s antenna kijelzi a l\u00e9zer ir\u00e1ny\u00e1t<\/li>\n<li>Hangos \u00e9rtes\u00edt\u00e9sek<\/li>\n<li>Radars\u00e1v frekvencia kijelz\u0151k<\/li>\n<li>GPS POI adatb\u00e1zis a piros l\u00e1mp\u00e1k \u00e9s sebess\u00e9gm\u00e9r\u0151 kamer\u00e1k<\/li>\n<li>helyeihez az \u00d6n orsz\u00e1g\u00e1ban<\/li>\n<li>Ak\u00e1r 2000 GPS-z\u00e1rlat<\/li>\n<li>K\u00f6nnyen olvashat\u00f3 OLED kijelz\u0151<\/li>\n<li>Felhaszn\u00e1l\u00f3i jel\u00f6l\u00e9sk\u00e9szlet \u00e9s hangos \u00e9rtes\u00edt\u00e9s<\/li>\n<li>Fejlett K \u00e9s Ka s\u00e1v\u00fa sz\u0171r\u0151k<\/li>\n<li>Spectre I \u00e9s IV \u00e9rz\u00e9kelhetetlen<\/li>\n<li>Jeler\u0151ss\u00e9g \u00e9s j\u00e1rm\u0171akkumul\u00e1tor-fesz\u00fclts\u00e9g kijelz\u00e9se<\/li>\n<li>Max. Sebess\u00e9g figyelmeztet\u0151 rendszer<\/li>\n<li>Piros l\u00e1mp\u00e1s kamerapont t\u00f6rl\u00e9se<\/li>\n<li>X, K, MRCD, Ka \u00e9s L\u00e9zer s\u00e1vban v\u00e1laszthat\u00f3 figyelmeztet\u0151 hangok<br \/>\nMumushang (riaszt\u00e1si hangok 1-5)<\/li>\n<li>X, K \u00e9s Ka s\u00e1vban felhaszn\u00e1l\u00f3 \u00e1ltal meghat\u00e1rozott \u00e9rz\u00e9kenys\u00e9gi szintek<\/li>\n<li>Automatikus n\u00e9m\u00edt\u00e1si hanger\u0151szintek (Ki, Be: 0 &#8211; 5)<\/li>\n<li>Ka frekvencia hangriaszt\u00e1s<\/li>\n<li>Automatikus tomp\u00edt\u00e1s<\/li>\n<li>T\u00fall\u00e9p\u00e9si riaszt\u00e1s n\u00e9m\u00edt\u00e1s<\/li>\n<li>Radarnyilak jelzik, hogy a fenyeget\u00e9s melyik ir\u00e1nyb\u00f3l \u00e9rkezik<\/li>\n<li>360\u00b0-os l\u00e9zeres felismer\u00e9s<\/li>\n<li>Nagym\u00e9ret\u0171, ultra-f\u00e9nyes OLED kijelz\u0151 nappal \u00e9s \u00e9jszaka is<\/li>\n<li>Hangjelz\u00e9sek<\/li>\n<li>50%-kal gyorsabb processzor<\/li>\n<\/ul>\n<\/div>\n<p><img data-recalc-dims=\"1\" loading=\"lazy\" decoding=\"async\" class=\"alignright wp-image-1189\" src=\"https:\/\/i0.wp.com\/unidenradar.eu\/wp-content\/uploads\/2022\/12\/Uniden-R8-GROUP.webp?resize=638%2C491&#038;ssl=1\" alt=\"\" width=\"638\" height=\"491\" srcset=\"https:\/\/i0.wp.com\/unidenradar.eu\/wp-content\/uploads\/2022\/12\/Uniden-R8-GROUP-scaled.webp?resize=1024%2C788&amp;ssl=1 1024w, https:\/\/i0.wp.com\/unidenradar.eu\/wp-content\/uploads\/2022\/12\/Uniden-R8-GROUP-scaled.webp?resize=300%2C231&amp;ssl=1 300w, https:\/\/i0.wp.com\/unidenradar.eu\/wp-content\/uploads\/2022\/12\/Uniden-R8-GROUP-scaled.webp?resize=768%2C591&amp;ssl=1 768w, https:\/\/i0.wp.com\/unidenradar.eu\/wp-content\/uploads\/2022\/12\/Uniden-R8-GROUP-scaled.webp?resize=1536%2C1183&amp;ssl=1 1536w, https:\/\/i0.wp.com\/unidenradar.eu\/wp-content\/uploads\/2022\/12\/Uniden-R8-GROUP-scaled.webp?resize=2048%2C1577&amp;ssl=1 2048w, https:\/\/i0.wp.com\/unidenradar.eu\/wp-content\/uploads\/2022\/12\/Uniden-R8-GROUP-scaled.webp?resize=600%2C462&amp;ssl=1 600w\" sizes=\"auto, (max-width: 638px) 100vw, 638px\" \/><\/p>\n<h3>Mi van a dobozban<\/h3>\n<div class=\"list-row\">\n<ul>\n<li>UNIDEN R8 radar\u00e9rz\u00e9kel\u0151<\/li>\n<li>12V DC t\u00e1pk\u00e1bel RJ11 csatlakoz\u00f3val<\/li>\n<li>Sz\u00e9lv\u00e9d\u0151 r\u00f6gz\u00edt\u0151 konzol (1 tapad\u00f3korong)<\/li>\n<li>Sz\u00e9lv\u00e9d\u0151 r\u00f6gz\u00edt\u0151 konzol (2 tapad\u00f3korong)<\/li>\n<li>Neopr\u00e9n h\u00fcvely<\/li>\n<li>Hordt\u00e1ska<\/li>\n<li>USB k\u00e1bel<\/li>\n<li>Horgos \u00e9s hurkos szalag<\/li>\n<li>Tulajdonosi k\u00e9zik\u00f6nyv<\/li>\n<\/ul>\n<h3>Uniden felhaszn\u00e1l\u00f3i k\u00e9zik\u00f6nyv<\/h3>\n<p>Uniden R8 felhaszn\u00e1l\u00f3i k\u00e9zik\u00f6nyv (PDF):<\/p>\n<p><a href=\"https:\/\/unidenradar.eu\/wp-content\/uploads\/2022\/12\/Uniden_R8-manual-FR.pdf\">Uniden_R8 manual FR<\/a> <a href=\"https:\/\/unidenradar.eu\/wp-content\/uploads\/2022\/12\/Uniden_R8-manual-ES.pdf\">Uniden_R8 manual ES<\/a> <a href=\"https:\/\/unidenradar.eu\/wp-content\/uploads\/2022\/12\/Uniden_R8-manual-EN.pdf\">Uniden_R8 manual EN<\/a><\/p>\n<\/div>\n","protected":false},"excerpt":{"rendered":"<p>A vadonat\u00faj Uniden R8 radar\u00e9rz\u00e9kel\u0151 az ipar\u00e1g legt\u00f6bbet emlegetett radar\u00e9rz\u00e9kel\u0151 term\u00e9kcsal\u00e1dj\u00e1nak leg\u00fajabb tagja. A kett\u0151s antenna lehet\u0151v\u00e9 teszi, hogy az R8 mind a 4 ir\u00e1nyb\u00f3l \u00e9szlelje a fenyeget\u00e9st, \u00e9s hangjelz\u00e9ssel jelezze a fenyeget\u00e9s ir\u00e1ny\u00e1t. M\u00e9g az ir\u00e1nyt, a s\u00e1vot \u00e9s a jeler\u0151ss\u00e9get is megmutatja. A t\u00f6k\u00e9letess\u00e9g m\u00e9g jobb lett. Mostant\u00f3l eur\u00f3pai v\u00e1ltozatban is kaphat\u00f3.<\/p>\n","protected":false},"featured_media":3355,"comment_status":"open","ping_status":"closed","template":"","meta":{"_kad_blocks_custom_css":"","_kad_blocks_head_custom_js":"","_kad_blocks_body_custom_js":"","_kad_blocks_footer_custom_js":"","_kad_post_transparent":"","_kad_post_title":"","_kad_post_layout":"","_kad_post_sidebar_id":"","_kad_post_content_style":"","_kad_post_vertical_padding":"","_kad_post_feature":"","_kad_post_feature_position":"","_kad_post_header":false,"_kad_post_footer":false,"_kad_post_classname":""},"product_brand":[],"product_cat":[301,302],"product_tag":[303],"class_list":{"0":"post-4879","1":"product","2":"type-product","3":"status-publish","4":"has-post-thumbnail","6":"product_cat-bestsellerek","7":"product_cat-radardetektorok","8":"product_tag-uniden-r8-hu","10":"first","11":"onbackorder","12":"taxable","13":"shipping-taxable","14":"purchasable","15":"product-type-simple","16":"entry","17":"content-bg","18":"loop-entry"},"taxonomy_info":{"product_cat":[{"value":301,"label":"Bestsellerek"},{"value":302,"label":"Radardetektorok"}],"product_tag":[{"value":303,"label":"Uniden R8"}]},"featured_image_src_large":["https:\/\/i0.wp.com\/unidenradar.eu\/wp-content\/uploads\/2022\/12\/Uniden-R8-radar-detector-High-FRONT.webp?fit=1024%2C777&ssl=1",1024,777,true],"author_info":[],"comment_info":0,"_links":{"self":[{"href":"https:\/\/unidenradar.eu\/hu\/wp-json\/wp\/v2\/product\/4879","targetHints":{"allow":["GET"]}}],"collection":[{"href":"https:\/\/unidenradar.eu\/hu\/wp-json\/wp\/v2\/product"}],"about":[{"href":"https:\/\/unidenradar.eu\/hu\/wp-json\/wp\/v2\/types\/product"}],"replies":[{"embeddable":true,"href":"https:\/\/unidenradar.eu\/hu\/wp-json\/wp\/v2\/comments?post=4879"}],"wp:featuredmedia":[{"embeddable":true,"href":"https:\/\/unidenradar.eu\/hu\/wp-json\/wp\/v2\/media\/3355"}],"wp:attachment":[{"href":"https:\/\/unidenradar.eu\/hu\/wp-json\/wp\/v2\/media?parent=4879"}],"wp:term":[{"taxonomy":"product_brand","embeddable":true,"href":"https:\/\/unidenradar.eu\/hu\/wp-json\/wp\/v2\/product_brand?post=4879"},{"taxonomy":"product_cat","embeddable":true,"href":"https:\/\/unidenradar.eu\/hu\/wp-json\/wp\/v2\/product_cat?post=4879"},{"taxonomy":"product_tag","embeddable":true,"href":"https:\/\/unidenradar.eu\/hu\/wp-json\/wp\/v2\/product_tag?post=4879"}],"curies":[{"name":"wp","href":"https:\/\/api.w.org\/{rel}","templated":true}]}}