{"id":5013,"date":"2022-12-21T18:11:50","date_gmt":"2022-12-21T17:11:50","guid":{"rendered":"https:\/\/unidenradar.eu\/product\/uniden-r4-europe-nagy-hatotavolsagu-radar-es-lezerdetektor\/"},"modified":"2025-06-21T00:34:53","modified_gmt":"2025-06-20T22:34:53","slug":"uniden-r4-europe-nagy-hatotavolsagu-radar-es-lezerdetektor","status":"publish","type":"product","link":"https:\/\/unidenradar.eu\/hu\/termek\/uniden-r4-europe-nagy-hatotavolsagu-radar-es-lezerdetektor\/","title":{"rendered":"UNIDEN R4 Europe nagy hat\u00f3t\u00e1vols\u00e1g\u00fa radar- \u00e9s l\u00e9zerdetektor"},"content":{"rendered":"<p class=\"product-description\"><strong>Az \u00faj Uniden R4 Europe Long Range radar\u00e9rz\u00e9kel\u0151<\/strong> teljesen \u00faj 2022-es platformmal \u00e9s sokkal nagyobb hat\u00f3t\u00e1vols\u00e1ggal, ez\u00e1ltal m\u00e9g jobb el\u0151zetes figyelmeztet\u00e9ssel a radar- \u00e9s sebess\u00e9gm\u00e9r\u0151 kamer\u00e1khoz. az R4 \u00faj Auto Mute Memory funkci\u00f3val rendelkezik, amely automatikusan kiz\u00e1rja a t\u00e9ves riaszt\u00e1sokat a GPS-en kereszt\u00fcl. Az R4 a piacon el\u00e9rhet\u0151 legjobb K-s\u00e1v\u00fa sz\u0171r\u0151vel is rendelkezik, amely a holtteret figyel\u0151k \u00e9s a K-s\u00e1v\u00fa \u00e9rz\u00e9kel\u0151k t\u00e9ves riaszt\u00e1sainak legalacsonyabb sz\u00e1m\u00e1t biztos\u00edtja.<\/p>\n<p>&nbsp;<\/p>\n<div style=\"width: 1200px;\" class=\"wp-video\"><video class=\"wp-video-shortcode\" id=\"video-5013-1\" width=\"1200\" height=\"580\" preload=\"metadata\" controls=\"controls\"><source type=\"video\/mp4\" src=\"https:\/\/unidenradar.eu\/wp-content\/uploads\/2022\/12\/Uniden_R4_radar_detector.mp4?_=1\" \/><a href=\"https:\/\/unidenradar.eu\/wp-content\/uploads\/2022\/12\/Uniden_R4_radar_detector.mp4\">https:\/\/unidenradar.eu\/wp-content\/uploads\/2022\/12\/Uniden_R4_radar_detector.mp4<\/a><\/video><\/div>\n<p>&nbsp;<\/p>\n<h3 class=\"product-description\">Uniden R4 term\u00e9k\u00e1ttekint\u00e9s<\/h3>\n<ul>\n<li>Extr\u00e9m hat\u00f3t\u00e1vols\u00e1g\u00fa l\u00e9zeres radaros \u00e9rz\u00e9kel\u00e9s<\/li>\n<li>K\u00e9t LNA (alacsony zajszint\u0171 er\u0151s\u00edt\u0151) kialak\u00edt\u00e1s<\/li>\n<li>Digit\u00e1lis jelfeldolgoz\u00f3 processzor<\/li>\n<li>Be\u00e9p\u00edtett GPS a piros l\u00e1mp\u00e1k \u00e9s sebess\u00e9gm\u00e9r\u0151 kamer\u00e1k hely\u00e9nek<\/li>\n<li>meghat\u00e1roz\u00e1s\u00e1hoz (EUROPE)<\/li>\n<li>Ultra-f\u00e9nyes, k\u00f6nnyen leolvashat\u00f3, t\u00f6bbsz\u00edn\u0171 OLED kijelz\u0151<\/li>\n<li>MRCD \/ MRCT (figyelmeztet\u00e9si priorit\u00e1s: l\u00e9zer, MRCD, Ka, K, X)<\/li>\n<li>testreszabhat\u00f3 hangokkal.<\/li>\n<li>Piros l\u00e1mp\u00e1s kamer\u00e1ra figyelmeztet\u00e9s<\/li>\n<li>Sebess\u00e9gm\u00e9r\u0151 kamera figyelmeztet\u00e9s<\/li>\n<li>Automatikus n\u00e9m\u00edt\u00f3 mem\u00f3ria &#8211; automatikusan z\u00e1rolja a helytelen<\/li>\n<li>figyelmeztet\u0151 poz\u00edci\u00f3kat<\/li>\n<li>Fejlett K \/ KA s\u00e1v\u00fa sz\u0171r\u0151k<\/li>\n<li><img data-recalc-dims=\"1\" loading=\"lazy\" decoding=\"async\" class=\"alignright wp-image-1260\" src=\"https:\/\/i0.wp.com\/unidenradar.eu\/wp-content\/uploads\/2022\/12\/Uniden-R4-GROUP.webp?resize=629%2C587&#038;ssl=1\" alt=\"\" width=\"629\" height=\"587\" srcset=\"https:\/\/i0.wp.com\/unidenradar.eu\/wp-content\/uploads\/2022\/12\/Uniden-R4-GROUP.webp?resize=1024%2C956&amp;ssl=1 1024w, https:\/\/i0.wp.com\/unidenradar.eu\/wp-content\/uploads\/2022\/12\/Uniden-R4-GROUP.webp?resize=300%2C280&amp;ssl=1 300w, https:\/\/i0.wp.com\/unidenradar.eu\/wp-content\/uploads\/2022\/12\/Uniden-R4-GROUP.webp?resize=768%2C717&amp;ssl=1 768w, https:\/\/i0.wp.com\/unidenradar.eu\/wp-content\/uploads\/2022\/12\/Uniden-R4-GROUP.webp?resize=1536%2C1434&amp;ssl=1 1536w, https:\/\/i0.wp.com\/unidenradar.eu\/wp-content\/uploads\/2022\/12\/Uniden-R4-GROUP.webp?resize=600%2C560&amp;ssl=1 600w, https:\/\/i0.wp.com\/unidenradar.eu\/wp-content\/uploads\/2022\/12\/Uniden-R4-GROUP.webp?w=1714&amp;ssl=1 1714w\" sizes=\"auto, (max-width: 629px) 100vw, 629px\" \/>Hangos \u00e9rtes\u00edt\u00e9sek<\/li>\n<li>GATSO-\u00e9rz\u00e9kel\u00e9s<\/li>\n<li>Quiet Ride (automatikus n\u00e9m\u00edt\u00e1s sebess\u00e9gn\u00e9l)<\/li>\n<li>Automatikus s\u00f6t\u00e9t\u00edt\u00e9s<\/li>\n<li>Mumushang, testreszabhat\u00f3, figyelmeztet\u00e9sek<\/li>\n<li>Radar s\u00e1v frekvencia kijelz\u0151 (aktu\u00e1lis sebess\u00e9g, akkumul\u00e1tor<\/li>\n<li>fesz\u00fclts\u00e9g, magass\u00e1g, \u00f3ra)<\/li>\n<li>L\u00e9zeres azonos\u00edt\u00e1s<\/li>\n<li>Nem tal\u00e1lja a Specter Elite-et<\/li>\n<li>MAX sebess\u00e9g figyelmeztet\u0151 rendszer<\/li>\n<li>Tartalmazza a tapad\u00f3korongtart\u00f3t (szimpla \u00e9s dupla), az<\/li>\n<li>adatk\u00e1belt \u00e9s a t\u00e1voli billenty\u0171zetet (opcion\u00e1lis tartoz\u00e9k).<\/li>\n<li>Friss\u00edthet\u0151 firmware<\/li>\n<\/ul>\n<h3>Mi van a dobozban<\/h3>\n<ul>\n<li class=\"sc-jlRLRk lnBKsu pf-103_\" data-pf-type=\"List.Item\"><span style=\"font-family: var(--global-body-font-family);\">UNIDEN R4 radar\u00e9rz\u00e9kel\u0151<br \/>\n<\/span><\/li>\n<li class=\"sc-jlRLRk lnBKsu pf-103_\" data-pf-type=\"List.Item\"><span style=\"font-family: var(--global-body-font-family);\">12V DC t\u00e1pk\u00e1bel RJ11 csatlakoz\u00f3val<br \/>\n<\/span><\/li>\n<li class=\"sc-jlRLRk lnBKsu pf-103_\" data-pf-type=\"List.Item\"><span style=\"font-family: var(--global-body-font-family);\">Sz\u00e9lv\u00e9d\u0151 r\u00f6gz\u00edt\u0151 konzol (1 tapad\u00f3korong)<br \/>\n<\/span><\/li>\n<li class=\"sc-jlRLRk lnBKsu pf-103_\" data-pf-type=\"List.Item\"><span style=\"font-family: var(--global-body-font-family);\">Sz\u00e9lv\u00e9d\u0151re szerelhet\u0151 tart\u00f3 (2 tapad\u00f3korong)<br \/>\n<\/span><\/li>\n<li class=\"sc-jlRLRk lnBKsu pf-103_\" data-pf-type=\"List.Item\"><span style=\"font-family: var(--global-body-font-family);\">Horgos \u00e9s hurkos r\u00f6gz\u00edt\u0151szalag<br \/>\n<\/span><\/li>\n<li class=\"sc-jlRLRk lnBKsu pf-103_\" data-pf-type=\"List.Item\"><span style=\"font-family: var(--global-body-font-family);\">Hordt\u00e1ska<br \/>\n<\/span><\/li>\n<li class=\"sc-jlRLRk lnBKsu pf-103_\" data-pf-type=\"List.Item\"><span style=\"font-family: var(--global-body-font-family);\">Adatk\u00e1bel<br \/>\n<\/span><\/li>\n<li class=\"sc-jlRLRk lnBKsu pf-103_\" data-pf-type=\"List.Item\"><span style=\"font-family: var(--global-body-font-family);\">Uniden R4 felhaszn\u00e1l\u00f3i k\u00e9zik\u00f6nyv angol \/ francia \/ spanyol<br \/>\n<\/span><\/li>\n<li class=\"sc-jlRLRk lnBKsu pf-103_\" data-pf-type=\"List.Item\"><span style=\"font-family: var(--global-body-font-family);\">UNIDEN R4 felhaszn\u00e1l\u00f3i k\u00e9zik\u00f6nyv let\u00f6lt\u00e9se: <\/span><a style=\"font-family: var(--global-body-font-family);\" href=\"https:\/\/unidenradar.eu\/wp-content\/uploads\/2022\/12\/Uniden-R4_manual_EN.pdf\">Uniden R4_manual_EN<\/a><span style=\"font-family: var(--global-body-font-family);\">\u00a0<\/span><a style=\"font-family: var(--global-body-font-family);\" href=\"https:\/\/unidenradar.eu\/wp-content\/uploads\/2022\/12\/Uniden-R4_Manual_FR.pdf\">Uniden R4_Manual_FR<\/a> <a style=\"font-family: var(--global-body-font-family);\" href=\"https:\/\/unidenradar.eu\/wp-content\/uploads\/2022\/12\/Uniden-R4_Manual-ES.pdf\">Uniden R4_Manual ES<\/a><\/li>\n<\/ul>\n","protected":false},"excerpt":{"rendered":"<p>Az Uniden R4 egy teljesen \u00faj platform, sokkal nagyobb hat\u00f3t\u00e1vols\u00e1ggal. \u00daj Auto Mute Memory funkci\u00f3val rendelkezik, amely automatikusan kiz\u00e1rja a t\u00e9ves riaszt\u00e1si helyeket. Az R4 rendelkezik a legjobb K-s\u00e1vos sz\u0171r\u0151vel is a piacon, amely a legkevesebb t\u00e9ves riaszt\u00e1st k\u00edn\u00e1lja a holtt\u00e9rfigyel\u0151k \u00e9s m\u00e1s j\u00e1rm\u0171vek K-s\u00e1vos \u00e9rz\u00e9kel\u0151i \u00e1ltal. Ha a lehet\u0151 legjobb inform\u00e1ci\u00f3ra van sz\u00fcks\u00e9ge, \u00e9s semmi zajra, az Uniden R4 Extreme m\u00e9rf\u00f6ldekkel el\u0151r\u00e9bb visz.<\/p>\n","protected":false},"featured_media":3817,"comment_status":"open","ping_status":"closed","template":"","meta":{"_kad_blocks_custom_css":"","_kad_blocks_head_custom_js":"","_kad_blocks_body_custom_js":"","_kad_blocks_footer_custom_js":"","_kad_post_transparent":"","_kad_post_title":"","_kad_post_layout":"","_kad_post_sidebar_id":"","_kad_post_content_style":"","_kad_post_vertical_padding":"","_kad_post_feature":"","_kad_post_feature_position":"","_kad_post_header":false,"_kad_post_footer":false,"_kad_post_classname":""},"product_brand":[],"product_cat":[301,302],"product_tag":[],"class_list":{"0":"post-5013","1":"product","2":"type-product","3":"status-publish","4":"has-post-thumbnail","6":"product_cat-bestsellerek","7":"product_cat-radardetektorok","9":"first","10":"onbackorder","11":"taxable","12":"shipping-taxable","13":"purchasable","14":"product-type-simple","15":"entry","16":"content-bg","17":"loop-entry"},"taxonomy_info":{"product_cat":[{"value":301,"label":"Bestsellerek"},{"value":302,"label":"Radardetektorok"}]},"featured_image_src_large":["https:\/\/i0.wp.com\/unidenradar.eu\/wp-content\/uploads\/2022\/12\/Uniden-R4-High-FRONT.webp?fit=1024%2C849&ssl=1",1024,849,true],"author_info":[],"comment_info":0,"_links":{"self":[{"href":"https:\/\/unidenradar.eu\/hu\/wp-json\/wp\/v2\/product\/5013","targetHints":{"allow":["GET"]}}],"collection":[{"href":"https:\/\/unidenradar.eu\/hu\/wp-json\/wp\/v2\/product"}],"about":[{"href":"https:\/\/unidenradar.eu\/hu\/wp-json\/wp\/v2\/types\/product"}],"replies":[{"embeddable":true,"href":"https:\/\/unidenradar.eu\/hu\/wp-json\/wp\/v2\/comments?post=5013"}],"wp:featuredmedia":[{"embeddable":true,"href":"https:\/\/unidenradar.eu\/hu\/wp-json\/wp\/v2\/media\/3817"}],"wp:attachment":[{"href":"https:\/\/unidenradar.eu\/hu\/wp-json\/wp\/v2\/media?parent=5013"}],"wp:term":[{"taxonomy":"product_brand","embeddable":true,"href":"https:\/\/unidenradar.eu\/hu\/wp-json\/wp\/v2\/product_brand?post=5013"},{"taxonomy":"product_cat","embeddable":true,"href":"https:\/\/unidenradar.eu\/hu\/wp-json\/wp\/v2\/product_cat?post=5013"},{"taxonomy":"product_tag","embeddable":true,"href":"https:\/\/unidenradar.eu\/hu\/wp-json\/wp\/v2\/product_tag?post=5013"}],"curies":[{"name":"wp","href":"https:\/\/api.w.org\/{rel}","templated":true}]}}