{"id":5119,"date":"2022-11-22T17:04:02","date_gmt":"2022-11-22T16:04:02","guid":{"rendered":"https:\/\/unidenradar.eu\/product\/europa-elethosszig-tarto-radar-poi-frissitesek-uniden-r8-uniden-r4-international\/"},"modified":"2022-12-22T17:04:02","modified_gmt":"2022-12-22T16:04:02","slug":"europa-elethosszig-tarto-radar-poi-frissitesek-uniden-r8-uniden-r4-international","status":"publish","type":"product","link":"https:\/\/unidenradar.eu\/hu\/termek\/europa-elethosszig-tarto-radar-poi-frissitesek-uniden-r8-uniden-r4-international\/","title":{"rendered":"Eur\u00f3pa \u00c9lethosszig tart\u00f3 radar POI friss\u00edt\u00e9sek Uniden R8 &#038; UNIDEN R4 INTERNATIONAL"},"content":{"rendered":"<p>Eur\u00f3pai POI adatb\u00e1zis \u00e9lethosszig tart\u00f3 friss\u00edt\u00e9sek Uniden R4 &amp; R8 nem eur\u00f3pai verzi\u00f3hoz<\/p>\n<h2>Az UNIDEN RADAR EU adatb\u00e1zis tartalmazza:<\/h2>\n<ul>\n<li>Fix sebess\u00e9gm\u00e9r\u0151 radarkamer\u00e1k<\/li>\n<li>Piros l\u00e1mp\u00e1s kamer\u00e1k<\/li>\n<li>Gyakori mobil sebess\u00e9gellen\u0151rz\u00e9si ter\u00fcletek<\/li>\n<li>T\u00e1vols\u00e1gellen\u0151rz\u00e9sek<\/li>\n<\/ul>\n<h3>Az adatb\u00e1zis a k\u00f6vetkez\u0151 eur\u00f3pai orsz\u00e1gokat tartalmazza:<\/h3>\n<ul>\n<li style=\"list-style-type: none;\">\n<ul class=\"column\">\n<li>Alb\u00e1nia<br \/>\nAndorra<br \/>\n\u00d6rm\u00e9nyorsz\u00e1g<br \/>\nAusztria<br \/>\nAzerbajdzs\u00e1n<br \/>\nFeh\u00e9roroszorsz\u00e1g<br \/>\nBelgium<br \/>\nBosznia-Hercegovina<br \/>\nBulg\u00e1ria<br \/>\nHorv\u00e1torsz\u00e1g<br \/>\nCiprus<br \/>\nCsehorsz\u00e1g<br \/>\nD\u00e1nia<br \/>\n\u00c9sztorsz\u00e1g<br \/>\nFinnorsz\u00e1g<br \/>\nFranciaorsz\u00e1g<br \/>\nGr\u00fazia<br \/>\nN\u00e9metorsz\u00e1g<br \/>\nG\u00f6r\u00f6gorsz\u00e1g<br \/>\nMagyarorsz\u00e1g<br \/>\nIzland<br \/>\n\u00cdrorsz\u00e1g<br \/>\nOlaszorsz\u00e1g<br \/>\nKazahszt\u00e1n<br \/>\nKoszov\u00f3<br \/>\nLettorsz\u00e1g<br \/>\nLiechtenstein<br \/>\nLitv\u00e1nia<br \/>\nLuxemburg<br \/>\nM\u00e1lta<br \/>\nMoldova<br \/>\nMonaco<br \/>\nMontenegr\u00f3<br \/>\nHollandia<br \/>\n\u00c9szak-Maced\u00f3nia<br \/>\nNorv\u00e9gia<br \/>\nLengyelorsz\u00e1g<br \/>\nPortug\u00e1lia<br \/>\nRom\u00e1nia<br \/>\nOroszorsz\u00e1g<br \/>\nSan Marino<br \/>\nSzerbia<br \/>\nSzlov\u00e1kia<br \/>\nSzlov\u00e9nia<br \/>\nSpanyolorsz\u00e1g<br \/>\nSv\u00e9dorsz\u00e1g<br \/>\nSv\u00e1jc<br \/>\nT\u00f6r\u00f6korsz\u00e1g<br \/>\nUkrajna<br \/>\nEgyes\u00fclt Kir\u00e1lys\u00e1g (UK)<br \/>\nVatik\u00e1nv\u00e1ros (Szentsz\u00e9k)<\/li>\n<\/ul>\n<\/li>\n<\/ul>\n","protected":false},"excerpt":{"rendered":"<p>Eur\u00f3pai POI adatb\u00e1zis \u00e9lethosszig tart\u00f3 friss\u00edt\u00e9sek Uniden R4 &amp; R8 nem eur\u00f3pai verzi\u00f3hoz Az UNIDEN RADAR EU adatb\u00e1zis tartalmazza: Fix sebess\u00e9gm\u00e9r\u0151 radarkamer\u00e1k Piros l\u00e1mp\u00e1s kamer\u00e1k Gyakori mobil sebess\u00e9gellen\u0151rz\u00e9si ter\u00fcletek T\u00e1vols\u00e1gellen\u0151rz\u00e9sek Az adatb\u00e1zis a k\u00f6vetkez\u0151 eur\u00f3pai orsz\u00e1gokat tartalmazza: Alb\u00e1nia Andorra \u00d6rm\u00e9nyorsz\u00e1g Ausztria Azerbajdzs\u00e1n Feh\u00e9roroszorsz\u00e1g Belgium Bosznia-Hercegovina Bulg\u00e1ria Horv\u00e1torsz\u00e1g Ciprus Csehorsz\u00e1g D\u00e1nia \u00c9sztorsz\u00e1g Finnorsz\u00e1g Franciaorsz\u00e1g Gr\u00fazia N\u00e9metorsz\u00e1g&#8230;<\/p>\n","protected":false},"featured_media":3922,"comment_status":"open","ping_status":"closed","template":"","meta":{"_kad_blocks_custom_css":"","_kad_blocks_head_custom_js":"","_kad_blocks_body_custom_js":"","_kad_blocks_footer_custom_js":"","_kad_post_transparent":"","_kad_post_title":"","_kad_post_layout":"","_kad_post_sidebar_id":"","_kad_post_content_style":"","_kad_post_vertical_padding":"","_kad_post_feature":"","_kad_post_feature_position":"","_kad_post_header":false,"_kad_post_footer":false,"_kad_post_classname":""},"product_brand":[],"product_cat":[301,314],"product_tag":[],"class_list":{"0":"post-5119","1":"product","2":"type-product","3":"status-publish","4":"has-post-thumbnail","6":"product_cat-bestsellerek","7":"product_cat-tartozekok","9":"first","10":"outofstock","11":"downloadable","12":"virtual","13":"sold-individually","14":"taxable","15":"purchasable","16":"product-type-simple","17":"entry","18":"content-bg","19":"loop-entry"},"taxonomy_info":{"product_cat":[{"value":301,"label":"Bestsellerek"},{"value":314,"label":"Tartoz\u00e9kok"}]},"featured_image_src_large":["https:\/\/i0.wp.com\/unidenradar.eu\/wp-content\/uploads\/2022\/12\/pexels-matheus-bertelli-13871025-edited-scaled.jpg?fit=1024%2C768&ssl=1",1024,768,true],"author_info":[],"comment_info":0,"_links":{"self":[{"href":"https:\/\/unidenradar.eu\/hu\/wp-json\/wp\/v2\/product\/5119","targetHints":{"allow":["GET"]}}],"collection":[{"href":"https:\/\/unidenradar.eu\/hu\/wp-json\/wp\/v2\/product"}],"about":[{"href":"https:\/\/unidenradar.eu\/hu\/wp-json\/wp\/v2\/types\/product"}],"replies":[{"embeddable":true,"href":"https:\/\/unidenradar.eu\/hu\/wp-json\/wp\/v2\/comments?post=5119"}],"wp:featuredmedia":[{"embeddable":true,"href":"https:\/\/unidenradar.eu\/hu\/wp-json\/wp\/v2\/media\/3922"}],"wp:attachment":[{"href":"https:\/\/unidenradar.eu\/hu\/wp-json\/wp\/v2\/media?parent=5119"}],"wp:term":[{"taxonomy":"product_brand","embeddable":true,"href":"https:\/\/unidenradar.eu\/hu\/wp-json\/wp\/v2\/product_brand?post=5119"},{"taxonomy":"product_cat","embeddable":true,"href":"https:\/\/unidenradar.eu\/hu\/wp-json\/wp\/v2\/product_cat?post=5119"},{"taxonomy":"product_tag","embeddable":true,"href":"https:\/\/unidenradar.eu\/hu\/wp-json\/wp\/v2\/product_tag?post=5119"}],"curies":[{"name":"wp","href":"https:\/\/api.w.org\/{rel}","templated":true}]}}