{"id":4716,"date":"2022-11-22T17:04:02","date_gmt":"2022-11-22T16:04:02","guid":{"rendered":"https:\/\/unidenradar.eu\/product\/europe-lifetime-radar-poi-atnaujinimai-uniden-r8-ir-uniden-r4-international\/"},"modified":"2022-12-22T17:04:02","modified_gmt":"2022-12-22T16:04:02","slug":"europe-lifetime-radar-poi-atnaujinimai-uniden-r8-ir-uniden-r4-international","status":"publish","type":"product","link":"https:\/\/unidenradar.eu\/lt\/produktas\/europe-lifetime-radar-poi-atnaujinimai-uniden-r8-ir-uniden-r4-international\/","title":{"rendered":"Europe Lifetime Radar POI atnaujinimai Uniden R8 ir UNIDEN R4 INTERNATIONAL"},"content":{"rendered":"<p>Europos POI duomen\u0173 baz\u0117s Lifetime atnaujinimai &#8222;Uniden R4&#8221; ir &#8222;R8&#8221; ne Europos versijai<\/p>\n<h2>UNIDEN RADAR ES duomen\u0173 baz\u0119 sudaro:<\/h2>\n<ul>\n<li>Fiksuoto grei\u010dio radarai<\/li>\n<li>Raudonos \u0161viesos kameros<\/li>\n<li>Da\u017enos mobiliosios grei\u010dio kontrol\u0117s zonos<\/li>\n<li>Atstumo kontrol\u0117<\/li>\n<\/ul>\n<h3>Duomen\u0173 baz\u0117 apima \u0161ias EUROPOS \u0161alis:<\/h3>\n<ul>\n<li style=\"list-style-type: none;\">\n<ul class=\"column\">\n<li>Albanija<br \/>\nAndora<br \/>\nArm\u0117nija<br \/>\nAustrija<br \/>\nAzerbaid\u017eanas<br \/>\nBaltarusija<br \/>\nBelgija<br \/>\nBosnija ir Hercegovina<br \/>\nBulgarija<br \/>\nKroatija<br \/>\nKipras<br \/>\n\u010cekija<br \/>\nDanija<br \/>\nEstija<br \/>\nSuomija<br \/>\nPranc\u016bzija<br \/>\nGruzija<br \/>\nVokietija<br \/>\nGraikija<br \/>\nVengrija<br \/>\nIslandija<br \/>\nAirija<br \/>\nItalija<br \/>\nKazachstanas<br \/>\nKosovas<br \/>\nLatvija<br \/>\nLichten\u0161teinas<br \/>\nLietuva<br \/>\nLiuksemburgas<br \/>\nMalta<br \/>\nMoldova<br \/>\nMonakas<br \/>\nJuodkalnija<br \/>\nNyderlandai<br \/>\n\u0160iaur\u0117s Makedonija<br \/>\nNorvegija<br \/>\nLenkija<br \/>\nPortugalija<br \/>\nRumunija<br \/>\nRusija<br \/>\nSan Marinas<br \/>\nSerbija<br \/>\nSlovakija<br \/>\nSlov\u0117nija<br \/>\nIspanija<br \/>\n\u0160vedija<br \/>\n\u0160veicarija<br \/>\nTurkija<br \/>\nUkraina<br \/>\nJungtin\u0117 Karalyst\u0117 (JK)<br \/>\nVatikanas<\/li>\n<\/ul>\n<\/li>\n<\/ul>\n","protected":false},"excerpt":{"rendered":"<p>Europos POI duomen\u0173 baz\u0117s Lifetime atnaujinimai &#8222;Uniden R4&#8221; ir &#8222;R8&#8221; ne Europos versijai UNIDEN RADAR ES duomen\u0173 baz\u0119 sudaro: Fiksuoto grei\u010dio radarai Raudonos \u0161viesos kameros Da\u017enos mobiliosios grei\u010dio kontrol\u0117s zonos Atstumo kontrol\u0117 Duomen\u0173 baz\u0117 apima \u0161ias EUROPOS \u0161alis: Albanija Andora Arm\u0117nija Austrija Azerbaid\u017eanas Baltarusija Belgija Bosnija ir Hercegovina Bulgarija Kroatija Kipras \u010cekija Danija Estija Suomija&#8230;<\/p>\n","protected":false},"featured_media":3925,"comment_status":"open","ping_status":"closed","template":"","meta":{"_kad_blocks_custom_css":"","_kad_blocks_head_custom_js":"","_kad_blocks_body_custom_js":"","_kad_blocks_footer_custom_js":"","_kad_post_transparent":"","_kad_post_title":"","_kad_post_layout":"","_kad_post_sidebar_id":"","_kad_post_content_style":"","_kad_post_vertical_padding":"","_kad_post_feature":"","_kad_post_feature_position":"","_kad_post_header":false,"_kad_post_footer":false,"_kad_post_classname":""},"product_brand":[],"product_cat":[257,256],"product_tag":[],"class_list":{"0":"post-4716","1":"product","2":"type-product","3":"status-publish","4":"has-post-thumbnail","6":"product_cat-bestseleriai","7":"product_cat-priedai","9":"first","10":"outofstock","11":"downloadable","12":"virtual","13":"sold-individually","14":"taxable","15":"purchasable","16":"product-type-simple","17":"entry","18":"content-bg","19":"loop-entry"},"taxonomy_info":{"product_cat":[{"value":257,"label":"Bestseleriai"},{"value":256,"label":"Priedai"}]},"featured_image_src_large":["https:\/\/i0.wp.com\/unidenradar.eu\/wp-content\/uploads\/2022\/12\/pexels-matheus-bertelli-13871025-edited-scaled.jpg?fit=1024%2C768&ssl=1",1024,768,true],"author_info":[],"comment_info":0,"_links":{"self":[{"href":"https:\/\/unidenradar.eu\/lt\/wp-json\/wp\/v2\/product\/4716","targetHints":{"allow":["GET"]}}],"collection":[{"href":"https:\/\/unidenradar.eu\/lt\/wp-json\/wp\/v2\/product"}],"about":[{"href":"https:\/\/unidenradar.eu\/lt\/wp-json\/wp\/v2\/types\/product"}],"replies":[{"embeddable":true,"href":"https:\/\/unidenradar.eu\/lt\/wp-json\/wp\/v2\/comments?post=4716"}],"wp:featuredmedia":[{"embeddable":true,"href":"https:\/\/unidenradar.eu\/lt\/wp-json\/wp\/v2\/media\/3925"}],"wp:attachment":[{"href":"https:\/\/unidenradar.eu\/lt\/wp-json\/wp\/v2\/media?parent=4716"}],"wp:term":[{"taxonomy":"product_brand","embeddable":true,"href":"https:\/\/unidenradar.eu\/lt\/wp-json\/wp\/v2\/product_brand?post=4716"},{"taxonomy":"product_cat","embeddable":true,"href":"https:\/\/unidenradar.eu\/lt\/wp-json\/wp\/v2\/product_cat?post=4716"},{"taxonomy":"product_tag","embeddable":true,"href":"https:\/\/unidenradar.eu\/lt\/wp-json\/wp\/v2\/product_tag?post=4716"}],"curies":[{"name":"wp","href":"https:\/\/api.w.org\/{rel}","templated":true}]}}