{"id":5136,"date":"2022-10-20T19:35:07","date_gmt":"2022-10-20T17:35:07","guid":{"rendered":"https:\/\/unidenradar.eu\/product\/uniden-r4-ir-r8-radaro-detektoriaus-montavimo-rinkinys\/"},"modified":"2022-12-20T19:35:07","modified_gmt":"2022-12-20T18:35:07","slug":"uniden-r4-ir-r8-radaro-detektoriaus-montavimo-rinkinys","status":"publish","type":"product","link":"https:\/\/unidenradar.eu\/lt\/produktas\/uniden-r4-ir-r8-radaro-detektoriaus-montavimo-rinkinys\/","title":{"rendered":"&#8222;Uniden R4&#8221; ir &#8222;R8&#8221; radaro detektoriaus montavimo rinkinys"},"content":{"rendered":"<p>&#8222;Uniden RDA-HDWKT&#8221; radaro detektoriaus tiesiogini\u0173 laid\u0173 rinkinys su nuotoliniu nutildymo mygtuku leid\u017eia tiesiogiai prijungti suderinam\u0105 &#8222;Uniden&#8221; radaro detektori\u0173 prie automobilio saugikli\u0173 d\u0117\u017eut\u0117s. Tai leid\u017eia montuoti nedidel\u012f valdymo blok\u0105 ten, kur norite, kad b\u016bt\u0173 lengva diskreti\u0161kai valdyti i\u0161jungimo funkcij\u0105.<\/p>\n","protected":false},"excerpt":{"rendered":"<ul>\n<li>Radar\u0173 detektoriaus tiesioginio laido rinkinys<\/li>\n<li>su nuotoliniu i\u0161jungimo mygtuku<\/li>\n<li>suderinamas su &#8222;Uniden R4&#8221; ir &#8222;R8&#8221; radaro detektoriumi<\/li>\n<li>leid\u017eia montuoti nedidel\u0119 valdymo d\u0117\u017eut\u0119 ten, kur norite<\/li>\n<li>kad b\u016bt\u0173 lengva diskreti\u0161kai valdyti nutildymo funkcij\u0105.<\/li>\n<\/ul>\n","protected":false},"featured_media":3946,"comment_status":"open","ping_status":"closed","template":"","meta":{"_kad_blocks_custom_css":"","_kad_blocks_head_custom_js":"","_kad_blocks_body_custom_js":"","_kad_blocks_footer_custom_js":"","_kad_post_transparent":"","_kad_post_title":"","_kad_post_layout":"","_kad_post_sidebar_id":"","_kad_post_content_style":"","_kad_post_vertical_padding":"","_kad_post_feature":"","_kad_post_feature_position":"","_kad_post_header":false,"_kad_post_footer":false,"_kad_post_classname":""},"product_brand":[],"product_cat":[256],"product_tag":[],"class_list":{"0":"post-5136","1":"product","2":"type-product","3":"status-publish","4":"has-post-thumbnail","6":"product_cat-priedai","8":"first","9":"instock","10":"taxable","11":"shipping-taxable","12":"purchasable","13":"product-type-simple","14":"entry","15":"content-bg","16":"loop-entry"},"taxonomy_info":{"product_cat":[{"value":256,"label":"Priedai"}]},"featured_image_src_large":["https:\/\/i0.wp.com\/unidenradar.eu\/wp-content\/uploads\/2022\/12\/uniden-hardwire-kit-R4-R8.png?fit=724%2C492&ssl=1",724,492,true],"author_info":[],"comment_info":0,"_links":{"self":[{"href":"https:\/\/unidenradar.eu\/lt\/wp-json\/wp\/v2\/product\/5136","targetHints":{"allow":["GET"]}}],"collection":[{"href":"https:\/\/unidenradar.eu\/lt\/wp-json\/wp\/v2\/product"}],"about":[{"href":"https:\/\/unidenradar.eu\/lt\/wp-json\/wp\/v2\/types\/product"}],"replies":[{"embeddable":true,"href":"https:\/\/unidenradar.eu\/lt\/wp-json\/wp\/v2\/comments?post=5136"}],"wp:featuredmedia":[{"embeddable":true,"href":"https:\/\/unidenradar.eu\/lt\/wp-json\/wp\/v2\/media\/3946"}],"wp:attachment":[{"href":"https:\/\/unidenradar.eu\/lt\/wp-json\/wp\/v2\/media?parent=5136"}],"wp:term":[{"taxonomy":"product_brand","embeddable":true,"href":"https:\/\/unidenradar.eu\/lt\/wp-json\/wp\/v2\/product_brand?post=5136"},{"taxonomy":"product_cat","embeddable":true,"href":"https:\/\/unidenradar.eu\/lt\/wp-json\/wp\/v2\/product_cat?post=5136"},{"taxonomy":"product_tag","embeddable":true,"href":"https:\/\/unidenradar.eu\/lt\/wp-json\/wp\/v2\/product_tag?post=5136"}],"curies":[{"name":"wp","href":"https:\/\/api.w.org\/{rel}","templated":true}]}}