{"id":4715,"date":"2022-11-22T17:04:02","date_gmt":"2022-11-22T16:04:02","guid":{"rendered":"https:\/\/unidenradar.eu\/product\/eiropas-radara-poi-atjauninajumi-uniden-r8-uniden-r4-international\/"},"modified":"2022-12-22T17:04:02","modified_gmt":"2022-12-22T16:04:02","slug":"eiropas-radara-poi-atjauninajumi-uniden-r8-uniden-r4-international","status":"publish","type":"product","link":"https:\/\/unidenradar.eu\/lv\/product\/eiropas-radara-poi-atjauninajumi-uniden-r8-uniden-r4-international\/","title":{"rendered":"Eiropas Radara POI atjaunin\u0101jumi Uniden R8 &#038; UNIDEN R4 INTERNATIONAL"},"content":{"rendered":"<p>Eiropas POI datub\u0101zes atjaunin\u0101jumi Uniden R4 un R8 versijai \u0101rpus Eiropas<\/p>\n<h2>UNIDEN RADAR ES datu b\u0101ze ietver:<\/h2>\n<ul>\n<li>Fiks\u0113tie fotoradari<\/li>\n<li>Sarkan\u0101s gaismas fotoradari<\/li>\n<li>bie\u017eas mobil\u0101s \u0101truma kontroles zonas<\/li>\n<li>Distances kontrole<\/li>\n<\/ul>\n<h3>Datub\u0101z\u0113 iek\u013cautas \u0161\u0101das EIROPAS valstis:<\/h3>\n<ul>\n<li style=\"list-style-type: none;\">\n<ul class=\"column\">\n<li>Alb\u0101nija<br \/>\nAndora<br \/>\nArm\u0113nija<br \/>\nAustrija<br \/>\nAzerbaid\u017e\u0101na<br \/>\nBaltkrievija<br \/>\nBe\u013c\u0123ija<br \/>\nBosnija un Hercegovina<br \/>\nBulg\u0101rija<br \/>\nHorv\u0101tija<br \/>\nKipra<br \/>\n\u010cehija<br \/>\nD\u0101nija<br \/>\nIgaunija<br \/>\nSomija<br \/>\nFrancija<br \/>\nGruzija<br \/>\nV\u0101cija<br \/>\nGrie\u0137ija<br \/>\nUng\u0101rija<br \/>\nIslande<br \/>\n\u012arija<br \/>\nIt\u0101lija<br \/>\nKazahst\u0101na<br \/>\nKosova<br \/>\nLatvija<br \/>\nLihten\u0161teina<br \/>\nLietuva<br \/>\nLuksemburga<br \/>\nMalta<br \/>\nMoldova<br \/>\nMonako<br \/>\nMelnkalne<br \/>\nN\u012bderlande<br \/>\nZieme\u013cma\u0137edonija<br \/>\nNorv\u0113\u0123ija<br \/>\nPolija<br \/>\nPortug\u0101le<br \/>\nRum\u0101nija<br \/>\nKrievija<br \/>\nSanmar\u012bno<br \/>\nSerbija<br \/>\nSlov\u0101kija<br \/>\nSlov\u0113nija<br \/>\nSp\u0101nija<br \/>\nZviedrija<br \/>\n\u0160veice<br \/>\nTurcija<br \/>\nUkraina<br \/>\nApvienot\u0101 Karaliste (UK)<br \/>\nVatik\u0101ns<\/li>\n<\/ul>\n<\/li>\n<\/ul>\n","protected":false},"excerpt":{"rendered":"<p>Eiropas POI datub\u0101zes atjaunin\u0101jumi Uniden R4 un R8 versijai \u0101rpus Eiropas UNIDEN RADAR ES datu b\u0101ze ietver: Fiks\u0113tie fotoradari Sarkan\u0101s gaismas fotoradari bie\u017eas mobil\u0101s \u0101truma kontroles zonas Distances kontrole Datub\u0101z\u0113 iek\u013cautas \u0161\u0101das EIROPAS valstis: Alb\u0101nija Andora Arm\u0113nija Austrija Azerbaid\u017e\u0101na Baltkrievija Be\u013c\u0123ija Bosnija un Hercegovina Bulg\u0101rija Horv\u0101tija Kipra \u010cehija D\u0101nija Igaunija Somija Francija Gruzija V\u0101cija Grie\u0137ija&#8230;<\/p>\n","protected":false},"featured_media":3924,"comment_status":"open","ping_status":"closed","template":"","meta":{"_kad_blocks_custom_css":"","_kad_blocks_head_custom_js":"","_kad_blocks_body_custom_js":"","_kad_blocks_footer_custom_js":"","_kad_post_transparent":"","_kad_post_title":"","_kad_post_layout":"","_kad_post_sidebar_id":"","_kad_post_content_style":"","_kad_post_vertical_padding":"","_kad_post_feature":"","_kad_post_feature_position":"","_kad_post_header":false,"_kad_post_footer":false,"_kad_post_classname":""},"product_brand":[],"product_cat":[259,255],"product_tag":[],"class_list":{"0":"post-4715","1":"product","2":"type-product","3":"status-publish","4":"has-post-thumbnail","6":"product_cat-aksesuari","7":"product_cat-bestselleri","9":"first","10":"outofstock","11":"downloadable","12":"virtual","13":"sold-individually","14":"taxable","15":"purchasable","16":"product-type-simple","17":"entry","18":"content-bg","19":"loop-entry"},"taxonomy_info":{"product_cat":[{"value":259,"label":"Aksesu\u0101ri"},{"value":255,"label":"Bestselleri"}]},"featured_image_src_large":["https:\/\/i0.wp.com\/unidenradar.eu\/wp-content\/uploads\/2022\/12\/pexels-matheus-bertelli-13871025-edited-scaled.jpg?fit=1024%2C768&ssl=1",1024,768,true],"author_info":[],"comment_info":0,"_links":{"self":[{"href":"https:\/\/unidenradar.eu\/lv\/wp-json\/wp\/v2\/product\/4715","targetHints":{"allow":["GET"]}}],"collection":[{"href":"https:\/\/unidenradar.eu\/lv\/wp-json\/wp\/v2\/product"}],"about":[{"href":"https:\/\/unidenradar.eu\/lv\/wp-json\/wp\/v2\/types\/product"}],"replies":[{"embeddable":true,"href":"https:\/\/unidenradar.eu\/lv\/wp-json\/wp\/v2\/comments?post=4715"}],"wp:featuredmedia":[{"embeddable":true,"href":"https:\/\/unidenradar.eu\/lv\/wp-json\/wp\/v2\/media\/3924"}],"wp:attachment":[{"href":"https:\/\/unidenradar.eu\/lv\/wp-json\/wp\/v2\/media?parent=4715"}],"wp:term":[{"taxonomy":"product_brand","embeddable":true,"href":"https:\/\/unidenradar.eu\/lv\/wp-json\/wp\/v2\/product_brand?post=4715"},{"taxonomy":"product_cat","embeddable":true,"href":"https:\/\/unidenradar.eu\/lv\/wp-json\/wp\/v2\/product_cat?post=4715"},{"taxonomy":"product_tag","embeddable":true,"href":"https:\/\/unidenradar.eu\/lv\/wp-json\/wp\/v2\/product_tag?post=4715"}],"curies":[{"name":"wp","href":"https:\/\/api.w.org\/{rel}","templated":true}]}}