{"id":4731,"date":"2022-10-20T19:35:07","date_gmt":"2022-10-20T17:35:07","guid":{"rendered":"https:\/\/unidenradar.eu\/product\/uniden-r4-un-r8-radaru-detektora-hardwire-komplekts\/"},"modified":"2022-12-20T19:35:07","modified_gmt":"2022-12-20T18:35:07","slug":"uniden-r4-un-r8-radaru-detektora-hardwire-komplekts","status":"publish","type":"product","link":"https:\/\/unidenradar.eu\/lv\/product\/uniden-r4-un-r8-radaru-detektora-hardwire-komplekts\/","title":{"rendered":"Uniden R4 un R8 radaru detektora HARDWIRE komplekts"},"content":{"rendered":"<p>Uniden RDA-HDWKT radaru detektora tie\u0161o vadu komplekts ar t\u0101lvad\u012bbas izsl\u0113g\u0161anas pogu \u013cauj tie\u0161i savienot sader\u012bgu Uniden radaru detektoru ar j\u016bsu automa\u0161\u012bnas dro\u0161in\u0101t\u0101ju bloku. Tas \u013cauj jums uzst\u0101d\u012bt mazo vad\u012bbas bloku vajadz\u012bgaj\u0101 viet\u0101, lai viegli diskr\u0113ti kontrol\u0113tu izsl\u0113g\u0161anas funkciju.<\/p>\n","protected":false},"excerpt":{"rendered":"<ul>\n<li>Radara detektora tie\u0161o vadu komplekts<\/li>\n<li>ar t\u0101lvad\u012bbas pults izsl\u0113g\u0161anas pogu<\/li>\n<li>sader\u012bgs ar Uniden R4 un R8 radaru detektoru<\/li>\n<li>\u013cauj uzst\u0101d\u012bt mazo vad\u012bbas bloku, kur v\u0113laties<\/li>\n<li>vieglai diskr\u0113tai izsl\u0113g\u0161anas funkcijas kontrolei.<\/li>\n<\/ul>\n","protected":false},"featured_media":3945,"comment_status":"open","ping_status":"closed","template":"","meta":{"_kad_blocks_custom_css":"","_kad_blocks_head_custom_js":"","_kad_blocks_body_custom_js":"","_kad_blocks_footer_custom_js":"","_kad_post_transparent":"","_kad_post_title":"","_kad_post_layout":"","_kad_post_sidebar_id":"","_kad_post_content_style":"","_kad_post_vertical_padding":"","_kad_post_feature":"","_kad_post_feature_position":"","_kad_post_header":false,"_kad_post_footer":false,"_kad_post_classname":""},"product_brand":[],"product_cat":[259],"product_tag":[],"class_list":{"0":"post-4731","1":"product","2":"type-product","3":"status-publish","4":"has-post-thumbnail","6":"product_cat-aksesuari","8":"first","9":"instock","10":"taxable","11":"shipping-taxable","12":"purchasable","13":"product-type-simple","14":"entry","15":"content-bg","16":"loop-entry"},"taxonomy_info":{"product_cat":[{"value":259,"label":"Aksesu\u0101ri"}]},"featured_image_src_large":["https:\/\/i0.wp.com\/unidenradar.eu\/wp-content\/uploads\/2022\/12\/uniden-hardwire-kit-R4-R8.png?fit=724%2C492&ssl=1",724,492,true],"author_info":[],"comment_info":0,"_links":{"self":[{"href":"https:\/\/unidenradar.eu\/lv\/wp-json\/wp\/v2\/product\/4731","targetHints":{"allow":["GET"]}}],"collection":[{"href":"https:\/\/unidenradar.eu\/lv\/wp-json\/wp\/v2\/product"}],"about":[{"href":"https:\/\/unidenradar.eu\/lv\/wp-json\/wp\/v2\/types\/product"}],"replies":[{"embeddable":true,"href":"https:\/\/unidenradar.eu\/lv\/wp-json\/wp\/v2\/comments?post=4731"}],"wp:featuredmedia":[{"embeddable":true,"href":"https:\/\/unidenradar.eu\/lv\/wp-json\/wp\/v2\/media\/3945"}],"wp:attachment":[{"href":"https:\/\/unidenradar.eu\/lv\/wp-json\/wp\/v2\/media?parent=4731"}],"wp:term":[{"taxonomy":"product_brand","embeddable":true,"href":"https:\/\/unidenradar.eu\/lv\/wp-json\/wp\/v2\/product_brand?post=4731"},{"taxonomy":"product_cat","embeddable":true,"href":"https:\/\/unidenradar.eu\/lv\/wp-json\/wp\/v2\/product_cat?post=4731"},{"taxonomy":"product_tag","embeddable":true,"href":"https:\/\/unidenradar.eu\/lv\/wp-json\/wp\/v2\/product_tag?post=4731"}],"curies":[{"name":"wp","href":"https:\/\/api.w.org\/{rel}","templated":true}]}}