{"id":4753,"date":"2022-12-21T18:11:50","date_gmt":"2022-12-21T17:11:50","guid":{"rendered":"https:\/\/unidenradar.eu\/product\/uniden-r4-europe-liela-darbibas-radiusa-radara-lazera-detektors\/"},"modified":"2025-06-21T00:34:53","modified_gmt":"2025-06-20T22:34:53","slug":"uniden-r4-europe-liela-darbibas-radiusa-radara-lazera-detektors","status":"publish","type":"product","link":"https:\/\/unidenradar.eu\/lv\/product\/uniden-r4-europe-liela-darbibas-radiusa-radara-lazera-detektors\/","title":{"rendered":"UNIDEN R4 Europe liela darb\u012bbas r\u0101diusa radara\/l\u0101zera detektors"},"content":{"rendered":"<p class=\"product-description\"><strong>Jaunais Uniden R4 Europe Long Range radara detektors ar piln\u012bgi jaunu 2022.<\/strong> gada platformu un daudz liel\u0101ku darb\u012bbas r\u0101diusu, kas \u013cauj v\u0113l lab\u0101k br\u012bdin\u0101t par radaru un fotoradaru kl\u0101tb\u016btni.R4 ir jauna autom\u0101tisk\u0101s izsl\u0113g\u0161anas atmi\u0146as funkcija, kas autom\u0101tiski izsl\u0113dz viltus trauksmes sign\u0101lus, izmantojot GPS. R4 ir ar\u012b lab\u0101kais K joslas filtrs tirg\u016b, kas nodro\u0161ina vismaz\u0101ko viltus trauksmes gad\u012bjumu skaitu no neredzamo zonu monitoriem un K joslas sensoriem.<\/p>\n<p>&nbsp;<\/p>\n<div style=\"width: 1200px;\" class=\"wp-video\"><video class=\"wp-video-shortcode\" id=\"video-4753-1\" width=\"1200\" height=\"580\" preload=\"metadata\" controls=\"controls\"><source type=\"video\/mp4\" src=\"https:\/\/unidenradar.eu\/wp-content\/uploads\/2022\/12\/Uniden_R4_radar_detector.mp4?_=1\" \/><a href=\"https:\/\/unidenradar.eu\/wp-content\/uploads\/2022\/12\/Uniden_R4_radar_detector.mp4\">https:\/\/unidenradar.eu\/wp-content\/uploads\/2022\/12\/Uniden_R4_radar_detector.mp4<\/a><\/video><\/div>\n<p>&nbsp;<\/p>\n<h3 class=\"product-description\">UNIDEN R4 PRODUKTU P\u0100RSKATS<\/h3>\n<ul>\n<li>Ekstrem\u0101la diapazona l\u0101zera radara noteik\u0161ana<\/li>\n<li>Divu LNA (zema trok\u0161\u0146a pastiprin\u0101t\u0101ju) konstrukcija<\/li>\n<li>Digit\u0101lais sign\u0101la procesors<\/li>\n<li>Ieb\u016bv\u0113ts GPS sarkan\u0101s gaismas un \u0101truma fotoradaru atra\u0161an\u0101s vietas noteik\u0161anai (EIROPA)<\/li>\n<li>\u012apa\u0161i spilgts, viegli salas\u0101ms, daudzkr\u0101su OLED displejs<\/li>\n<li>MRCD \/ MRCT (br\u012bdin\u0101juma priorit\u0101te: l\u0101zera, MRCD, Ka, K, X) ar piel\u0101gojamiem to\u0146iem<\/li>\n<li>Br\u012bdin\u0101jums par sarkan\u0101s gaismas kameru<\/li>\n<li>Br\u012bdin\u0101jums par fotoradaru<\/li>\n<li>Autom\u0101tiska izsl\u0113g\u0161anas atmi\u0146a &#8211; autom\u0101tiski blo\u0137\u0113 nepareizas br\u012bdin\u0101juma poz\u012bcijas<\/li>\n<li>Uzlabotie K\/KA joslas filtri<img data-recalc-dims=\"1\" loading=\"lazy\" decoding=\"async\" class=\"alignright wp-image-1260\" src=\"https:\/\/i0.wp.com\/unidenradar.eu\/wp-content\/uploads\/2022\/12\/Uniden-R4-GROUP.webp?resize=629%2C587&#038;ssl=1\" alt=\"\" width=\"629\" height=\"587\" srcset=\"https:\/\/i0.wp.com\/unidenradar.eu\/wp-content\/uploads\/2022\/12\/Uniden-R4-GROUP.webp?resize=1024%2C956&amp;ssl=1 1024w, https:\/\/i0.wp.com\/unidenradar.eu\/wp-content\/uploads\/2022\/12\/Uniden-R4-GROUP.webp?resize=300%2C280&amp;ssl=1 300w, https:\/\/i0.wp.com\/unidenradar.eu\/wp-content\/uploads\/2022\/12\/Uniden-R4-GROUP.webp?resize=768%2C717&amp;ssl=1 768w, https:\/\/i0.wp.com\/unidenradar.eu\/wp-content\/uploads\/2022\/12\/Uniden-R4-GROUP.webp?resize=1536%2C1434&amp;ssl=1 1536w, https:\/\/i0.wp.com\/unidenradar.eu\/wp-content\/uploads\/2022\/12\/Uniden-R4-GROUP.webp?resize=600%2C560&amp;ssl=1 600w, https:\/\/i0.wp.com\/unidenradar.eu\/wp-content\/uploads\/2022\/12\/Uniden-R4-GROUP.webp?w=1714&amp;ssl=1 1714w\" sizes=\"auto, (max-width: 629px) 100vw, 629px\" \/><\/li>\n<li>Balss pazi\u0146ojumi<\/li>\n<li>GATSO noteik\u0161ana<\/li>\n<li>Klusa brauk\u0161ana (autom\u0101tiska izsl\u0113g\u0161ana, braucot liel\u0101 \u0101trum\u0101)<\/li>\n<li>Autom\u0101tiska aptum\u0161o\u0161ana<\/li>\n<li>Piel\u0101gojams br\u012bdin\u0101juma sign\u0101ls<\/li>\n<li>Radara frekven\u010du joslas displejs (pa\u0161reiz\u0113jais \u0101trums, akumulatora spriegums, augstums, pulkstenis)<\/li>\n<li>L\u0101zera identifik\u0101cija<\/li>\n<li>Nevar atrast Spectre Elite<\/li>\n<li>MAX \u0101truma br\u012bdin\u0101juma sist\u0113ma<\/li>\n<li>Ieskaitot pies\u016bcek\u0146a tur\u0113t\u0101ju (vienviet\u012bgu un divviet\u012bgu), datu kabeli un<\/li>\n<li>t\u0101lvad\u012bbas tastat\u016bru (papildu piederums).<\/li>\n<li>Atjaunin\u0101ma programmaparat\u016bra<\/li>\n<\/ul>\n<h3>Kas ir kast\u0113<\/h3>\n<ul>\n<li class=\"sc-jlRLRk lnBKsu pf-103_\" data-pf-type=\"List.Item\">UNIDEN R4 radaru detektors<\/li>\n<li class=\"sc-jlRLRk lnBKsu pf-103_\" data-pf-type=\"List.Item\">12V l\u012bdzstr\u0101vas baro\u0161anas vads ar RJ11 savienot\u0101ju<\/li>\n<li class=\"sc-jlRLRk lnBKsu pf-103_\" data-pf-type=\"List.Item\">V\u0113jstikla stiprin\u0101juma kron\u0161teins (1 kauss)<\/li>\n<li class=\"sc-jlRLRk lnBKsu pf-103_\" data-pf-type=\"List.Item\">V\u0113jstikla stiprin\u0101juma kron\u0161teins (2 kausi)<\/li>\n<li class=\"sc-jlRLRk lnBKsu pf-103_\" data-pf-type=\"List.Item\">\u0100\u0137a un cilpas stiprin\u0101juma lente<\/li>\n<li data-pf-type=\"List.Item\">P\u0101rn\u0113s\u0101\u0161anas futr\u0101lis<\/li>\n<li data-pf-type=\"List.Item\">Datu kabelis<\/li>\n<li data-pf-type=\"List.Item\">Uniden R4 lietot\u0101ja rokasgr\u0101mata ang\u013cu \/ fran\u010du \/ sp\u0101\u0146u valod\u0101<\/li>\n<li data-pf-type=\"List.Item\">UNIDEN R4 User Manual Download: <a href=\"https:\/\/unidenradar.eu\/wp-content\/uploads\/2022\/12\/Uniden-R4_manual_EN.pdf\">Uniden R4_manual_EN<\/a>\u00a0<a href=\"https:\/\/unidenradar.eu\/wp-content\/uploads\/2022\/12\/Uniden-R4_Manual_FR.pdf\">Uniden R4_Manual_FR<\/a> <a href=\"https:\/\/unidenradar.eu\/wp-content\/uploads\/2022\/12\/Uniden-R4_Manual-ES.pdf\">Uniden R4_Manual ES<\/a><\/li>\n<\/ul>\n","protected":false},"excerpt":{"rendered":"<p>Uniden R4 ir piln\u012bgi jauna platforma ar daudz liel\u0101ku diapazonu. Tai ir jauna autom\u0101tisk\u0101s izsl\u0113g\u0161anas atmi\u0146as funkcija, kas autom\u0101tiski blo\u0137\u0113 viltus trauksmes vietas. R4 ir ar\u012b lab\u0101kais K joslas filtrs tirg\u016b, kas nodro\u0161ina vismaz\u0101k viltus br\u012bdin\u0101jumu no neredzamo zonu monitoriem un K joslas sensoriem citos transportl\u012bdzek\u013cos. Ja jums nepiecie\u0161ama vislab\u0101k\u0101 iesp\u0113jam\u0101 inform\u0101cija un nek\u0101da trok\u0161\u0146a, Uniden R4 Extreme j\u016bs izvirza daudzu j\u016bd\u017eu priek\u0161\u0101.<\/p>\n","protected":false},"featured_media":3819,"comment_status":"open","ping_status":"closed","template":"","meta":{"_kad_blocks_custom_css":"","_kad_blocks_head_custom_js":"","_kad_blocks_body_custom_js":"","_kad_blocks_footer_custom_js":"","_kad_post_transparent":"","_kad_post_title":"","_kad_post_layout":"","_kad_post_sidebar_id":"","_kad_post_content_style":"","_kad_post_vertical_padding":"","_kad_post_feature":"","_kad_post_feature_position":"","_kad_post_header":false,"_kad_post_footer":false,"_kad_post_classname":""},"product_brand":[],"product_cat":[255,260],"product_tag":[],"class_list":{"0":"post-4753","1":"product","2":"type-product","3":"status-publish","4":"has-post-thumbnail","6":"product_cat-bestselleri","7":"product_cat-radaru-detektori","9":"first","10":"onbackorder","11":"taxable","12":"shipping-taxable","13":"purchasable","14":"product-type-simple","15":"entry","16":"content-bg","17":"loop-entry"},"taxonomy_info":{"product_cat":[{"value":255,"label":"Bestselleri"},{"value":260,"label":"Radaru detektori"}]},"featured_image_src_large":["https:\/\/i0.wp.com\/unidenradar.eu\/wp-content\/uploads\/2022\/12\/Uniden-R4-High-FRONT.webp?fit=1024%2C849&ssl=1",1024,849,true],"author_info":[],"comment_info":0,"_links":{"self":[{"href":"https:\/\/unidenradar.eu\/lv\/wp-json\/wp\/v2\/product\/4753","targetHints":{"allow":["GET"]}}],"collection":[{"href":"https:\/\/unidenradar.eu\/lv\/wp-json\/wp\/v2\/product"}],"about":[{"href":"https:\/\/unidenradar.eu\/lv\/wp-json\/wp\/v2\/types\/product"}],"replies":[{"embeddable":true,"href":"https:\/\/unidenradar.eu\/lv\/wp-json\/wp\/v2\/comments?post=4753"}],"wp:featuredmedia":[{"embeddable":true,"href":"https:\/\/unidenradar.eu\/lv\/wp-json\/wp\/v2\/media\/3819"}],"wp:attachment":[{"href":"https:\/\/unidenradar.eu\/lv\/wp-json\/wp\/v2\/media?parent=4753"}],"wp:term":[{"taxonomy":"product_brand","embeddable":true,"href":"https:\/\/unidenradar.eu\/lv\/wp-json\/wp\/v2\/product_brand?post=4753"},{"taxonomy":"product_cat","embeddable":true,"href":"https:\/\/unidenradar.eu\/lv\/wp-json\/wp\/v2\/product_cat?post=4753"},{"taxonomy":"product_tag","embeddable":true,"href":"https:\/\/unidenradar.eu\/lv\/wp-json\/wp\/v2\/product_tag?post=4753"}],"curies":[{"name":"wp","href":"https:\/\/api.w.org\/{rel}","templated":true}]}}