{"id":5113,"date":"2022-11-22T17:04:02","date_gmt":"2022-11-22T16:04:02","guid":{"rendered":"https:\/\/unidenradar.eu\/product\/europa-lifetime-radar-poi-updates-uniden-r8-uniden-r4-international\/"},"modified":"2022-12-22T17:04:02","modified_gmt":"2022-12-22T16:04:02","slug":"europa-lifetime-radar-poi-updates-uniden-r8-uniden-r4-international","status":"publish","type":"product","link":"https:\/\/unidenradar.eu\/nl\/product\/europa-lifetime-radar-poi-updates-uniden-r8-uniden-r4-international\/","title":{"rendered":"Europa Lifetime Radar POI Updates Uniden R8 &#038; UNIDEN R4 INTERNATIONAL"},"content":{"rendered":"<p>Europese POI database Lifetime Updates voor Uniden R4 &amp; R8 voor niet-Europese versie<\/p>\n<h2>UNIDEN RADAR EU Database omvat:<\/h2>\n<ul>\n<li>Vaste flitspalen<\/li>\n<li>Roodlichtcamera&#8217;s<\/li>\n<li>Frequente mobiele snelheidscontroles<\/li>\n<li>Afstandscontroles<\/li>\n<\/ul>\n<h3>De databank omvat de volgende Europese landen:<\/h3>\n<ul>\n<li style=\"list-style-type: none;\">\n<ul class=\"column\">\n<li>Albani\u00eb<br \/>\nAndorra<br \/>\nArmeni\u00eb<br \/>\nOostenrijk<br \/>\nAzerbeidzjan<br \/>\nWit-Rusland<br \/>\nBelgi\u00eb<br \/>\nBosni\u00eb-Herzegovina<br \/>\nBulgarije<br \/>\nKroati\u00eb<br \/>\nCyprus<br \/>\nTsjechi\u00eb<br \/>\nDenemarken<br \/>\nEstland<br \/>\nFinland<br \/>\nFrankrijk<br \/>\nGeorgi\u00eb<br \/>\nDuitsland<br \/>\nGriekenland<br \/>\nHongarije<br \/>\nIJsland<br \/>\nIerland<br \/>\nItali\u00eb<br \/>\nKazachstan<br \/>\nKosovo<br \/>\nLetland<br \/>\nLiechtenstein<br \/>\nLitouwen<br \/>\nLuxemburg<br \/>\nMalta<br \/>\nMoldavi\u00eb<br \/>\nMonaco<br \/>\nMontenegro<br \/>\nNederland<br \/>\nNoord-Macedoni\u00eb<br \/>\nNoorwegen<br \/>\nPolen<br \/>\nPortugal<br \/>\nRoemeni\u00eb<br \/>\nRusland<br \/>\nSan Marino<br \/>\nServi\u00eb<br \/>\nSlowakije<br \/>\nSloveni\u00eb<br \/>\nSpanje<br \/>\nZweden<br \/>\nZwitserland<br \/>\nTurkije<br \/>\nOekra\u00efne<br \/>\nVerenigd Koninkrijk (UK)<br \/>\nVaticaanstad (Heilige Stoel)<\/li>\n<\/ul>\n<\/li>\n<\/ul>\n","protected":false},"excerpt":{"rendered":"<p>Europese POI database Lifetime Updates voor Uniden R4 &amp; R8 voor niet-Europese versie UNIDEN RADAR EU Database omvat: Vaste flitspalen Roodlichtcamera&#8217;s Frequente mobiele snelheidscontroles Afstandscontroles De databank omvat de volgende Europese landen: Albani\u00eb Andorra Armeni\u00eb Oostenrijk Azerbeidzjan Wit-Rusland Belgi\u00eb Bosni\u00eb-Herzegovina Bulgarije Kroati\u00eb Cyprus Tsjechi\u00eb Denemarken Estland Finland Frankrijk Georgi\u00eb Duitsland Griekenland Hongarije IJsland Ierland Itali\u00eb&#8230;<\/p>\n","protected":false},"featured_media":3916,"comment_status":"open","ping_status":"closed","template":"","meta":{"_kad_blocks_custom_css":"","_kad_blocks_head_custom_js":"","_kad_blocks_body_custom_js":"","_kad_blocks_footer_custom_js":"","_kad_post_transparent":"","_kad_post_title":"","_kad_post_layout":"","_kad_post_sidebar_id":"","_kad_post_content_style":"","_kad_post_vertical_padding":"","_kad_post_feature":"","_kad_post_feature_position":"","_kad_post_header":false,"_kad_post_footer":false,"_kad_post_classname":""},"product_brand":[],"product_cat":[310,286],"product_tag":[],"class_list":{"0":"post-5113","1":"product","2":"type-product","3":"status-publish","4":"has-post-thumbnail","6":"product_cat-accessories-nl","7":"product_cat-bestseller","9":"first","10":"outofstock","11":"downloadable","12":"virtual","13":"sold-individually","14":"taxable","15":"purchasable","16":"product-type-simple","17":"entry","18":"content-bg","19":"loop-entry"},"taxonomy_info":{"product_cat":[{"value":310,"label":"Accessories"},{"value":286,"label":"Bestseller"}]},"featured_image_src_large":["https:\/\/i0.wp.com\/unidenradar.eu\/wp-content\/uploads\/2022\/12\/pexels-matheus-bertelli-13871025-edited-scaled.jpg?fit=1024%2C768&ssl=1",1024,768,true],"author_info":[],"comment_info":0,"_links":{"self":[{"href":"https:\/\/unidenradar.eu\/nl\/wp-json\/wp\/v2\/product\/5113","targetHints":{"allow":["GET"]}}],"collection":[{"href":"https:\/\/unidenradar.eu\/nl\/wp-json\/wp\/v2\/product"}],"about":[{"href":"https:\/\/unidenradar.eu\/nl\/wp-json\/wp\/v2\/types\/product"}],"replies":[{"embeddable":true,"href":"https:\/\/unidenradar.eu\/nl\/wp-json\/wp\/v2\/comments?post=5113"}],"wp:featuredmedia":[{"embeddable":true,"href":"https:\/\/unidenradar.eu\/nl\/wp-json\/wp\/v2\/media\/3916"}],"wp:attachment":[{"href":"https:\/\/unidenradar.eu\/nl\/wp-json\/wp\/v2\/media?parent=5113"}],"wp:term":[{"taxonomy":"product_brand","embeddable":true,"href":"https:\/\/unidenradar.eu\/nl\/wp-json\/wp\/v2\/product_brand?post=5113"},{"taxonomy":"product_cat","embeddable":true,"href":"https:\/\/unidenradar.eu\/nl\/wp-json\/wp\/v2\/product_cat?post=5113"},{"taxonomy":"product_tag","embeddable":true,"href":"https:\/\/unidenradar.eu\/nl\/wp-json\/wp\/v2\/product_tag?post=5113"}],"curies":[{"name":"wp","href":"https:\/\/api.w.org\/{rel}","templated":true}]}}