{"id":4873,"date":"2022-12-28T13:04:39","date_gmt":"2022-12-28T12:04:39","guid":{"rendered":"https:\/\/unidenradar.eu\/product\/uniden-r8-europe-ekstrem-langdistanse-radar-laserdetektor\/"},"modified":"2026-03-09T23:36:27","modified_gmt":"2026-03-09T22:36:27","slug":"uniden-r8-europe-ekstrem-langdistanse-radar-laserdetektor","status":"publish","type":"product","link":"https:\/\/unidenradar.eu\/no\/produkt\/uniden-r8-europe-ekstrem-langdistanse-radar-laserdetektor\/","title":{"rendered":"UNIDEN R8 Europe ekstrem langdistanse radar\/laserdetektor"},"content":{"rendered":"<div style=\"width: 1290px;\" class=\"wp-video\"><video class=\"wp-video-shortcode\" id=\"video-4873-1\" width=\"1290\" height=\"726\" preload=\"metadata\" controls=\"controls\"><source type=\"video\/mp4\" src=\"https:\/\/unidenradar.eu\/wp-content\/uploads\/2023\/01\/Uniden_Radar_R8_video.mp4?_=1\" \/><a href=\"https:\/\/unidenradar.eu\/wp-content\/uploads\/2023\/01\/Uniden_Radar_R8_video.mp4\">https:\/\/unidenradar.eu\/wp-content\/uploads\/2023\/01\/Uniden_Radar_R8_video.mp4<\/a><\/video><\/div>\n<p>&nbsp;<\/p>\n<div class=\"list-row\">\n<p class=\"product-description\"><strong>Uniden R8 Europe Extreme langdistanse dobbel radar- og laserdetektor og innebygd GPS inkludert EU-database fra Uniden.<\/strong> Uniden R8 lar deg markere geografiske punkter der du ofte st\u00f8ter p\u00e5 radaroverf\u00f8ringer. Dette kan v\u00e6re skolesoner, r\u00f8dlyskameraer og steder der politiet ofte overv\u00e5ker trafikken. Du kan merke disse punktene slik at R3-radardetektorens talevarsling vil kunngj\u00f8re &laquo;Brukermarkering fremover&raquo; n\u00e5r du n\u00e6rmer deg. Voice Notification-funksjonen lar brukerne vite hvilken type radar som oppdages (r\u00f8dt lys, hastighet osv.). Den viser til og med retning, b\u00e5nd og signalstyrke for hver. N\u00e5 tilgjengelig som offisiell europeisk versjon, inkludert EU-databasen.<\/p>\n<\/div>\n<h3 class=\"list-row\">Funksjoner i Uniden R8-serien<\/h3>\n<div class=\"list-row\">\n<ul>\n<li>Super lang rekkevidde laser radar deteksjon<\/li>\n<li>MRCD\/MRCT (Varslingsprioritet: Laser, MRCD, Ka, K, X) med toner som kan tilpasses<\/li>\n<li>Doble antenner viser laserretning<\/li>\n<li>Talevarsler<\/li>\n<li>Radarb\u00e5ndfrekvens vises<\/li>\n<li>GPS POI-database for r\u00f8dt lys og fotoboksplasseringer for ditt land<\/li>\n<li>Opptil 2,000 GPS-l\u00e5ser<\/li>\n<li>Lettlest OLED-skjerm<\/li>\n<li>Brukermerkesett og talevarsling<\/li>\n<li>Avanserte K- og Ka-b\u00e5ndfiltre<\/li>\n<li>Spectre I og IV kan ikke oppdages<\/li>\n<li>Viser signalstyrke og kj\u00f8ret\u00f8yets batterispenning<\/li>\n<li>Maks hastighetsvarslingssystem<\/li>\n<li>Sletting av kamerapunkt for r\u00f8dt lys<br \/>\nX-, K-, MRCD-, Ka- og laserb\u00e5ndvalgbare varseltoner<\/li>\n<li>Bogey tone (Alert toner 1 &#8211; 5)<\/li>\n<li>X-, K- og Ka-b\u00e5nd brukerdefinerte f\u00f8lsomhetsniv\u00e5er<\/li>\n<li>Demp volumniv\u00e5ene automatisk (Av, P\u00e5: 0\u20135)<\/li>\n<li>Ka Frekvens Voice Alert<\/li>\n<li>Automatisk dim<\/li>\n<li>Varsel om overhastighet Demp<\/li>\n<li>Radarpiler forteller deg hvilken retning trusselen kommer fra<\/li>\n<li>360\u00b0 laserdeteksjon<\/li>\n<li>Stor ultralys OLED-skjerm for dag og natt<\/li>\n<li>Talevarsler<\/li>\n<li>50 % raskere prosessor<\/li>\n<\/ul>\n<\/div>\n<p><img data-recalc-dims=\"1\" loading=\"lazy\" decoding=\"async\" class=\"alignright wp-image-1189\" src=\"https:\/\/i0.wp.com\/unidenradar.eu\/wp-content\/uploads\/2022\/12\/Uniden-R8-GROUP.webp?resize=638%2C491&#038;ssl=1\" alt=\"\" width=\"638\" height=\"491\" srcset=\"https:\/\/i0.wp.com\/unidenradar.eu\/wp-content\/uploads\/2022\/12\/Uniden-R8-GROUP-scaled.webp?resize=1024%2C788&amp;ssl=1 1024w, https:\/\/i0.wp.com\/unidenradar.eu\/wp-content\/uploads\/2022\/12\/Uniden-R8-GROUP-scaled.webp?resize=300%2C231&amp;ssl=1 300w, https:\/\/i0.wp.com\/unidenradar.eu\/wp-content\/uploads\/2022\/12\/Uniden-R8-GROUP-scaled.webp?resize=768%2C591&amp;ssl=1 768w, https:\/\/i0.wp.com\/unidenradar.eu\/wp-content\/uploads\/2022\/12\/Uniden-R8-GROUP-scaled.webp?resize=1536%2C1183&amp;ssl=1 1536w, https:\/\/i0.wp.com\/unidenradar.eu\/wp-content\/uploads\/2022\/12\/Uniden-R8-GROUP-scaled.webp?resize=2048%2C1577&amp;ssl=1 2048w, https:\/\/i0.wp.com\/unidenradar.eu\/wp-content\/uploads\/2022\/12\/Uniden-R8-GROUP-scaled.webp?resize=600%2C462&amp;ssl=1 600w\" sizes=\"auto, (max-width: 638px) 100vw, 638px\" \/><\/p>\n<h3>Hva er i boksen<\/h3>\n<div class=\"list-row\">\n<ul>\n<li>UNIDEN R8 EU Radar Detektor<\/li>\n<li>12V DC-str\u00f8mledning med RJ11-kontakt<\/li>\n<li>Monteringsbrakett for frontruten (1 sugekopp)<\/li>\n<li>Monteringsbrakett for frontruten (2 sugekopper)<\/li>\n<li>Neopren ermet<\/li>\n<li>B\u00e6reveske<\/li>\n<li>USB-kabel<\/li>\n<li>Krok og l\u00f8kketape<\/li>\n<li>Brukerh\u00e5ndbok<\/li>\n<\/ul>\n<h3>Uniden brukerh\u00e5ndbok<\/h3>\n<p>Uniden R8 brukerh\u00e5ndbok (PDF):<\/p>\n<p><a href=\"https:\/\/unidenradar.eu\/wp-content\/uploads\/2022\/12\/Uniden_R8-manual-FR.pdf\">Uniden_R8 manual FR<\/a> <a href=\"https:\/\/unidenradar.eu\/wp-content\/uploads\/2022\/12\/Uniden_R8-manual-ES.pdf\">Uniden_R8 manual ES<\/a> <a href=\"https:\/\/unidenradar.eu\/wp-content\/uploads\/2022\/12\/Uniden_R8-manual-EN.pdf\">Uniden_R8 manual EN<\/a><\/p>\n<\/div>\n","protected":false},"excerpt":{"rendered":"<p>Den helt nye Uniden R8 radardetektoren er det nyeste tilskuddet til bransjens mest omtalte linje med radardetektorer. Den doble antennen gj\u00f8r at R8 kan oppdage trusler fra alle 4 retninger, med talevarsler for trusselretningen. Den viser til og med retning, b\u00e5nd og signalstyrke for hver. Perfekt ble bare bedre. N\u00e5 tilgjengelig som europeisk versjon.<\/p>\n","protected":false},"featured_media":3359,"comment_status":"open","ping_status":"closed","template":"","meta":{"_kad_blocks_custom_css":"","_kad_blocks_head_custom_js":"","_kad_blocks_body_custom_js":"","_kad_blocks_footer_custom_js":"","_kad_post_transparent":"","_kad_post_title":"","_kad_post_layout":"","_kad_post_sidebar_id":"","_kad_post_content_style":"","_kad_post_vertical_padding":"","_kad_post_feature":"","_kad_post_feature_position":"","_kad_post_header":false,"_kad_post_footer":false,"_kad_post_classname":""},"product_brand":[],"product_cat":[289,290],"product_tag":[291],"class_list":{"0":"post-4873","1":"product","2":"type-product","3":"status-publish","4":"has-post-thumbnail","6":"product_cat-bestselgere","7":"product_cat-radar-detektorer","8":"product_tag-uniden-r8-no","10":"first","11":"onbackorder","12":"taxable","13":"shipping-taxable","14":"purchasable","15":"product-type-simple","16":"entry","17":"content-bg","18":"loop-entry"},"taxonomy_info":{"product_cat":[{"value":289,"label":"Bestselgere"},{"value":290,"label":"Radar detektorer"}],"product_tag":[{"value":291,"label":"Uniden R8"}]},"featured_image_src_large":["https:\/\/i0.wp.com\/unidenradar.eu\/wp-content\/uploads\/2022\/12\/Uniden-R8-radar-detector-High-FRONT.webp?fit=1024%2C777&ssl=1",1024,777,true],"author_info":[],"comment_info":0,"_links":{"self":[{"href":"https:\/\/unidenradar.eu\/no\/wp-json\/wp\/v2\/product\/4873","targetHints":{"allow":["GET"]}}],"collection":[{"href":"https:\/\/unidenradar.eu\/no\/wp-json\/wp\/v2\/product"}],"about":[{"href":"https:\/\/unidenradar.eu\/no\/wp-json\/wp\/v2\/types\/product"}],"replies":[{"embeddable":true,"href":"https:\/\/unidenradar.eu\/no\/wp-json\/wp\/v2\/comments?post=4873"}],"wp:featuredmedia":[{"embeddable":true,"href":"https:\/\/unidenradar.eu\/no\/wp-json\/wp\/v2\/media\/3359"}],"wp:attachment":[{"href":"https:\/\/unidenradar.eu\/no\/wp-json\/wp\/v2\/media?parent=4873"}],"wp:term":[{"taxonomy":"product_brand","embeddable":true,"href":"https:\/\/unidenradar.eu\/no\/wp-json\/wp\/v2\/product_brand?post=4873"},{"taxonomy":"product_cat","embeddable":true,"href":"https:\/\/unidenradar.eu\/no\/wp-json\/wp\/v2\/product_cat?post=4873"},{"taxonomy":"product_tag","embeddable":true,"href":"https:\/\/unidenradar.eu\/no\/wp-json\/wp\/v2\/product_tag?post=4873"}],"curies":[{"name":"wp","href":"https:\/\/api.w.org\/{rel}","templated":true}]}}