{"id":5007,"date":"2022-12-21T18:11:50","date_gmt":"2022-12-21T17:11:50","guid":{"rendered":"https:\/\/unidenradar.eu\/product\/uniden-r4-europe-langtrekkende-radar-laserdetektor\/"},"modified":"2025-06-21T00:34:54","modified_gmt":"2025-06-20T22:34:54","slug":"uniden-r4-europe-langtrekkende-radar-laserdetektor","status":"publish","type":"product","link":"https:\/\/unidenradar.eu\/no\/produkt\/uniden-r4-europe-langtrekkende-radar-laserdetektor\/","title":{"rendered":"UNIDEN R4 Europe langtrekkende radar-\/laserdetektor"},"content":{"rendered":"<p class=\"product-description\"><strong>Den nye Uniden R4 Europe Long Range radardetektoren<\/strong> med en helt ny 2022-plattform og en mye st\u00f8rre rekkevidde og dermed enda bedre forh\u00e5ndsvarsling for radar og fotobokser. R4 har en ny Auto Mute Memory-funksjon som automatisk utelukker falske alarmer via GPS. R4 har ogs\u00e5 det beste K-band-filteret p\u00e5 markedet, med det laveste antallet falske positiver fra blindsonemonitorer og K-band-sensorer.<\/p>\n<p>&nbsp;<\/p>\n<div style=\"width: 1200px;\" class=\"wp-video\"><video class=\"wp-video-shortcode\" id=\"video-5007-1\" width=\"1200\" height=\"580\" preload=\"metadata\" controls=\"controls\"><source type=\"video\/mp4\" src=\"https:\/\/unidenradar.eu\/wp-content\/uploads\/2022\/12\/Uniden_R4_radar_detector.mp4?_=1\" \/><a href=\"https:\/\/unidenradar.eu\/wp-content\/uploads\/2022\/12\/Uniden_R4_radar_detector.mp4\">https:\/\/unidenradar.eu\/wp-content\/uploads\/2022\/12\/Uniden_R4_radar_detector.mp4<\/a><\/video><\/div>\n<p>&nbsp;<\/p>\n<h3 class=\"product-description\">Uniden R4 produktoversikt<\/h3>\n<ul>\n<li>Ekstrem rekkevidde laser radar deteksjon<\/li>\n<li>To LNA-design (Low Noise Amplifier)<\/li>\n<li>Digital signalprosessor<\/li>\n<li>Innebygd GPS for r\u00f8dt lys og fotoboksplasseringer (EUROPE)<\/li>\n<li>Ultra-lys, lettlest, flerfarget OLED-skjerm<\/li>\n<li>MRCD \/ MRCT (advarselsprioritet: Laser, MRCD, Ka, K, X) med tilpassbare toner<\/li>\n<li>Advarsel om kamera med r\u00f8dt lys<\/li>\n<li>Advarsel om fotoboks<\/li>\n<li>Automatisk dempeminne \u2013 l\u00e5ser automatisk ut feil varslingsposisjoner<\/li>\n<li>Avanserte K \/ KA-b\u00e5ndfiltre<\/li>\n<li><img data-recalc-dims=\"1\" loading=\"lazy\" decoding=\"async\" class=\"alignright wp-image-1260\" src=\"https:\/\/i0.wp.com\/unidenradar.eu\/wp-content\/uploads\/2022\/12\/Uniden-R4-GROUP.webp?resize=629%2C587&#038;ssl=1\" alt=\"\" width=\"629\" height=\"587\" srcset=\"https:\/\/i0.wp.com\/unidenradar.eu\/wp-content\/uploads\/2022\/12\/Uniden-R4-GROUP.webp?resize=1024%2C956&amp;ssl=1 1024w, https:\/\/i0.wp.com\/unidenradar.eu\/wp-content\/uploads\/2022\/12\/Uniden-R4-GROUP.webp?resize=300%2C280&amp;ssl=1 300w, https:\/\/i0.wp.com\/unidenradar.eu\/wp-content\/uploads\/2022\/12\/Uniden-R4-GROUP.webp?resize=768%2C717&amp;ssl=1 768w, https:\/\/i0.wp.com\/unidenradar.eu\/wp-content\/uploads\/2022\/12\/Uniden-R4-GROUP.webp?resize=1536%2C1434&amp;ssl=1 1536w, https:\/\/i0.wp.com\/unidenradar.eu\/wp-content\/uploads\/2022\/12\/Uniden-R4-GROUP.webp?resize=600%2C560&amp;ssl=1 600w, https:\/\/i0.wp.com\/unidenradar.eu\/wp-content\/uploads\/2022\/12\/Uniden-R4-GROUP.webp?w=1714&amp;ssl=1 1714w\" sizes=\"auto, (max-width: 629px) 100vw, 629px\" \/>Talevarsler<\/li>\n<li>GATSO-deteksjon<\/li>\n<li>Stille tur (automatisk demping i hastighet)<\/li>\n<li>Automatisk dimming<\/li>\n<li>Bogey tone, tilpasses, advarsler<\/li>\n<li>Radarb\u00e5ndfrekvensdisplay (str\u00f8mhastighet, batterispenning, h\u00f8yde, klokke)<\/li>\n<li>Laser identifikasjon<\/li>\n<li>Finner ikke Spectre Elite<\/li>\n<li>MAX hastighetsvarslingssystem<\/li>\n<li>Inkludert sugekoppholder (enkel og dobbel), datakabel og eksternt tastatur (valgfritt tilbeh\u00f8r)<\/li>\n<li>Oppgraderbar fastvare<\/li>\n<\/ul>\n<h3>Hva er i esken?<\/h3>\n<ul>\n<li class=\"sc-jlRLRk lnBKsu pf-103_\" data-pf-type=\"List.Item\"><span style=\"font-family: var(--global-body-font-family);\">UNIDEN R4 radardetektor<br \/>\n<\/span><\/li>\n<li class=\"sc-jlRLRk lnBKsu pf-103_\" data-pf-type=\"List.Item\"><span style=\"font-family: var(--global-body-font-family);\">12 V DC-str\u00f8mledning med RJ11-kontakt<br \/>\n<\/span><\/li>\n<li class=\"sc-jlRLRk lnBKsu pf-103_\" data-pf-type=\"List.Item\"><span style=\"font-family: var(--global-body-font-family);\">Monteringsbrakett for frontruten (1 sugekopp)<\/span><\/li>\n<li class=\"sc-jlRLRk lnBKsu pf-103_\" data-pf-type=\"List.Item\"><span style=\"font-family: var(--global-body-font-family);\">Monteringsbrakett for frontruten (2 sugekopper)<br \/>\n<\/span><\/li>\n<li class=\"sc-jlRLRk lnBKsu pf-103_\" data-pf-type=\"List.Item\"><span style=\"font-family: var(--global-body-font-family);\">Krok- og l\u00f8kkefeste tape<br \/>\n<\/span><\/li>\n<li class=\"sc-jlRLRk lnBKsu pf-103_\" data-pf-type=\"List.Item\"><span style=\"font-family: var(--global-body-font-family);\">B\u00e6reveske<br \/>\n<\/span><\/li>\n<li class=\"sc-jlRLRk lnBKsu pf-103_\" data-pf-type=\"List.Item\"><span style=\"font-family: var(--global-body-font-family);\">Datakabel<br \/>\n<\/span><\/li>\n<li class=\"sc-jlRLRk lnBKsu pf-103_\" data-pf-type=\"List.Item\"><span style=\"font-family: var(--global-body-font-family);\">Uniden R4 Brukerh\u00e5ndbok Norsk \/ Fransk \/ Spansk<br \/>\n<\/span><\/li>\n<li class=\"sc-jlRLRk lnBKsu pf-103_\" data-pf-type=\"List.Item\"><span style=\"font-family: var(--global-body-font-family);\">UNIDEN R4 Brukerh\u00e5ndbok Last ned: <\/span><a style=\"font-family: var(--global-body-font-family);\" href=\"https:\/\/unidenradar.eu\/wp-content\/uploads\/2022\/12\/Uniden-R4_manual_EN.pdf\">Uniden R4_manual_EN<\/a><span style=\"font-family: var(--global-body-font-family);\">\u00a0<\/span><a style=\"font-family: var(--global-body-font-family);\" href=\"https:\/\/unidenradar.eu\/wp-content\/uploads\/2022\/12\/Uniden-R4_Manual_FR.pdf\">Uniden R4_Manual_FR<\/a> <a style=\"font-family: var(--global-body-font-family);\" href=\"https:\/\/unidenradar.eu\/wp-content\/uploads\/2022\/12\/Uniden-R4_Manual-ES.pdf\">Uniden R4_Manual ES<\/a><\/li>\n<\/ul>\n","protected":false},"excerpt":{"rendered":"<p>Uniden R4, er en helt ny plattform med mye st\u00f8rre rekkevidde. Den har en ny Auto Mute Memory-funksjon, som automatisk l\u00e5ser ut falske varslingssteder. R4 har ogs\u00e5 det beste K Band-filteret p\u00e5 markedet, og tilbyr minst mulig falske varsler fra blindsonemonitorer og K Band-sensorer i andre kj\u00f8ret\u00f8y. N\u00e5r du trenger best mulig informasjon, og ingen av st\u00f8yen, setter Unidens R4 Extreme deg milevis foran.<\/p>\n","protected":false},"featured_media":3821,"comment_status":"open","ping_status":"closed","template":"","meta":{"_kad_blocks_custom_css":"","_kad_blocks_head_custom_js":"","_kad_blocks_body_custom_js":"","_kad_blocks_footer_custom_js":"","_kad_post_transparent":"","_kad_post_title":"","_kad_post_layout":"","_kad_post_sidebar_id":"","_kad_post_content_style":"","_kad_post_vertical_padding":"","_kad_post_feature":"","_kad_post_feature_position":"","_kad_post_header":false,"_kad_post_footer":false,"_kad_post_classname":""},"product_brand":[],"product_cat":[289,290],"product_tag":[],"class_list":{"0":"post-5007","1":"product","2":"type-product","3":"status-publish","4":"has-post-thumbnail","6":"product_cat-bestselgere","7":"product_cat-radar-detektorer","9":"first","10":"onbackorder","11":"taxable","12":"shipping-taxable","13":"purchasable","14":"product-type-simple","15":"entry","16":"content-bg","17":"loop-entry"},"taxonomy_info":{"product_cat":[{"value":289,"label":"Bestselgere"},{"value":290,"label":"Radar detektorer"}]},"featured_image_src_large":["https:\/\/i0.wp.com\/unidenradar.eu\/wp-content\/uploads\/2022\/12\/Uniden-R4-High-FRONT.webp?fit=1024%2C849&ssl=1",1024,849,true],"author_info":[],"comment_info":0,"_links":{"self":[{"href":"https:\/\/unidenradar.eu\/no\/wp-json\/wp\/v2\/product\/5007","targetHints":{"allow":["GET"]}}],"collection":[{"href":"https:\/\/unidenradar.eu\/no\/wp-json\/wp\/v2\/product"}],"about":[{"href":"https:\/\/unidenradar.eu\/no\/wp-json\/wp\/v2\/types\/product"}],"replies":[{"embeddable":true,"href":"https:\/\/unidenradar.eu\/no\/wp-json\/wp\/v2\/comments?post=5007"}],"wp:featuredmedia":[{"embeddable":true,"href":"https:\/\/unidenradar.eu\/no\/wp-json\/wp\/v2\/media\/3821"}],"wp:attachment":[{"href":"https:\/\/unidenradar.eu\/no\/wp-json\/wp\/v2\/media?parent=5007"}],"wp:term":[{"taxonomy":"product_brand","embeddable":true,"href":"https:\/\/unidenradar.eu\/no\/wp-json\/wp\/v2\/product_brand?post=5007"},{"taxonomy":"product_cat","embeddable":true,"href":"https:\/\/unidenradar.eu\/no\/wp-json\/wp\/v2\/product_cat?post=5007"},{"taxonomy":"product_tag","embeddable":true,"href":"https:\/\/unidenradar.eu\/no\/wp-json\/wp\/v2\/product_tag?post=5007"}],"curies":[{"name":"wp","href":"https:\/\/api.w.org\/{rel}","templated":true}]}}