{"id":5114,"date":"2022-11-22T17:04:02","date_gmt":"2022-11-22T16:04:02","guid":{"rendered":"https:\/\/unidenradar.eu\/product\/europa-lifetime-radar-poi-oppdateringer-uniden-r8-uniden-r4-international\/"},"modified":"2022-12-22T17:04:02","modified_gmt":"2022-12-22T16:04:02","slug":"europa-lifetime-radar-poi-oppdateringer-uniden-r8-uniden-r4-international","status":"publish","type":"product","link":"https:\/\/unidenradar.eu\/no\/produkt\/europa-lifetime-radar-poi-oppdateringer-uniden-r8-uniden-r4-international\/","title":{"rendered":"Europa Lifetime Radar POI oppdateringer Uniden R8 &#038; UNIDEN R4 INTERNATIONAL"},"content":{"rendered":"<p>Europeisk POI-database Livstidsoppdateringer for Uniden R4 &amp; R8 for ikke-europeisk versjon<\/p>\n<h2>UNIDEN RADAR EU Database inkluderer:<\/h2>\n<ul>\n<li>Radarkameraer med fast hastighet<\/li>\n<li>Kameraer med r\u00f8dt lys<\/li>\n<li>Hyppige omr\u00e5der for mobil hastighetskontroll<\/li>\n<li>Avstandskontroller<\/li>\n<\/ul>\n<h3>Databasen inneholder f\u00f8lgende europeiske land:<\/h3>\n<ul>\n<li style=\"list-style-type: none;\">\n<ul class=\"column\">\n<li>Albania<br \/>\nAndorra<br \/>\nArmenia<br \/>\n\u00d8sterrike<br \/>\nAserbajdsjan<br \/>\nHviterussland<br \/>\nBelgia<br \/>\nBosnia-Hercegovina<br \/>\nBulgaria<br \/>\nKroatia<br \/>\nKypros<br \/>\nTsjekkia<br \/>\nDanmark<br \/>\nEstland<br \/>\nFinland<br \/>\nFrankrike<br \/>\nGeorgia<br \/>\nTyskland<br \/>\nHellas<br \/>\nUngarn<br \/>\nIsland<br \/>\nIrland<br \/>\nItalia<br \/>\nKasakhstan<br \/>\nKosovo<br \/>\nLatvia<br \/>\nLiechtenstein<br \/>\nLitauen<br \/>\nLuxembourg<br \/>\nMalta<br \/>\nMoldova<br \/>\nMonaco<br \/>\nMontenegro<br \/>\nNederland<br \/>\nNord-Makedonia<br \/>\nNorge<br \/>\nPolen<br \/>\nPortugal<br \/>\nRomania<br \/>\nRussland<br \/>\nSan Marino<br \/>\nSerbia<br \/>\nSlovakia<br \/>\nSlovenia<br \/>\nSpania<br \/>\nSverige<br \/>\nSveits<br \/>\nKalkun<br \/>\nUkraina<br \/>\nStorbritannia (UK)<br \/>\nVatikanstaten (Den hellige stol)<\/li>\n<\/ul>\n<\/li>\n<\/ul>\n","protected":false},"excerpt":{"rendered":"<p>Europeisk POI-database Livstidsoppdateringer for Uniden R4 &amp; R8 for ikke-europeisk versjon UNIDEN RADAR EU Database inkluderer: Radarkameraer med fast hastighet Kameraer med r\u00f8dt lys Hyppige omr\u00e5der for mobil hastighetskontroll Avstandskontroller Databasen inneholder f\u00f8lgende europeiske land: Albania Andorra Armenia \u00d8sterrike Aserbajdsjan Hviterussland Belgia Bosnia-Hercegovina Bulgaria Kroatia Kypros Tsjekkia Danmark Estland Finland Frankrike Georgia Tyskland Hellas Ungarn&#8230;<\/p>\n","protected":false},"featured_media":3926,"comment_status":"open","ping_status":"closed","template":"","meta":{"_kad_blocks_custom_css":"","_kad_blocks_head_custom_js":"","_kad_blocks_body_custom_js":"","_kad_blocks_footer_custom_js":"","_kad_post_transparent":"","_kad_post_title":"","_kad_post_layout":"","_kad_post_sidebar_id":"","_kad_post_content_style":"","_kad_post_vertical_padding":"","_kad_post_feature":"","_kad_post_feature_position":"","_kad_post_header":false,"_kad_post_footer":false,"_kad_post_classname":""},"product_brand":[],"product_cat":[289,316],"product_tag":[],"class_list":{"0":"post-5114","1":"product","2":"type-product","3":"status-publish","4":"has-post-thumbnail","6":"product_cat-bestselgere","7":"product_cat-tilbehor-no","9":"first","10":"outofstock","11":"downloadable","12":"virtual","13":"sold-individually","14":"taxable","15":"purchasable","16":"product-type-simple","17":"entry","18":"content-bg","19":"loop-entry"},"taxonomy_info":{"product_cat":[{"value":289,"label":"Bestselgere"},{"value":316,"label":"Tilbeh\u00f8r"}]},"featured_image_src_large":["https:\/\/i0.wp.com\/unidenradar.eu\/wp-content\/uploads\/2022\/12\/pexels-matheus-bertelli-13871025-edited-scaled.jpg?fit=1024%2C768&ssl=1",1024,768,true],"author_info":[],"comment_info":0,"_links":{"self":[{"href":"https:\/\/unidenradar.eu\/no\/wp-json\/wp\/v2\/product\/5114","targetHints":{"allow":["GET"]}}],"collection":[{"href":"https:\/\/unidenradar.eu\/no\/wp-json\/wp\/v2\/product"}],"about":[{"href":"https:\/\/unidenradar.eu\/no\/wp-json\/wp\/v2\/types\/product"}],"replies":[{"embeddable":true,"href":"https:\/\/unidenradar.eu\/no\/wp-json\/wp\/v2\/comments?post=5114"}],"wp:featuredmedia":[{"embeddable":true,"href":"https:\/\/unidenradar.eu\/no\/wp-json\/wp\/v2\/media\/3926"}],"wp:attachment":[{"href":"https:\/\/unidenradar.eu\/no\/wp-json\/wp\/v2\/media?parent=5114"}],"wp:term":[{"taxonomy":"product_brand","embeddable":true,"href":"https:\/\/unidenradar.eu\/no\/wp-json\/wp\/v2\/product_brand?post=5114"},{"taxonomy":"product_cat","embeddable":true,"href":"https:\/\/unidenradar.eu\/no\/wp-json\/wp\/v2\/product_cat?post=5114"},{"taxonomy":"product_tag","embeddable":true,"href":"https:\/\/unidenradar.eu\/no\/wp-json\/wp\/v2\/product_tag?post=5114"}],"curies":[{"name":"wp","href":"https:\/\/api.w.org\/{rel}","templated":true}]}}