{"id":5109,"date":"2022-11-22T17:04:02","date_gmt":"2022-11-22T16:04:02","guid":{"rendered":"https:\/\/unidenradar.eu\/product\/europa-lifetime-radar-poi-updates-uniden-r8-uniden-r4-international\/"},"modified":"2022-12-22T17:04:02","modified_gmt":"2022-12-22T16:04:02","slug":"europa-lifetime-radar-poi-updates-uniden-r8-uniden-r4-international","status":"publish","type":"product","link":"https:\/\/unidenradar.eu\/pl\/produkt\/europa-lifetime-radar-poi-updates-uniden-r8-uniden-r4-international\/","title":{"rendered":"Europa Lifetime Radar POI Updates Uniden R8 &#038; UNIDEN R4 INTERNATIONAL"},"content":{"rendered":"<p>Europejska baza danych POI Lifetime Updates dla Uniden R4 &amp; R8 dla wersji spoza Europy<\/p>\n<h2>Baza danych UNIDEN RADAR EU zawiera:<\/h2>\n<ul>\n<li>Sta\u0142e kamery radarowe do pomiaru pr\u0119dko\u015bci<\/li>\n<li>Fotoradary na czerwonym \u015bwietle<\/li>\n<li>Cz\u0119ste ruchome obszary kontroli pr\u0119dko\u015bci<\/li>\n<li>Kontrole na odleg\u0142o\u015b\u0107<\/li>\n<\/ul>\n<h3>Baza obejmuje nast\u0119puj\u0105ce kraje europejskie:<\/h3>\n<ul>\n<li style=\"list-style-type: none;\">\n<ul class=\"column\">\n<li>Albania<br \/>\nAndora<br \/>\nArmenia<br \/>\nAustria<br \/>\nAzerbejd\u017can<br \/>\nBia\u0142oru\u015b<br \/>\nBelgia<br \/>\nBo\u015bnia i Hercegowina<br \/>\nBu\u0142garia<br \/>\nChorwacja<br \/>\nCypr<br \/>\nCzechy<br \/>\nDania<br \/>\nEstonia<br \/>\nFinlandia<br \/>\nFrancja<br \/>\nGruzja<br \/>\nNiemcy<br \/>\nGrecja<br \/>\nW\u0119gry<br \/>\nIslandia<br \/>\nIrlandia<br \/>\nW\u0142ochy<br \/>\nKazachstan<br \/>\nKosowo<br \/>\n\u0141otwa<br \/>\nLiechtenstein<br \/>\nLitwa<br \/>\nLuksemburg<br \/>\nMalta<br \/>\nMo\u0142dawia<br \/>\nMonako<br \/>\nCzarnog\u00f3ra<br \/>\nNiderlandy<br \/>\nMacedonia P\u00f3\u0142nocna<br \/>\nNorwegia<br \/>\nPolska<br \/>\nPortugalia<br \/>\nRumunia<br \/>\nRosja<br \/>\nSan Marino<br \/>\nSerbia<br \/>\nS\u0142owacja<br \/>\nS\u0142owenia<br \/>\nHiszpania<br \/>\nSzwecja<br \/>\nSzwajcaria<br \/>\nTurcja<br \/>\nUkraina<br \/>\nZjednoczone Kr\u00f3lestwo (UK)<br \/>\nWatykan (Stolica Apostolska)<\/li>\n<\/ul>\n<\/li>\n<\/ul>\n","protected":false},"excerpt":{"rendered":"<p>Europejska baza danych POI Lifetime Updates dla Uniden R4 &amp; R8 dla wersji spoza Europy Baza danych UNIDEN RADAR EU zawiera: Sta\u0142e kamery radarowe do pomiaru pr\u0119dko\u015bci Fotoradary na czerwonym \u015bwietle Cz\u0119ste ruchome obszary kontroli pr\u0119dko\u015bci Kontrole na odleg\u0142o\u015b\u0107 Baza obejmuje nast\u0119puj\u0105ce kraje europejskie: Albania Andora Armenia Austria Azerbejd\u017can Bia\u0142oru\u015b Belgia Bo\u015bnia i Hercegowina Bu\u0142garia&#8230;<\/p>\n","protected":false},"featured_media":3927,"comment_status":"open","ping_status":"closed","template":"","meta":{"_kad_blocks_custom_css":"","_kad_blocks_head_custom_js":"","_kad_blocks_body_custom_js":"","_kad_blocks_footer_custom_js":"","_kad_post_transparent":"","_kad_post_title":"","_kad_post_layout":"","_kad_post_sidebar_id":"","_kad_post_content_style":"","_kad_post_vertical_padding":"","_kad_post_feature":"","_kad_post_feature_position":"","_kad_post_header":false,"_kad_post_footer":false,"_kad_post_classname":""},"product_brand":[],"product_cat":[317,276],"product_tag":[],"class_list":{"0":"post-5109","1":"product","2":"type-product","3":"status-publish","4":"has-post-thumbnail","6":"product_cat-akcesoria","7":"product_cat-bestsellery-pl","9":"first","10":"outofstock","11":"downloadable","12":"virtual","13":"sold-individually","14":"taxable","15":"purchasable","16":"product-type-simple","17":"entry","18":"content-bg","19":"loop-entry"},"taxonomy_info":{"product_cat":[{"value":317,"label":"Akcesoria"},{"value":276,"label":"Bestsellery"}]},"featured_image_src_large":["https:\/\/i0.wp.com\/unidenradar.eu\/wp-content\/uploads\/2022\/12\/pexels-matheus-bertelli-13871025-edited-scaled.jpg?fit=1024%2C768&ssl=1",1024,768,true],"author_info":[],"comment_info":0,"_links":{"self":[{"href":"https:\/\/unidenradar.eu\/pl\/wp-json\/wp\/v2\/product\/5109","targetHints":{"allow":["GET"]}}],"collection":[{"href":"https:\/\/unidenradar.eu\/pl\/wp-json\/wp\/v2\/product"}],"about":[{"href":"https:\/\/unidenradar.eu\/pl\/wp-json\/wp\/v2\/types\/product"}],"replies":[{"embeddable":true,"href":"https:\/\/unidenradar.eu\/pl\/wp-json\/wp\/v2\/comments?post=5109"}],"wp:featuredmedia":[{"embeddable":true,"href":"https:\/\/unidenradar.eu\/pl\/wp-json\/wp\/v2\/media\/3927"}],"wp:attachment":[{"href":"https:\/\/unidenradar.eu\/pl\/wp-json\/wp\/v2\/media?parent=5109"}],"wp:term":[{"taxonomy":"product_brand","embeddable":true,"href":"https:\/\/unidenradar.eu\/pl\/wp-json\/wp\/v2\/product_brand?post=5109"},{"taxonomy":"product_cat","embeddable":true,"href":"https:\/\/unidenradar.eu\/pl\/wp-json\/wp\/v2\/product_cat?post=5109"},{"taxonomy":"product_tag","embeddable":true,"href":"https:\/\/unidenradar.eu\/pl\/wp-json\/wp\/v2\/product_tag?post=5109"}],"curies":[{"name":"wp","href":"https:\/\/api.w.org\/{rel}","templated":true}]}}