{"id":5123,"date":"2022-10-20T19:35:07","date_gmt":"2022-10-20T17:35:07","guid":{"rendered":"https:\/\/unidenradar.eu\/product\/zestaw-hardwire-dla-detektora-radarowego-uniden-r4-r8\/"},"modified":"2022-12-20T19:35:07","modified_gmt":"2022-12-20T18:35:07","slug":"zestaw-hardwire-dla-detektora-radarowego-uniden-r4-r8","status":"publish","type":"product","link":"https:\/\/unidenradar.eu\/pl\/produkt\/zestaw-hardwire-dla-detektora-radarowego-uniden-r4-r8\/","title":{"rendered":"ZESTAW HARDWIRE dla detektora radarowego Uniden R4 &#038; R8"},"content":{"rendered":"<p>Uniden RDA-HDWKT Radar Detector direct wire Kit with remote Mute Button pozwala na bezpo\u015brednie pod\u0142\u0105czenie kompatybilnego detektora radaru Uniden do skrzynki bezpiecznik\u00f3w w samochodzie. Pozwala to na zamontowanie ma\u0142ej skrzynki kontrolnej, gdzie chcesz dla \u0142atwej dyskretnej kontroli funkcji Mute.<\/p>\n","protected":false},"excerpt":{"rendered":"<ul>\n<li>Detektor radarowy bezpo\u015bredni zestaw przewodowy<\/li>\n<li>z przyciskiem zdalnego wyciszania<\/li>\n<li>kompatybilny z detektorem radarowym Uniden R4 &amp; R8<\/li>\n<li>pozwala na zamontowanie ma\u0142ej skrzynki kontrolnej w dowolnym miejscu<\/li>\n<li>dla \u0142atwej, dyskretnej kontroli funkcji wyciszenia<\/li>\n<\/ul>\n","protected":false},"featured_media":3948,"comment_status":"open","ping_status":"closed","template":"","meta":{"_kad_blocks_custom_css":"","_kad_blocks_head_custom_js":"","_kad_blocks_body_custom_js":"","_kad_blocks_footer_custom_js":"","_kad_post_transparent":"","_kad_post_title":"","_kad_post_layout":"","_kad_post_sidebar_id":"","_kad_post_content_style":"","_kad_post_vertical_padding":"","_kad_post_feature":"","_kad_post_feature_position":"","_kad_post_header":false,"_kad_post_footer":false,"_kad_post_classname":""},"product_brand":[],"product_cat":[317],"product_tag":[],"class_list":{"0":"post-5123","1":"product","2":"type-product","3":"status-publish","4":"has-post-thumbnail","6":"product_cat-akcesoria","8":"first","9":"instock","10":"taxable","11":"shipping-taxable","12":"purchasable","13":"product-type-simple","14":"entry","15":"content-bg","16":"loop-entry"},"taxonomy_info":{"product_cat":[{"value":317,"label":"Akcesoria"}]},"featured_image_src_large":["https:\/\/i0.wp.com\/unidenradar.eu\/wp-content\/uploads\/2022\/12\/uniden-hardwire-kit-R4-R8.png?fit=724%2C492&ssl=1",724,492,true],"author_info":[],"comment_info":0,"_links":{"self":[{"href":"https:\/\/unidenradar.eu\/pl\/wp-json\/wp\/v2\/product\/5123","targetHints":{"allow":["GET"]}}],"collection":[{"href":"https:\/\/unidenradar.eu\/pl\/wp-json\/wp\/v2\/product"}],"about":[{"href":"https:\/\/unidenradar.eu\/pl\/wp-json\/wp\/v2\/types\/product"}],"replies":[{"embeddable":true,"href":"https:\/\/unidenradar.eu\/pl\/wp-json\/wp\/v2\/comments?post=5123"}],"wp:featuredmedia":[{"embeddable":true,"href":"https:\/\/unidenradar.eu\/pl\/wp-json\/wp\/v2\/media\/3948"}],"wp:attachment":[{"href":"https:\/\/unidenradar.eu\/pl\/wp-json\/wp\/v2\/media?parent=5123"}],"wp:term":[{"taxonomy":"product_brand","embeddable":true,"href":"https:\/\/unidenradar.eu\/pl\/wp-json\/wp\/v2\/product_brand?post=5123"},{"taxonomy":"product_cat","embeddable":true,"href":"https:\/\/unidenradar.eu\/pl\/wp-json\/wp\/v2\/product_cat?post=5123"},{"taxonomy":"product_tag","embeddable":true,"href":"https:\/\/unidenradar.eu\/pl\/wp-json\/wp\/v2\/product_tag?post=5123"}],"curies":[{"name":"wp","href":"https:\/\/api.w.org\/{rel}","templated":true}]}}