{"id":5009,"date":"2022-12-21T18:11:50","date_gmt":"2022-12-21T17:11:50","guid":{"rendered":"https:\/\/unidenradar.eu\/product\/uniden-r4-europa-detector-de-radar-laser-de-longo-alcance\/"},"modified":"2025-06-21T00:34:53","modified_gmt":"2025-06-20T22:34:53","slug":"uniden-r4-europa-detector-de-radar-laser-de-longo-alcance","status":"publish","type":"product","link":"https:\/\/unidenradar.eu\/pt-pt\/produto\/uniden-r4-europa-detector-de-radar-laser-de-longo-alcance\/","title":{"rendered":"UNIDEN R4 Europa Detector de Radar\/Laser de longo alcance"},"content":{"rendered":"<p class=\"product-description\"><strong>O novo detector de radar Uniden R4 Europe Long Range<\/strong> com uma plataforma completamente nova 2022 e um alcance muito maior e, portanto, ainda melhor aviso pr\u00e9vio para radar e c\u00e2maras de velocidade. o R4 tem uma nova fun\u00e7\u00e3o de Mem\u00f3ria de Silenciamento Autom\u00e1tico que exclui automaticamente falsos alarmes via GPS. O R4 tamb\u00e9m possui o melhor filtro de banda K do mercado, com o menor n\u00famero de falsos positivos de monitores de ponto cego e sensores de banda K.<\/p>\n<p>&nbsp;<\/p>\n<div style=\"width: 1200px;\" class=\"wp-video\"><video class=\"wp-video-shortcode\" id=\"video-5009-1\" width=\"1200\" height=\"580\" preload=\"metadata\" controls=\"controls\"><source type=\"video\/mp4\" src=\"https:\/\/unidenradar.eu\/wp-content\/uploads\/2022\/12\/Uniden_R4_radar_detector.mp4?_=1\" \/><a href=\"https:\/\/unidenradar.eu\/wp-content\/uploads\/2022\/12\/Uniden_R4_radar_detector.mp4\">https:\/\/unidenradar.eu\/wp-content\/uploads\/2022\/12\/Uniden_R4_radar_detector.mp4<\/a><\/video><\/div>\n<p>&nbsp;<\/p>\n<h3 class=\"product-description\">Vis\u00e3o geral do produto Uniden R4<\/h3>\n<ul>\n<li>Detec\u00e7\u00e3o por radar laser de alcance extremo<\/li>\n<li>Dois modelos de LNA (Amplificador de Baixo Ru\u00eddo)<\/li>\n<li>Processador de sinal digital<\/li>\n<li>GPS incorporado para localiza\u00e7\u00e3o de c\u00e2maras de luz vermelha e de velocidade (EUROPA)<\/li>\n<li>Visor OLED ultra-brilhante, f\u00e1cil de ler e multicolorido<\/li>\n<li>MRCD \/ MRCT (prioridade de aviso: Laser, MRCD, Ka, K, X) com tons personaliz\u00e1veis<\/li>\n<li>Aviso de c\u00e2mara com luz vermelha<\/li>\n<li>Aviso de c\u00e2mara de velocidade<\/li>\n<li>Mem\u00f3ria de bloqueio autom\u00e1tico &#8211; bloqueia automaticamente as posi\u00e7\u00f5es de aviso incorrectas<\/li>\n<li>Filtros avan\u00e7ados de banda K \/ KA<\/li>\n<li><img data-recalc-dims=\"1\" loading=\"lazy\" decoding=\"async\" class=\"alignright wp-image-1260\" src=\"https:\/\/i0.wp.com\/unidenradar.eu\/wp-content\/uploads\/2022\/12\/Uniden-R4-GROUP.webp?resize=629%2C587&#038;ssl=1\" alt=\"\" width=\"629\" height=\"587\" srcset=\"https:\/\/i0.wp.com\/unidenradar.eu\/wp-content\/uploads\/2022\/12\/Uniden-R4-GROUP.webp?resize=1024%2C956&amp;ssl=1 1024w, https:\/\/i0.wp.com\/unidenradar.eu\/wp-content\/uploads\/2022\/12\/Uniden-R4-GROUP.webp?resize=300%2C280&amp;ssl=1 300w, https:\/\/i0.wp.com\/unidenradar.eu\/wp-content\/uploads\/2022\/12\/Uniden-R4-GROUP.webp?resize=768%2C717&amp;ssl=1 768w, https:\/\/i0.wp.com\/unidenradar.eu\/wp-content\/uploads\/2022\/12\/Uniden-R4-GROUP.webp?resize=1536%2C1434&amp;ssl=1 1536w, https:\/\/i0.wp.com\/unidenradar.eu\/wp-content\/uploads\/2022\/12\/Uniden-R4-GROUP.webp?resize=600%2C560&amp;ssl=1 600w, https:\/\/i0.wp.com\/unidenradar.eu\/wp-content\/uploads\/2022\/12\/Uniden-R4-GROUP.webp?w=1714&amp;ssl=1 1714w\" sizes=\"auto, (max-width: 629px) 100vw, 629px\" \/>Notifica\u00e7\u00f5es por voz<\/li>\n<li>Detec\u00e7\u00e3o GATSO<\/li>\n<li>Silencioso (mudo autom\u00e1tico em velocidade)<\/li>\n<li>Escurecimento autom\u00e1tico<\/li>\n<li>Tom bogey, personaliz\u00e1vel, avisos<\/li>\n<li>Visualiza\u00e7\u00e3o da frequ\u00eancia da banda de radar (velocidade actual, voltagem da bateria, altitude, rel\u00f3gio)<\/li>\n<li>Identifica\u00e7\u00e3o por laser<\/li>\n<li>N\u00e3o se consegue encontrar Specter Elite<\/li>\n<li>Sistema de aviso de velocidade MAX<\/li>\n<li>Incluindo suporte de ventosas (simples e duplo), cabo de dados, e teclado remoto (acess\u00f3rio opcional)<\/li>\n<li>Firmware actualiz\u00e1vel<\/li>\n<\/ul>\n<h3>O que est\u00e1 na caixa<\/h3>\n<ul>\n<li class=\"sc-jlRLRk lnBKsu pf-103_\" data-pf-type=\"List.Item\"><span style=\"font-family: var(--global-body-font-family);\">UNIDEN R4 Detector de radar<br \/>\n<\/span><\/li>\n<li class=\"sc-jlRLRk lnBKsu pf-103_\" data-pf-type=\"List.Item\"><span style=\"font-family: var(--global-body-font-family);\">Cabo de alimenta\u00e7\u00e3o 12V DC com conector RJ11<br \/>\n<\/span><\/li>\n<li class=\"sc-jlRLRk lnBKsu pf-103_\" data-pf-type=\"List.Item\"><span style=\"font-family: var(--global-body-font-family);\">Suporte de montagem do p\u00e1ra-brisas (1 ventosa)<br \/>\n<\/span><\/li>\n<li data-pf-type=\"List.Item\"><span style=\"font-family: var(--global-body-font-family);\">Suporte de montagem do p\u00e1ra-brisas (2 ventosas)<br \/>\n<\/span><\/li>\n<li data-pf-type=\"List.Item\"><span style=\"font-family: var(--global-body-font-family);\">Fita de fixa\u00e7\u00e3o de gancho e la\u00e7o<br \/>\n<\/span><\/li>\n<li data-pf-type=\"List.Item\"><span style=\"font-family: var(--global-body-font-family);\">Estojo de transporte<br \/>\n<\/span><\/li>\n<li data-pf-type=\"List.Item\"><span style=\"font-family: var(--global-body-font-family);\">Cabo de dados<br \/>\n<\/span><\/li>\n<li data-pf-type=\"List.Item\"><span style=\"font-family: var(--global-body-font-family);\">Uniden R4 Manual do Propriet\u00e1rio Ingl\u00eas \/ Franc\u00eas \/ Espanhol<br \/>\n<\/span><\/li>\n<li data-pf-type=\"List.Item\"><span style=\"font-family: var(--global-body-font-family);\">UNIDEN R4 Manual do Utilizador Descarregar: <\/span><a style=\"font-family: var(--global-body-font-family);\" href=\"https:\/\/unidenradar.eu\/wp-content\/uploads\/2022\/12\/Uniden-R4_manual_EN.pdf\">Uniden R4_manual_EN<\/a><span style=\"font-family: var(--global-body-font-family);\">\u00a0<\/span><a style=\"font-family: var(--global-body-font-family);\" href=\"https:\/\/unidenradar.eu\/wp-content\/uploads\/2022\/12\/Uniden-R4_Manual_FR.pdf\">Uniden R4_Manual_FR<\/a> <a style=\"font-family: var(--global-body-font-family);\" href=\"https:\/\/unidenradar.eu\/wp-content\/uploads\/2022\/12\/Uniden-R4_Manual-ES.pdf\">Uniden R4_Manual ES<\/a><\/li>\n<\/ul>\n","protected":false},"excerpt":{"rendered":"<p>O Uniden R4, \u00e9 uma plataforma totalmente nova com um alcance muito maior. Tem uma nova fun\u00e7\u00e3o de Mem\u00f3ria Muda Autom\u00e1tica, que bloqueia automaticamente localiza\u00e7\u00f5es de falsos alertas. O R4 tamb\u00e9m tem o melhor filtro K Band do mercado, oferecendo a menor quantidade de alertas falsos de monitores de ponto cego e sensores K Band em outros ve\u00edculos. Quando precisa da melhor informa\u00e7\u00e3o poss\u00edvel, e nenhum dos ru\u00eddos, o R4 Extreme da Uniden coloca-o milhas \u00e0 frente.<\/p>\n","protected":false},"featured_media":3823,"comment_status":"open","ping_status":"closed","template":"","meta":{"_kad_blocks_custom_css":"","_kad_blocks_head_custom_js":"","_kad_blocks_body_custom_js":"","_kad_blocks_footer_custom_js":"","_kad_post_transparent":"","_kad_post_title":"","_kad_post_layout":"","_kad_post_sidebar_id":"","_kad_post_content_style":"","_kad_post_vertical_padding":"","_kad_post_feature":"","_kad_post_feature_position":"","_kad_post_header":false,"_kad_post_footer":false,"_kad_post_classname":""},"product_brand":[],"product_cat":[320,319],"product_tag":[],"class_list":{"0":"post-5009","1":"product","2":"type-product","3":"status-publish","4":"has-post-thumbnail","6":"product_cat-detectores-de-radar-pt-pt","7":"product_cat-mais-vendido","9":"first","10":"onbackorder","11":"taxable","12":"shipping-taxable","13":"purchasable","14":"product-type-simple","15":"entry","16":"content-bg","17":"loop-entry"},"taxonomy_info":{"product_cat":[{"value":320,"label":"Detectores de radar"},{"value":319,"label":"Mais vendido"}]},"featured_image_src_large":["https:\/\/i0.wp.com\/unidenradar.eu\/wp-content\/uploads\/2022\/12\/Uniden-R4-High-FRONT.webp?fit=1024%2C849&ssl=1",1024,849,true],"author_info":[],"comment_info":0,"_links":{"self":[{"href":"https:\/\/unidenradar.eu\/pt-pt\/wp-json\/wp\/v2\/product\/5009","targetHints":{"allow":["GET"]}}],"collection":[{"href":"https:\/\/unidenradar.eu\/pt-pt\/wp-json\/wp\/v2\/product"}],"about":[{"href":"https:\/\/unidenradar.eu\/pt-pt\/wp-json\/wp\/v2\/types\/product"}],"replies":[{"embeddable":true,"href":"https:\/\/unidenradar.eu\/pt-pt\/wp-json\/wp\/v2\/comments?post=5009"}],"wp:featuredmedia":[{"embeddable":true,"href":"https:\/\/unidenradar.eu\/pt-pt\/wp-json\/wp\/v2\/media\/3823"}],"wp:attachment":[{"href":"https:\/\/unidenradar.eu\/pt-pt\/wp-json\/wp\/v2\/media?parent=5009"}],"wp:term":[{"taxonomy":"product_brand","embeddable":true,"href":"https:\/\/unidenradar.eu\/pt-pt\/wp-json\/wp\/v2\/product_brand?post=5009"},{"taxonomy":"product_cat","embeddable":true,"href":"https:\/\/unidenradar.eu\/pt-pt\/wp-json\/wp\/v2\/product_cat?post=5009"},{"taxonomy":"product_tag","embeddable":true,"href":"https:\/\/unidenradar.eu\/pt-pt\/wp-json\/wp\/v2\/product_tag?post=5009"}],"curies":[{"name":"wp","href":"https:\/\/api.w.org\/{rel}","templated":true}]}}