{"id":5116,"date":"2022-11-22T17:04:02","date_gmt":"2022-11-22T16:04:02","guid":{"rendered":"https:\/\/unidenradar.eu\/product\/europe-lifetime-radar-poi-updates-uniden-r8-uniden-r4-international\/"},"modified":"2022-12-22T17:04:02","modified_gmt":"2022-12-22T16:04:02","slug":"europe-lifetime-radar-poi-updates-uniden-r8-uniden-r4-international","status":"publish","type":"product","link":"https:\/\/unidenradar.eu\/pt-pt\/produto\/europe-lifetime-radar-poi-updates-uniden-r8-uniden-r4-international\/","title":{"rendered":"Europe Lifetime Radar POI Updates Uniden R8 &#038; UNIDEN R4 INTERNATIONAL"},"content":{"rendered":"<p>Base de dados de POI europeia Actualiza\u00e7\u00f5es para a vers\u00e3o Uniden R4 &amp; R8 para vers\u00e3o n\u00e3o europeia<\/p>\n<h2>A base de dados UNIDEN RADAR da UE inclui:<\/h2>\n<ul>\n<li>C\u00e2maras de radar de velocidade fixa<\/li>\n<li>C\u00e2maras de luz vermelha<\/li>\n<li>\u00c1reas de controlo de velocidade m\u00f3veis frequentes<\/li>\n<li>Controlos \u00e0 dist\u00e2ncia<\/li>\n<\/ul>\n<h3>A base de dados inclui os seguintes pa\u00edses da Europa:<\/h3>\n<ul>\n<li style=\"list-style-type: none;\">\n<ul class=\"column\">\n<li>Alb\u00e2nia<br \/>\nAndorra<br \/>\nArm\u00e9nia<br \/>\n\u00c1ustria<br \/>\nAzerbaij\u00e3o<br \/>\nBielorr\u00fassia<br \/>\nB\u00e9lgica<br \/>\nB\u00f3snia e Herzegovina<br \/>\nBulg\u00e1ria<br \/>\nCro\u00e1cia<br \/>\nChipre<br \/>\nRep\u00fablica Checa<br \/>\nDinamarca<br \/>\nEst\u00f3nia<br \/>\nFinl\u00e2ndia<br \/>\nFran\u00e7a<br \/>\nGe\u00f3rgia<br \/>\nAlemanha<br \/>\nGr\u00e9cia<br \/>\nHungria<br \/>\nIsl\u00e2ndia<br \/>\nIrlanda<br \/>\nIt\u00e1lia<br \/>\nCazaquist\u00e3o<br \/>\nKosovo<br \/>\nLet\u00f3nia<br \/>\nLiechtenstein<br \/>\nLitu\u00e2nia<br \/>\nLuxemburgo<br \/>\nMalta<br \/>\nMold\u00e1via<br \/>\nM\u00f3naco<br \/>\nMontenegro<br \/>\nPa\u00edses Baixos<br \/>\nMaced\u00f3nia do Norte<br \/>\nNoruega<br \/>\nPol\u00f3nia<br \/>\nPortugal<br \/>\nRom\u00e9nia<br \/>\nR\u00fassia<br \/>\nS\u00e3o Marino<br \/>\nS\u00e9rvia<br \/>\nEslov\u00e1quia<br \/>\nEslov\u00e9nia<br \/>\nEspanha<br \/>\nSu\u00e9cia<br \/>\nSu\u00ed\u00e7a<br \/>\nTurquia<br \/>\nUcr\u00e2nia<br \/>\nReino Unido (UK)<br \/>\nCidade do Vaticano (Santa S\u00e9)<\/li>\n<\/ul>\n<\/li>\n<\/ul>\n","protected":false},"excerpt":{"rendered":"<p>Base de dados de POI europeia Actualiza\u00e7\u00f5es para a vers\u00e3o Uniden R4 &amp; R8 para vers\u00e3o n\u00e3o europeia A base de dados UNIDEN RADAR da UE inclui: C\u00e2maras de radar de velocidade fixa C\u00e2maras de luz vermelha \u00c1reas de controlo de velocidade m\u00f3veis frequentes Controlos \u00e0 dist\u00e2ncia A base de dados inclui os seguintes pa\u00edses&#8230;<\/p>\n","protected":false},"featured_media":3928,"comment_status":"open","ping_status":"closed","template":"","meta":{"_kad_blocks_custom_css":"","_kad_blocks_head_custom_js":"","_kad_blocks_body_custom_js":"","_kad_blocks_footer_custom_js":"","_kad_post_transparent":"","_kad_post_title":"","_kad_post_layout":"","_kad_post_sidebar_id":"","_kad_post_content_style":"","_kad_post_vertical_padding":"","_kad_post_feature":"","_kad_post_feature_position":"","_kad_post_header":false,"_kad_post_footer":false,"_kad_post_classname":""},"product_brand":[],"product_cat":[318,319],"product_tag":[],"class_list":{"0":"post-5116","1":"product","2":"type-product","3":"status-publish","4":"has-post-thumbnail","6":"product_cat-acessorios","7":"product_cat-mais-vendido","9":"first","10":"outofstock","11":"downloadable","12":"virtual","13":"sold-individually","14":"taxable","15":"purchasable","16":"product-type-simple","17":"entry","18":"content-bg","19":"loop-entry"},"taxonomy_info":{"product_cat":[{"value":318,"label":"Acess\u00f3rios"},{"value":319,"label":"Mais vendido"}]},"featured_image_src_large":["https:\/\/i0.wp.com\/unidenradar.eu\/wp-content\/uploads\/2022\/12\/pexels-matheus-bertelli-13871025-edited-scaled.jpg?fit=1024%2C768&ssl=1",1024,768,true],"author_info":[],"comment_info":0,"_links":{"self":[{"href":"https:\/\/unidenradar.eu\/pt-pt\/wp-json\/wp\/v2\/product\/5116","targetHints":{"allow":["GET"]}}],"collection":[{"href":"https:\/\/unidenradar.eu\/pt-pt\/wp-json\/wp\/v2\/product"}],"about":[{"href":"https:\/\/unidenradar.eu\/pt-pt\/wp-json\/wp\/v2\/types\/product"}],"replies":[{"embeddable":true,"href":"https:\/\/unidenradar.eu\/pt-pt\/wp-json\/wp\/v2\/comments?post=5116"}],"wp:featuredmedia":[{"embeddable":true,"href":"https:\/\/unidenradar.eu\/pt-pt\/wp-json\/wp\/v2\/media\/3928"}],"wp:attachment":[{"href":"https:\/\/unidenradar.eu\/pt-pt\/wp-json\/wp\/v2\/media?parent=5116"}],"wp:term":[{"taxonomy":"product_brand","embeddable":true,"href":"https:\/\/unidenradar.eu\/pt-pt\/wp-json\/wp\/v2\/product_brand?post=5116"},{"taxonomy":"product_cat","embeddable":true,"href":"https:\/\/unidenradar.eu\/pt-pt\/wp-json\/wp\/v2\/product_cat?post=5116"},{"taxonomy":"product_tag","embeddable":true,"href":"https:\/\/unidenradar.eu\/pt-pt\/wp-json\/wp\/v2\/product_tag?post=5116"}],"curies":[{"name":"wp","href":"https:\/\/api.w.org\/{rel}","templated":true}]}}