{"id":5132,"date":"2022-10-20T19:35:07","date_gmt":"2022-10-20T17:35:07","guid":{"rendered":"https:\/\/unidenradar.eu\/product\/kit-de-instalacao-para-uniden-r4-r8-radar-detector\/"},"modified":"2022-12-20T19:35:07","modified_gmt":"2022-12-20T18:35:07","slug":"kit-de-instalacao-para-uniden-r4-r8-radar-detector","status":"publish","type":"product","link":"https:\/\/unidenradar.eu\/pt-pt\/produto\/kit-de-instalacao-para-uniden-r4-r8-radar-detector\/","title":{"rendered":"KIT de instala\u00e7\u00e3o para Uniden R4 &#038; R8 Radar Detector"},"content":{"rendered":"<p>O Uniden RDA-HDWKT Radar Detector Direct Wire Kit com Bot\u00e3o de Mudo remoto permite-lhe ligar directamente o seu Uniden Radar Detector compat\u00edvel na caixa de fus\u00edveis do seu carro. Isto permite-lhe montar a pequena caixa de controlo onde deseja para um controlo f\u00e1cil e discreto da funcionalidade Mute.<\/p>\n","protected":false},"excerpt":{"rendered":"<ul>\n<li>Kit Detector de radar de fio directo<\/li>\n<li>com Bot\u00e3o do Mudo remoto<\/li>\n<li>Detector de radar Uniden R4 &amp; R8 compat\u00edvel<\/li>\n<li>permite montar a pequena caixa de controlo onde quiser<\/li>\n<li>para um controlo f\u00e1cil e discreto da funcionalidade Mudo<\/li>\n<\/ul>\n","protected":false},"featured_media":3949,"comment_status":"open","ping_status":"closed","template":"","meta":{"_kad_blocks_custom_css":"","_kad_blocks_head_custom_js":"","_kad_blocks_body_custom_js":"","_kad_blocks_footer_custom_js":"","_kad_post_transparent":"","_kad_post_title":"","_kad_post_layout":"","_kad_post_sidebar_id":"","_kad_post_content_style":"","_kad_post_vertical_padding":"","_kad_post_feature":"","_kad_post_feature_position":"","_kad_post_header":false,"_kad_post_footer":false,"_kad_post_classname":""},"product_brand":[],"product_cat":[318],"product_tag":[],"class_list":{"0":"post-5132","1":"product","2":"type-product","3":"status-publish","4":"has-post-thumbnail","6":"product_cat-acessorios","8":"first","9":"instock","10":"taxable","11":"shipping-taxable","12":"purchasable","13":"product-type-simple","14":"entry","15":"content-bg","16":"loop-entry"},"taxonomy_info":{"product_cat":[{"value":318,"label":"Acess\u00f3rios"}]},"featured_image_src_large":["https:\/\/i0.wp.com\/unidenradar.eu\/wp-content\/uploads\/2022\/12\/uniden-hardwire-kit-R4-R8.png?fit=724%2C492&ssl=1",724,492,true],"author_info":[],"comment_info":0,"_links":{"self":[{"href":"https:\/\/unidenradar.eu\/pt-pt\/wp-json\/wp\/v2\/product\/5132","targetHints":{"allow":["GET"]}}],"collection":[{"href":"https:\/\/unidenradar.eu\/pt-pt\/wp-json\/wp\/v2\/product"}],"about":[{"href":"https:\/\/unidenradar.eu\/pt-pt\/wp-json\/wp\/v2\/types\/product"}],"replies":[{"embeddable":true,"href":"https:\/\/unidenradar.eu\/pt-pt\/wp-json\/wp\/v2\/comments?post=5132"}],"wp:featuredmedia":[{"embeddable":true,"href":"https:\/\/unidenradar.eu\/pt-pt\/wp-json\/wp\/v2\/media\/3949"}],"wp:attachment":[{"href":"https:\/\/unidenradar.eu\/pt-pt\/wp-json\/wp\/v2\/media?parent=5132"}],"wp:term":[{"taxonomy":"product_brand","embeddable":true,"href":"https:\/\/unidenradar.eu\/pt-pt\/wp-json\/wp\/v2\/product_brand?post=5132"},{"taxonomy":"product_cat","embeddable":true,"href":"https:\/\/unidenradar.eu\/pt-pt\/wp-json\/wp\/v2\/product_cat?post=5132"},{"taxonomy":"product_tag","embeddable":true,"href":"https:\/\/unidenradar.eu\/pt-pt\/wp-json\/wp\/v2\/product_tag?post=5132"}],"curies":[{"name":"wp","href":"https:\/\/api.w.org\/{rel}","templated":true}]}}