{"id":4708,"date":"2022-12-21T18:11:50","date_gmt":"2022-12-21T17:11:50","guid":{"rendered":"https:\/\/unidenradar.eu\/product\/uniden-r4-europe-detector-de-radar-laser-cu-raza-lunga-de-actiune\/"},"modified":"2025-06-21T00:34:53","modified_gmt":"2025-06-20T22:34:53","slug":"uniden-r4-europe-detector-de-radar-laser-cu-raza-lunga-de-actiune","status":"publish","type":"product","link":"https:\/\/unidenradar.eu\/ro\/produs\/uniden-r4-europe-detector-de-radar-laser-cu-raza-lunga-de-actiune\/","title":{"rendered":"UNIDEN R4 Europe &#8211; Detector de radar\/laser cu raz\u0103 lung\u0103 de ac\u021biune"},"content":{"rendered":"<p class=\"product-description\"><strong>Noul detector de radar Uniden R4 Europe Long Range<\/strong>, cu o platform\u0103 2022 complet nou\u0103 \u0219i o raz\u0103 de ac\u021biune mult mai mare \u0219i, astfel, o avertizare anticipat\u0103 \u0219i mai bun\u0103 pentru radare \u0219i radare de vitez\u0103. R4 are o nou\u0103 func\u021bie de memorare automat\u0103 care exclude automat alarmele false prin GPS. R4 dispune, de asemenea, de cel mai bun filtru de band\u0103 K de pe pia\u021b\u0103, cu cel mai mic num\u0103r de falsuri pozitive de la monitoarele de unghi mort \u0219i senzorii de band\u0103 K.<\/p>\n<p>&nbsp;<\/p>\n<div style=\"width: 1200px;\" class=\"wp-video\"><video class=\"wp-video-shortcode\" id=\"video-4708-1\" width=\"1200\" height=\"580\" preload=\"metadata\" controls=\"controls\"><source type=\"video\/mp4\" src=\"https:\/\/unidenradar.eu\/wp-content\/uploads\/2022\/12\/Uniden_R4_radar_detector.mp4?_=1\" \/><a href=\"https:\/\/unidenradar.eu\/wp-content\/uploads\/2022\/12\/Uniden_R4_radar_detector.mp4\">https:\/\/unidenradar.eu\/wp-content\/uploads\/2022\/12\/Uniden_R4_radar_detector.mp4<\/a><\/video><\/div>\n<p>&nbsp;<\/p>\n<h3 class=\"product-description\">Prezentare general\u0103 a produsului Uniden R4<\/h3>\n<ul>\n<li>Detec\u021bie radar cu laser cu raz\u0103 de ac\u021biune extrem\u0103<\/li>\n<li>Proiectare cu dou\u0103 LNA (amplificatoare cu zgomot redus)<\/li>\n<li>Procesor de semnal digital<\/li>\n<li>GPS \u00eencorporat pentru localizarea camerelor de supraveghere a vitezei \u0219i a semafoarelor ro\u0219ii (EUROPA)<\/li>\n<li>Afi\u0219aj OLED ultra-luminos, u\u0219or de citit \u0219i multicolor<\/li>\n<li>MRCD \/ MRCT (prioritate de avertizare: Laser, MRCD, Ka, K, X) cu tonuri personalizabile<\/li>\n<li>Avertizare pentru camerele de supraveghere a semaforului ro\u0219u<\/li>\n<li>Avertizare privind radarele de vitez\u0103<\/li>\n<li>Memorie automat\u0103 de muting &#8211; blocheaz\u0103 automat pozi\u021biile de avertizare incorecte<\/li>\n<li>Filtre avansate pentru benzile K \/ KA<br \/>\n<img data-recalc-dims=\"1\" loading=\"lazy\" decoding=\"async\" class=\"alignright wp-image-1260\" src=\"https:\/\/i0.wp.com\/unidenradar.eu\/wp-content\/uploads\/2022\/12\/Uniden-R4-GROUP.webp?resize=629%2C587&#038;ssl=1\" alt=\"\" width=\"629\" height=\"587\" srcset=\"https:\/\/i0.wp.com\/unidenradar.eu\/wp-content\/uploads\/2022\/12\/Uniden-R4-GROUP.webp?resize=1024%2C956&amp;ssl=1 1024w, https:\/\/i0.wp.com\/unidenradar.eu\/wp-content\/uploads\/2022\/12\/Uniden-R4-GROUP.webp?resize=300%2C280&amp;ssl=1 300w, https:\/\/i0.wp.com\/unidenradar.eu\/wp-content\/uploads\/2022\/12\/Uniden-R4-GROUP.webp?resize=768%2C717&amp;ssl=1 768w, https:\/\/i0.wp.com\/unidenradar.eu\/wp-content\/uploads\/2022\/12\/Uniden-R4-GROUP.webp?resize=1536%2C1434&amp;ssl=1 1536w, https:\/\/i0.wp.com\/unidenradar.eu\/wp-content\/uploads\/2022\/12\/Uniden-R4-GROUP.webp?resize=600%2C560&amp;ssl=1 600w, https:\/\/i0.wp.com\/unidenradar.eu\/wp-content\/uploads\/2022\/12\/Uniden-R4-GROUP.webp?w=1714&amp;ssl=1 1714w\" sizes=\"auto, (max-width: 629px) 100vw, 629px\" \/><\/li>\n<li>Notific\u0103ri vocale<\/li>\n<li>Detectarea GATSO<\/li>\n<li>Quiet Ride (silen\u021biozitate automat\u0103 la vitez\u0103)<\/li>\n<li>Reglarea automat\u0103 a intensit\u0103\u021bii luminoase<\/li>\n<li>Tonalitate Bogey, personalizabil\u0103, avertismente<\/li>\n<li>Afi\u0219aj frecven\u021b\u0103 band\u0103 radar (vitez\u0103 curent\u0103, tensiune baterie, altitudine, ceas)<\/li>\n<li>Identificare cu laser<\/li>\n<li>Nu poate g\u0103si Specter Elite<\/li>\n<li>Sistem de avertizare a vitezei MAX<\/li>\n<li>Inclusiv suport cu ventuz\u0103 (simplu \u0219i dublu), cablu de date \u0219i tastatur\u0103 la<\/li>\n<li>distan\u021b\u0103 (accesoriu op\u021bional)<\/li>\n<li>Firmware actualizabil<\/li>\n<\/ul>\n<h3>Ce este \u00een cutie<\/h3>\n<ul>\n<li class=\"sc-jlRLRk lnBKsu pf-103_\" data-pf-type=\"List.Item\"><span class=\"sc-kTLmzF bGBrSp pf-105_\" data-pf-type=\"Text\">UNIDEN R4 Detector de radar<br \/>\n<\/span><\/li>\n<li class=\"sc-jlRLRk lnBKsu pf-103_\" data-pf-type=\"List.Item\"><span class=\"sc-kTLmzF bGBrSp pf-105_\" data-pf-type=\"Text\">Cablu de alimentare de 12V DC cu conector RJ11<br \/>\n<\/span><\/li>\n<li class=\"sc-jlRLRk lnBKsu pf-103_\" data-pf-type=\"List.Item\"><span class=\"sc-kTLmzF bGBrSp pf-105_\" data-pf-type=\"Text\">Suport de montare pe parbriz (1 cup\u0103)<br \/>\n<\/span><\/li>\n<li class=\"sc-jlRLRk lnBKsu pf-103_\" data-pf-type=\"List.Item\"><span class=\"sc-kTLmzF bGBrSp pf-105_\" data-pf-type=\"Text\">Suport de montare pe parbriz (2 cupe)<br \/>\n<\/span><\/li>\n<li class=\"sc-jlRLRk lnBKsu pf-103_\" data-pf-type=\"List.Item\"><span class=\"sc-kTLmzF bGBrSp pf-105_\" data-pf-type=\"Text\">Band\u0103 de fixare cu c\u00e2rlig \u0219i bucl\u0103<br \/>\n<\/span><\/li>\n<li class=\"sc-jlRLRk lnBKsu pf-103_\" data-pf-type=\"List.Item\"><span class=\"sc-kTLmzF bGBrSp pf-105_\" data-pf-type=\"Text\">Hus\u0103 de transport<br \/>\n<\/span><\/li>\n<li class=\"sc-jlRLRk lnBKsu pf-103_\" data-pf-type=\"List.Item\"><span class=\"sc-kTLmzF bGBrSp pf-105_\" data-pf-type=\"Text\">Cablu de date<br \/>\n<\/span><\/li>\n<li class=\"sc-jlRLRk lnBKsu pf-103_\" data-pf-type=\"List.Item\"><span class=\"sc-kTLmzF bGBrSp pf-105_\" data-pf-type=\"Text\">Manual de utilizare Uniden R4, englez\u0103 \/ francez\u0103 \/ spaniol\u0103 \u00a0<\/span><\/li>\n<li data-pf-type=\"List.Item\"><span class=\"sc-kTLmzF bGBrSp pf-105_\" data-pf-type=\"Text\">Desc\u0103rca\u021bi manualul de utilizare UNIDEN R4:<\/span>\u00a0<a style=\"font-family: var(--global-body-font-family);\" href=\"https:\/\/unidenradar.eu\/wp-content\/uploads\/2022\/12\/Uniden-R4_manual_EN.pdf\">Uniden R4_manual_EN<\/a><span style=\"font-family: var(--global-body-font-family);\">\u00a0<\/span><a style=\"font-family: var(--global-body-font-family);\" href=\"https:\/\/unidenradar.eu\/wp-content\/uploads\/2022\/12\/Uniden-R4_Manual_FR.pdf\">Uniden R4_Manual_FR<\/a> <a style=\"font-family: var(--global-body-font-family);\" href=\"https:\/\/unidenradar.eu\/wp-content\/uploads\/2022\/12\/Uniden-R4_Manual-ES.pdf\">Uniden R4_Manual ES<\/a><\/li>\n<\/ul>\n","protected":false},"excerpt":{"rendered":"<p>Uniden R4, este o platform\u0103 complet nou\u0103, cu o raz\u0103 de ac\u021biune mult mai mare. Dispune de o nou\u0103 func\u021bie de memorare automat\u0103, care blocheaz\u0103 automat loca\u021biile cu alerte false. R4 are, de asemenea, cel mai bun filtru de band\u0103 K de pe pia\u021b\u0103, oferind cea mai mic\u0103 cantitate de alerte false de la monitoarele de unghi mort \u0219i de la senzorii de band\u0103 K din alte vehicule. Atunci c\u00e2nd ave\u021bi nevoie de cele mai bune informa\u021bii posibile, f\u0103r\u0103 zgomot, R4 Extreme de la Uniden v\u0103 pune cu mult \u00eenainte.<\/p>\n","protected":false},"featured_media":3824,"comment_status":"open","ping_status":"closed","template":"","meta":{"_kad_blocks_custom_css":"","_kad_blocks_head_custom_js":"","_kad_blocks_body_custom_js":"","_kad_blocks_footer_custom_js":"","_kad_post_transparent":"","_kad_post_title":"","_kad_post_layout":"","_kad_post_sidebar_id":"","_kad_post_content_style":"","_kad_post_vertical_padding":"","_kad_post_feature":"","_kad_post_feature_position":"","_kad_post_header":false,"_kad_post_footer":false,"_kad_post_classname":""},"product_brand":[],"product_cat":[249,250],"product_tag":[],"class_list":{"0":"post-4708","1":"product","2":"type-product","3":"status-publish","4":"has-post-thumbnail","6":"product_cat-bestseller-uri","7":"product_cat-detectoare-de-radar","9":"first","10":"onbackorder","11":"taxable","12":"shipping-taxable","13":"purchasable","14":"product-type-simple","15":"entry","16":"content-bg","17":"loop-entry"},"taxonomy_info":{"product_cat":[{"value":249,"label":"Bestseller-uri"},{"value":250,"label":"Detectoare de radar"}]},"featured_image_src_large":["https:\/\/i0.wp.com\/unidenradar.eu\/wp-content\/uploads\/2022\/12\/Uniden-R4-High-FRONT.webp?fit=1024%2C849&ssl=1",1024,849,true],"author_info":[],"comment_info":0,"_links":{"self":[{"href":"https:\/\/unidenradar.eu\/ro\/wp-json\/wp\/v2\/product\/4708","targetHints":{"allow":["GET"]}}],"collection":[{"href":"https:\/\/unidenradar.eu\/ro\/wp-json\/wp\/v2\/product"}],"about":[{"href":"https:\/\/unidenradar.eu\/ro\/wp-json\/wp\/v2\/types\/product"}],"replies":[{"embeddable":true,"href":"https:\/\/unidenradar.eu\/ro\/wp-json\/wp\/v2\/comments?post=4708"}],"wp:featuredmedia":[{"embeddable":true,"href":"https:\/\/unidenradar.eu\/ro\/wp-json\/wp\/v2\/media\/3824"}],"wp:attachment":[{"href":"https:\/\/unidenradar.eu\/ro\/wp-json\/wp\/v2\/media?parent=4708"}],"wp:term":[{"taxonomy":"product_brand","embeddable":true,"href":"https:\/\/unidenradar.eu\/ro\/wp-json\/wp\/v2\/product_brand?post=4708"},{"taxonomy":"product_cat","embeddable":true,"href":"https:\/\/unidenradar.eu\/ro\/wp-json\/wp\/v2\/product_cat?post=4708"},{"taxonomy":"product_tag","embeddable":true,"href":"https:\/\/unidenradar.eu\/ro\/wp-json\/wp\/v2\/product_tag?post=4708"}],"curies":[{"name":"wp","href":"https:\/\/api.w.org\/{rel}","templated":true}]}}