{"id":4729,"date":"2022-10-20T19:35:07","date_gmt":"2022-10-20T17:35:07","guid":{"rendered":"https:\/\/unidenradar.eu\/product\/hardwire-kit-pentru-detectorul-de-radar-uniden-r4-r8\/"},"modified":"2022-12-20T19:35:07","modified_gmt":"2022-12-20T18:35:07","slug":"hardwire-kit-pentru-detectorul-de-radar-uniden-r4-r8","status":"publish","type":"product","link":"https:\/\/unidenradar.eu\/ro\/produs\/hardwire-kit-pentru-detectorul-de-radar-uniden-r4-r8\/","title":{"rendered":"HARDWIRE KIT pentru detectorul de radar Uniden R4 &#038; R8"},"content":{"rendered":"<p>Kitul de cablare direct\u0103 a detectorului de radar Uniden RDA-HDWKT cu buton Mute de la distan\u021b\u0103 v\u0103 permite s\u0103 conecta\u021bi direct detectorul de radar Uniden compatibil la cutia de siguran\u021be a ma\u0219inii dumneavoastr\u0103. Acest lucru v\u0103 permite s\u0103 monta\u021bi mica cutie de control unde dori\u021bi pentru un control u\u0219or \u0219i discret al func\u021bionalit\u0103\u021bii Mute.<\/p>\n","protected":false},"excerpt":{"rendered":"<ul>\n<li>Detector de radar cu fir direct Kit<\/li>\n<li>cu buton Mute de la distan\u021b\u0103<\/li>\n<li>compatibil cu detectorul de radar Uniden R4 &amp; R8<\/li>\n<li>v\u0103 permite s\u0103 monta\u021bi cutia de control mic\u0103 unde dori\u021bi<\/li>\n<li>pentru un control u\u0219or \u0219i discret al func\u021bionalit\u0103\u021bii Mute<\/li>\n<\/ul>\n","protected":false},"featured_media":3950,"comment_status":"open","ping_status":"closed","template":"","meta":{"_kad_blocks_custom_css":"","_kad_blocks_head_custom_js":"","_kad_blocks_body_custom_js":"","_kad_blocks_footer_custom_js":"","_kad_post_transparent":"","_kad_post_title":"","_kad_post_layout":"","_kad_post_sidebar_id":"","_kad_post_content_style":"","_kad_post_vertical_padding":"","_kad_post_feature":"","_kad_post_feature_position":"","_kad_post_header":false,"_kad_post_footer":false,"_kad_post_classname":""},"product_brand":[],"product_cat":[254],"product_tag":[],"class_list":{"0":"post-4729","1":"product","2":"type-product","3":"status-publish","4":"has-post-thumbnail","6":"product_cat-accesorii","8":"first","9":"instock","10":"taxable","11":"shipping-taxable","12":"purchasable","13":"product-type-simple","14":"entry","15":"content-bg","16":"loop-entry"},"taxonomy_info":{"product_cat":[{"value":254,"label":"Accesorii"}]},"featured_image_src_large":["https:\/\/i0.wp.com\/unidenradar.eu\/wp-content\/uploads\/2022\/12\/uniden-hardwire-kit-R4-R8.png?fit=724%2C492&ssl=1",724,492,true],"author_info":[],"comment_info":0,"_links":{"self":[{"href":"https:\/\/unidenradar.eu\/ro\/wp-json\/wp\/v2\/product\/4729","targetHints":{"allow":["GET"]}}],"collection":[{"href":"https:\/\/unidenradar.eu\/ro\/wp-json\/wp\/v2\/product"}],"about":[{"href":"https:\/\/unidenradar.eu\/ro\/wp-json\/wp\/v2\/types\/product"}],"replies":[{"embeddable":true,"href":"https:\/\/unidenradar.eu\/ro\/wp-json\/wp\/v2\/comments?post=4729"}],"wp:featuredmedia":[{"embeddable":true,"href":"https:\/\/unidenradar.eu\/ro\/wp-json\/wp\/v2\/media\/3950"}],"wp:attachment":[{"href":"https:\/\/unidenradar.eu\/ro\/wp-json\/wp\/v2\/media?parent=4729"}],"wp:term":[{"taxonomy":"product_brand","embeddable":true,"href":"https:\/\/unidenradar.eu\/ro\/wp-json\/wp\/v2\/product_brand?post=4729"},{"taxonomy":"product_cat","embeddable":true,"href":"https:\/\/unidenradar.eu\/ro\/wp-json\/wp\/v2\/product_cat?post=4729"},{"taxonomy":"product_tag","embeddable":true,"href":"https:\/\/unidenradar.eu\/ro\/wp-json\/wp\/v2\/product_tag?post=4729"}],"curies":[{"name":"wp","href":"https:\/\/api.w.org\/{rel}","templated":true}]}}