{"id":4867,"date":"2022-12-21T18:11:50","date_gmt":"2022-12-21T17:11:50","guid":{"rendered":"https:\/\/unidenradar.eu\/product\/uniden-r4-europe-radar-och-laserdetektor-med-lang-rackvidd\/"},"modified":"2025-06-21T00:34:53","modified_gmt":"2025-06-20T22:34:53","slug":"uniden-r4-europe-radar-och-laserdetektor-med-lang-rackvidd","status":"publish","type":"product","link":"https:\/\/unidenradar.eu\/sv\/produkt\/uniden-r4-europe-radar-och-laserdetektor-med-lang-rackvidd\/","title":{"rendered":"UNIDEN R4 Europe Radar- och laserdetektor med l\u00e5ng r\u00e4ckvidd"},"content":{"rendered":"<p class=\"product-description\"><strong>Den nya Uniden R4 Europe Long Range radardetektorn<\/strong> med en helt ny 2022-plattform och en mycket st\u00f6rre r\u00e4ckvidd och d\u00e4rmed \u00e4nnu b\u00e4ttre f\u00f6rvarning f\u00f6r radar och fartkameror.R4 har en ny Auto Mute Memory-funktion som automatiskt utesluter falska larm via GPS. R4 har ocks\u00e5 marknadens b\u00e4sta K-bandsfilter med det l\u00e4gsta antalet falska positiva signaler fr\u00e5n d\u00f6davinkelns \u00f6vervakare och K-bandssensorer.<\/p>\n<p>&nbsp;<\/p>\n<div style=\"width: 1200px;\" class=\"wp-video\"><video class=\"wp-video-shortcode\" id=\"video-4867-1\" width=\"1200\" height=\"580\" preload=\"metadata\" controls=\"controls\"><source type=\"video\/mp4\" src=\"https:\/\/unidenradar.eu\/wp-content\/uploads\/2022\/12\/Uniden_R4_radar_detector.mp4?_=1\" \/><a href=\"https:\/\/unidenradar.eu\/wp-content\/uploads\/2022\/12\/Uniden_R4_radar_detector.mp4\">https:\/\/unidenradar.eu\/wp-content\/uploads\/2022\/12\/Uniden_R4_radar_detector.mp4<\/a><\/video><\/div>\n<p>&nbsp;<\/p>\n<h3 class=\"product-description\">Uniden R4 produkt\u00f6versikt<\/h3>\n<ul>\n<li>Laserradardetektering med extremt avst\u00e5nd<\/li>\n<li>Tv\u00e5 LNA (Low Noise Amplifier) konstruktioner<br \/>\nDigital signalprocessor<\/li>\n<li>Inbyggd GPS f\u00f6r r\u00f6dljus- och fartkameraplatser (Europa)<\/li>\n<li>Ultraljus, l\u00e4ttl\u00e4st, flerf\u00e4rgad OLED-display med flera f\u00e4rger.<\/li>\n<li>MRCD \/ MRCT (varningsprioritet: Laser, MRCD, Ka, K, X) med anpassningsbara toner.<\/li>\n<li>Varning f\u00f6r r\u00f6dljuskamera<\/li>\n<li>Varning f\u00f6r fartkameror<\/li>\n<li>Automatiskt muting-minne &#8211; l\u00e5ser automatiskt felaktiga varningsl\u00e4gen.<\/li>\n<li>Avancerade filter f\u00f6r K- och KA-bandet<\/li>\n<li><img data-recalc-dims=\"1\" loading=\"lazy\" decoding=\"async\" class=\"alignright wp-image-1260\" src=\"https:\/\/i0.wp.com\/unidenradar.eu\/wp-content\/uploads\/2022\/12\/Uniden-R4-GROUP.webp?resize=629%2C587&#038;ssl=1\" alt=\"\" width=\"629\" height=\"587\" srcset=\"https:\/\/i0.wp.com\/unidenradar.eu\/wp-content\/uploads\/2022\/12\/Uniden-R4-GROUP.webp?resize=1024%2C956&amp;ssl=1 1024w, https:\/\/i0.wp.com\/unidenradar.eu\/wp-content\/uploads\/2022\/12\/Uniden-R4-GROUP.webp?resize=300%2C280&amp;ssl=1 300w, https:\/\/i0.wp.com\/unidenradar.eu\/wp-content\/uploads\/2022\/12\/Uniden-R4-GROUP.webp?resize=768%2C717&amp;ssl=1 768w, https:\/\/i0.wp.com\/unidenradar.eu\/wp-content\/uploads\/2022\/12\/Uniden-R4-GROUP.webp?resize=1536%2C1434&amp;ssl=1 1536w, https:\/\/i0.wp.com\/unidenradar.eu\/wp-content\/uploads\/2022\/12\/Uniden-R4-GROUP.webp?resize=600%2C560&amp;ssl=1 600w, https:\/\/i0.wp.com\/unidenradar.eu\/wp-content\/uploads\/2022\/12\/Uniden-R4-GROUP.webp?w=1714&amp;ssl=1 1714w\" sizes=\"auto, (max-width: 629px) 100vw, 629px\" \/>R\u00f6stmeddelanden<\/li>\n<li>GATSO-detektering<\/li>\n<li>Quiet Ride (automatisk ljudd\u00e4mpning vid hastighet)<\/li>\n<li>Automatisk dimning<\/li>\n<li>Bogey-ton, anpassningsbar, varningar<\/li>\n<li>Radarbandsfrekvensvisning (aktuell hastighet, batterisp\u00e4nning, h\u00f6jd, klocka).<\/li>\n<li>Laseridentifiering<\/li>\n<li>Kan inte hitta Specter Elite<\/li>\n<li>Varningssystem f\u00f6r MAX-hastighet<\/li>\n<li>Inklusive sugkoppsh\u00e5llare (enkel och dubbel), datakabel och fj\u00e4rrstyrd knappsats (tillbeh\u00f6r som tillval).<\/li>\n<li>Uppgraderbar fast programvara<\/li>\n<\/ul>\n<h3>Vad finns i l\u00e5dan<\/h3>\n<ul>\n<li class=\"sc-jlRLRk lnBKsu pf-103_\" data-pf-type=\"List.Item\"><span style=\"font-family: var(--global-body-font-family);\">UNIDEN R4 radardetektor<br \/>\n<\/span><\/li>\n<li class=\"sc-jlRLRk lnBKsu pf-103_\" data-pf-type=\"List.Item\"><span style=\"font-family: var(--global-body-font-family);\">12V DC str\u00f6mkabel med RJ11-kontakt<br \/>\n<\/span><\/li>\n<li class=\"sc-jlRLRk lnBKsu pf-103_\" data-pf-type=\"List.Item\"><span style=\"font-family: var(--global-body-font-family);\">Monteringsf\u00e4ste f\u00f6r vindruta (1 kopp)<br \/>\n<\/span><\/li>\n<li class=\"sc-jlRLRk lnBKsu pf-103_\" data-pf-type=\"List.Item\"><span style=\"font-family: var(--global-body-font-family);\">Monteringsf\u00e4ste f\u00f6r vindruta (2 koppar)<br \/>\n<\/span><\/li>\n<li class=\"sc-jlRLRk lnBKsu pf-103_\" data-pf-type=\"List.Item\"><span style=\"font-family: var(--global-body-font-family);\">Tejp med krok och slinga f\u00f6r fasts\u00e4ttning<br \/>\n<\/span><\/li>\n<li class=\"sc-jlRLRk lnBKsu pf-103_\" data-pf-type=\"List.Item\"><span style=\"font-family: var(--global-body-font-family);\">B\u00e4rv\u00e4ska<br \/>\n<\/span><\/li>\n<li class=\"sc-jlRLRk lnBKsu pf-103_\" data-pf-type=\"List.Item\"><span style=\"font-family: var(--global-body-font-family);\">Datakabel<br \/>\n<\/span><\/li>\n<li class=\"sc-jlRLRk lnBKsu pf-103_\" data-pf-type=\"List.Item\"><span style=\"font-family: var(--global-body-font-family);\">Uniden R4 Bruksanvisning Engelska \/ Franska \/ Spanska<br \/>\n<\/span><\/li>\n<li class=\"sc-jlRLRk lnBKsu pf-103_\" data-pf-type=\"List.Item\"><span style=\"font-family: var(--global-body-font-family);\">UNIDEN R4 Anv\u00e4ndarmanual Nedladdning: <\/span><a style=\"font-family: var(--global-body-font-family);\" href=\"https:\/\/unidenradar.eu\/wp-content\/uploads\/2022\/12\/Uniden-R4_manual_EN.pdf\">Uniden R4_manual_EN<\/a><span style=\"font-family: var(--global-body-font-family);\">\u00a0<\/span><a style=\"font-family: var(--global-body-font-family);\" href=\"https:\/\/unidenradar.eu\/wp-content\/uploads\/2022\/12\/Uniden-R4_Manual_FR.pdf\">Uniden R4_Manual_FR<\/a> <a style=\"font-family: var(--global-body-font-family);\" href=\"https:\/\/unidenradar.eu\/wp-content\/uploads\/2022\/12\/Uniden-R4_Manual-ES.pdf\">Uniden R4_Manual ES<\/a><\/li>\n<\/ul>\n","protected":false},"excerpt":{"rendered":"<p>Uniden R4 \u00e4r en helt ny plattform med mycket st\u00f6rre r\u00e4ckvidd. Den har en ny funktion f\u00f6r automatisk tystnadsminnesfunktion som automatiskt l\u00e5ser ut platser med falska larm. R4 har ocks\u00e5 marknadens b\u00e4sta K-bandsfilter, vilket ger minst antal falska larm fr\u00e5n \u00f6vervakare f\u00f6r d\u00f6da vinkeln och K-bandssensorer i andra fordon. N\u00e4r du beh\u00f6ver b\u00e4sta m\u00f6jliga information och inget av bruset, ger Unidens R4 Extreme dig ett stort f\u00f6rspr\u00e5ng.<\/p>\n","protected":false},"featured_media":3826,"comment_status":"open","ping_status":"closed","template":"","meta":{"_kad_blocks_custom_css":"","_kad_blocks_head_custom_js":"","_kad_blocks_body_custom_js":"","_kad_blocks_footer_custom_js":"","_kad_post_transparent":"","_kad_post_title":"","_kad_post_layout":"","_kad_post_sidebar_id":"","_kad_post_content_style":"","_kad_post_vertical_padding":"","_kad_post_feature":"","_kad_post_feature_position":"","_kad_post_header":false,"_kad_post_footer":false,"_kad_post_classname":""},"product_brand":[],"product_cat":[273,274],"product_tag":[],"class_list":{"0":"post-4867","1":"product","2":"type-product","3":"status-publish","4":"has-post-thumbnail","6":"product_cat-bastsaljare","7":"product_cat-radardetektorer","9":"first","10":"onbackorder","11":"taxable","12":"shipping-taxable","13":"purchasable","14":"product-type-simple","15":"entry","16":"content-bg","17":"loop-entry"},"taxonomy_info":{"product_cat":[{"value":273,"label":"B\u00e4sts\u00e4ljare"},{"value":274,"label":"Radardetektorer"}]},"featured_image_src_large":["https:\/\/i0.wp.com\/unidenradar.eu\/wp-content\/uploads\/2022\/12\/Uniden-R4-High-FRONT.webp?fit=1024%2C849&ssl=1",1024,849,true],"author_info":[],"comment_info":0,"_links":{"self":[{"href":"https:\/\/unidenradar.eu\/sv\/wp-json\/wp\/v2\/product\/4867","targetHints":{"allow":["GET"]}}],"collection":[{"href":"https:\/\/unidenradar.eu\/sv\/wp-json\/wp\/v2\/product"}],"about":[{"href":"https:\/\/unidenradar.eu\/sv\/wp-json\/wp\/v2\/types\/product"}],"replies":[{"embeddable":true,"href":"https:\/\/unidenradar.eu\/sv\/wp-json\/wp\/v2\/comments?post=4867"}],"wp:featuredmedia":[{"embeddable":true,"href":"https:\/\/unidenradar.eu\/sv\/wp-json\/wp\/v2\/media\/3826"}],"wp:attachment":[{"href":"https:\/\/unidenradar.eu\/sv\/wp-json\/wp\/v2\/media?parent=4867"}],"wp:term":[{"taxonomy":"product_brand","embeddable":true,"href":"https:\/\/unidenradar.eu\/sv\/wp-json\/wp\/v2\/product_brand?post=4867"},{"taxonomy":"product_cat","embeddable":true,"href":"https:\/\/unidenradar.eu\/sv\/wp-json\/wp\/v2\/product_cat?post=4867"},{"taxonomy":"product_tag","embeddable":true,"href":"https:\/\/unidenradar.eu\/sv\/wp-json\/wp\/v2\/product_tag?post=4867"}],"curies":[{"name":"wp","href":"https:\/\/api.w.org\/{rel}","templated":true}]}}