{"id":5108,"date":"2022-11-22T17:04:02","date_gmt":"2022-11-22T16:04:02","guid":{"rendered":"https:\/\/unidenradar.eu\/product\/europa-lifetime-radar-poi-uppdateringar-uniden-r8-uniden-r4-international\/"},"modified":"2022-12-22T17:04:02","modified_gmt":"2022-12-22T16:04:02","slug":"europa-lifetime-radar-poi-uppdateringar-uniden-r8-uniden-r4-international","status":"publish","type":"product","link":"https:\/\/unidenradar.eu\/sv\/produkt\/europa-lifetime-radar-poi-uppdateringar-uniden-r8-uniden-r4-international\/","title":{"rendered":"Europa Lifetime Radar POI Uppdateringar Uniden R8 &#038; UNIDEN R4 INTERNATIONAL"},"content":{"rendered":"<p>Europeiska POI-databasen Livstidsuppdateringar f\u00f6r Uniden R4 &amp; R8 f\u00f6r icke-europeiska versioner<\/p>\n<h2>UNIDEN RADAR EU-databasen inneh\u00e5ller:<\/h2>\n<ul>\n<li>Fasta radarkameror f\u00f6r hastighets\u00f6vervakning<\/li>\n<li>Kameror f\u00f6r r\u00f6dljus<\/li>\n<li>Frekventa mobila hastighets\u00f6vervakningsomr\u00e5den<\/li>\n<li>Avst\u00e5ndskontroller<\/li>\n<\/ul>\n<h3>Databasen omfattar f\u00f6ljande europeiska l\u00e4nder:<\/h3>\n<ul>\n<li style=\"list-style-type: none;\">\n<ul class=\"column\">\n<li>Albanien<br \/>\nAndorra<br \/>\nArmenien<br \/>\n\u00d6sterrike<br \/>\nAzerbajdzjan<br \/>\nVitryssland<br \/>\nBelgien<br \/>\nBosnien och Hercegovina<br \/>\nBulgarien<br \/>\nKroatien<br \/>\nCypern<br \/>\nTjeckien<br \/>\nDanmark<br \/>\nEstland<br \/>\nFinland<br \/>\nFrankrike<br \/>\nGeorgien<br \/>\nTyskland<br \/>\nGrekland<br \/>\nUngern<br \/>\nIsland<br \/>\nIrland<br \/>\nItalien<br \/>\nKazakstan<br \/>\nKosovo<br \/>\nLettland<br \/>\nLiechtenstein<br \/>\nLitauen<br \/>\nLuxemburg<br \/>\nMalta<br \/>\nMoldavien<br \/>\nMonaco<br \/>\nMontenegro<br \/>\nNederl\u00e4nderna<br \/>\nNordmakedonien<br \/>\nNorge<br \/>\nPolen<br \/>\nPortugal<br \/>\nRum\u00e4nien<br \/>\nRyssland<br \/>\nSan Marino<br \/>\nSerbien<br \/>\nSlovakien<br \/>\nSlovenien<br \/>\nSpanien<br \/>\nSverige<br \/>\nSchweiz<br \/>\nTurkiet<br \/>\nUkraina<br \/>\nF\u00f6renade kungariket (UK)<br \/>\nVatikanstaten (Heliga stolen)<\/li>\n<\/ul>\n<\/li>\n<\/ul>\n","protected":false},"excerpt":{"rendered":"<p>Europeiska POI-databasen Livstidsuppdateringar f\u00f6r Uniden R4 &amp; R8 f\u00f6r icke-europeiska versioner UNIDEN RADAR EU-databasen inneh\u00e5ller: Fasta radarkameror f\u00f6r hastighets\u00f6vervakning Kameror f\u00f6r r\u00f6dljus Frekventa mobila hastighets\u00f6vervakningsomr\u00e5den Avst\u00e5ndskontroller Databasen omfattar f\u00f6ljande europeiska l\u00e4nder: Albanien Andorra Armenien \u00d6sterrike Azerbajdzjan Vitryssland Belgien Bosnien och Hercegovina Bulgarien Kroatien Cypern Tjeckien Danmark Estland Finland Frankrike Georgien Tyskland Grekland Ungern Island Irland&#8230;<\/p>\n","protected":false},"featured_media":3931,"comment_status":"open","ping_status":"closed","template":"","meta":{"_kad_blocks_custom_css":"","_kad_blocks_head_custom_js":"","_kad_blocks_body_custom_js":"","_kad_blocks_footer_custom_js":"","_kad_post_transparent":"","_kad_post_title":"","_kad_post_layout":"","_kad_post_sidebar_id":"","_kad_post_content_style":"","_kad_post_vertical_padding":"","_kad_post_feature":"","_kad_post_feature_position":"","_kad_post_header":false,"_kad_post_footer":false,"_kad_post_classname":""},"product_brand":[],"product_cat":[273,322],"product_tag":[],"class_list":{"0":"post-5108","1":"product","2":"type-product","3":"status-publish","4":"has-post-thumbnail","6":"product_cat-bastsaljare","7":"product_cat-tillbehor","9":"first","10":"outofstock","11":"downloadable","12":"virtual","13":"sold-individually","14":"taxable","15":"purchasable","16":"product-type-simple","17":"entry","18":"content-bg","19":"loop-entry"},"taxonomy_info":{"product_cat":[{"value":273,"label":"B\u00e4sts\u00e4ljare"},{"value":322,"label":"Tillbeh\u00f6r"}]},"featured_image_src_large":["https:\/\/i0.wp.com\/unidenradar.eu\/wp-content\/uploads\/2022\/12\/pexels-matheus-bertelli-13871025-edited-scaled.jpg?fit=1024%2C768&ssl=1",1024,768,true],"author_info":[],"comment_info":0,"_links":{"self":[{"href":"https:\/\/unidenradar.eu\/sv\/wp-json\/wp\/v2\/product\/5108","targetHints":{"allow":["GET"]}}],"collection":[{"href":"https:\/\/unidenradar.eu\/sv\/wp-json\/wp\/v2\/product"}],"about":[{"href":"https:\/\/unidenradar.eu\/sv\/wp-json\/wp\/v2\/types\/product"}],"replies":[{"embeddable":true,"href":"https:\/\/unidenradar.eu\/sv\/wp-json\/wp\/v2\/comments?post=5108"}],"wp:featuredmedia":[{"embeddable":true,"href":"https:\/\/unidenradar.eu\/sv\/wp-json\/wp\/v2\/media\/3931"}],"wp:attachment":[{"href":"https:\/\/unidenradar.eu\/sv\/wp-json\/wp\/v2\/media?parent=5108"}],"wp:term":[{"taxonomy":"product_brand","embeddable":true,"href":"https:\/\/unidenradar.eu\/sv\/wp-json\/wp\/v2\/product_brand?post=5108"},{"taxonomy":"product_cat","embeddable":true,"href":"https:\/\/unidenradar.eu\/sv\/wp-json\/wp\/v2\/product_cat?post=5108"},{"taxonomy":"product_tag","embeddable":true,"href":"https:\/\/unidenradar.eu\/sv\/wp-json\/wp\/v2\/product_tag?post=5108"}],"curies":[{"name":"wp","href":"https:\/\/api.w.org\/{rel}","templated":true}]}}