{"id":4881,"date":"2022-12-21T18:11:50","date_gmt":"2022-12-21T17:11:50","guid":{"rendered":"https:\/\/unidenradar.eu\/product\/uniden-r4-avrupa-uzun-menzilli-radar-lazer-dedektoru\/"},"modified":"2025-06-21T00:34:54","modified_gmt":"2025-06-20T22:34:54","slug":"uniden-r4-avrupa-uzun-menzilli-radar-lazer-dedektoru","status":"publish","type":"product","link":"https:\/\/unidenradar.eu\/tr\/urun\/uniden-r4-avrupa-uzun-menzilli-radar-lazer-dedektoru\/","title":{"rendered":"UNIDEN R4 Avrupa Uzun Menzilli Radar\/Lazer Dedekt\u00f6r\u00fc"},"content":{"rendered":"<p class=\"product-description\"><strong>Yeni Uniden R4 Avrupa Uzun Menzilli radar dedekt\u00f6r\u00fc<\/strong>, tamamen yeni bir 2022 platformuna ve \u00e7ok daha geni\u015f bir menzile sahiptir ve b\u00f6ylece radar ve h\u0131z kameralar\u0131 i\u00e7in daha da iyi \u00f6n uyar\u0131 sa\u011flar. R4, GPS arac\u0131l\u0131\u011f\u0131yla yanl\u0131\u015f alarmlar\u0131 otomatik olarak hari\u00e7 tutan yeni bir Otomatik Sessiz Haf\u0131za i\u015flevine sahiptir. R4 ayr\u0131ca k\u00f6r nokta monit\u00f6rleri ve K-bant sens\u00f6rlerinden gelen en d\u00fc\u015f\u00fck say\u0131da yanl\u0131\u015f pozitif ile piyasadaki en iyi K-bant filtresine sahiptir.<\/p>\n<p>&nbsp;<\/p>\n<div style=\"width: 1200px;\" class=\"wp-video\"><video class=\"wp-video-shortcode\" id=\"video-4881-1\" width=\"1200\" height=\"580\" preload=\"metadata\" controls=\"controls\"><source type=\"video\/mp4\" src=\"https:\/\/unidenradar.eu\/wp-content\/uploads\/2022\/12\/Uniden_R4_radar_detector.mp4?_=1\" \/><a href=\"https:\/\/unidenradar.eu\/wp-content\/uploads\/2022\/12\/Uniden_R4_radar_detector.mp4\">https:\/\/unidenradar.eu\/wp-content\/uploads\/2022\/12\/Uniden_R4_radar_detector.mp4<\/a><\/video><\/div>\n<p>&nbsp;<\/p>\n<h3 class=\"product-description\">Uniden R4 \u00fcr\u00fcn\u00fcne genel bak\u0131\u015f<\/h3>\n<ul>\n<li>A\u015f\u0131r\u0131 menzilli lazer radar alg\u0131lama<\/li>\n<li>\u0130ki LNA (D\u00fc\u015f\u00fck G\u00fcr\u00fclt\u00fcl\u00fc Amplifikat\u00f6r) tasar\u0131m\u0131<\/li>\n<li>Dijital sinyal i\u015flemcisi<\/li>\n<li>K\u0131rm\u0131z\u0131 \u0131\u015f\u0131k ve h\u0131z kameras\u0131 konumlar\u0131 i\u00e7in dahili GPS (AVRUPA)<\/li>\n<li>Ultra parlak, okunmas\u0131 kolay, \u00e7ok renkli OLED ekran<\/li>\n<li>\u00d6zelle\u015ftirilebilir tonlarla MRCD \/ MRCT (uyar\u0131 \u00f6nceli\u011fi: Lazer, MRCD, Ka, K, X)<\/li>\n<li>K\u0131rm\u0131z\u0131 \u0131\u015f\u0131k kameras\u0131 uyar\u0131s\u0131<\/li>\n<li>H\u0131z kameras\u0131 uyar\u0131s\u0131<\/li>\n<li>Otomatik susturma belle\u011fi &#8211; yanl\u0131\u015f uyar\u0131 konumlar\u0131n\u0131 otomatik<\/li>\n<li>olarak kilitler<\/li>\n<li>Geli\u015fmi\u015f K \/ KA bant filtreleri<\/li>\n<li><img data-recalc-dims=\"1\" loading=\"lazy\" decoding=\"async\" class=\"alignright wp-image-1260\" src=\"https:\/\/i0.wp.com\/unidenradar.eu\/wp-content\/uploads\/2022\/12\/Uniden-R4-GROUP.webp?resize=629%2C587&#038;ssl=1\" alt=\"\" width=\"629\" height=\"587\" srcset=\"https:\/\/i0.wp.com\/unidenradar.eu\/wp-content\/uploads\/2022\/12\/Uniden-R4-GROUP.webp?resize=1024%2C956&amp;ssl=1 1024w, https:\/\/i0.wp.com\/unidenradar.eu\/wp-content\/uploads\/2022\/12\/Uniden-R4-GROUP.webp?resize=300%2C280&amp;ssl=1 300w, https:\/\/i0.wp.com\/unidenradar.eu\/wp-content\/uploads\/2022\/12\/Uniden-R4-GROUP.webp?resize=768%2C717&amp;ssl=1 768w, https:\/\/i0.wp.com\/unidenradar.eu\/wp-content\/uploads\/2022\/12\/Uniden-R4-GROUP.webp?resize=1536%2C1434&amp;ssl=1 1536w, https:\/\/i0.wp.com\/unidenradar.eu\/wp-content\/uploads\/2022\/12\/Uniden-R4-GROUP.webp?resize=600%2C560&amp;ssl=1 600w, https:\/\/i0.wp.com\/unidenradar.eu\/wp-content\/uploads\/2022\/12\/Uniden-R4-GROUP.webp?w=1714&amp;ssl=1 1714w\" sizes=\"auto, (max-width: 629px) 100vw, 629px\" \/>Sesli bildirimler<\/li>\n<li>GATSO alg\u0131lama<\/li>\n<li>Sessiz S\u00fcr\u00fc\u015f (h\u0131zda otomatik sessiz)<\/li>\n<li>Otomatik karartma<\/li>\n<li>Bogey sesi, \u00f6zelle\u015ftirilebilir, uyar\u0131lar<\/li>\n<li>Radar band\u0131 frekans g\u00f6stergesi (mevcut h\u0131z, pil voltaj\u0131, irtifa, saat)<\/li>\n<li>Lazer tan\u0131mlama<\/li>\n<li>Specter Elite bulunam\u0131yor<\/li>\n<li>MAX h\u0131z uyar\u0131 sistemi<\/li>\n<li>Vantuz tutucu (tekli ve \u00e7iftli), veri kablosu ve uzaktan tu\u015f tak\u0131m\u0131<\/li>\n<li>(iste\u011fe ba\u011fl\u0131 aksesuar) dahil<\/li>\n<li>Y\u00fckseltilebilir \u00fcr\u00fcn yaz\u0131l\u0131m\u0131 ve veritaban\u0131<\/li>\n<\/ul>\n<h3>Kutunun i\u00e7inde ne var<\/h3>\n<ul>\n<li class=\"sc-jlRLRk lnBKsu pf-103_\" data-pf-type=\"List.Item\"><span style=\"font-family: var(--global-body-font-family);\">UNIDEN R4 Radar Dedekt\u00f6r\u00fc<br \/>\n<\/span><\/li>\n<li class=\"sc-jlRLRk lnBKsu pf-103_\" data-pf-type=\"List.Item\"><span style=\"font-family: var(--global-body-font-family);\">RJ11 Konnekt\u00f6rl\u00fc 12V DC G\u00fc\u00e7 Kablosu<br \/>\n<\/span><\/li>\n<li class=\"sc-jlRLRk lnBKsu pf-103_\" data-pf-type=\"List.Item\"><span style=\"font-family: var(--global-body-font-family);\">\u00d6n Cam Montaj Braketi (1 Bardak)<br \/>\n<\/span><\/li>\n<li class=\"sc-jlRLRk lnBKsu pf-103_\" data-pf-type=\"List.Item\"><span style=\"font-family: var(--global-body-font-family);\">\u00d6n Cam Montaj Braketi (2 Bardak)<br \/>\n<\/span><\/li>\n<li class=\"sc-jlRLRk lnBKsu pf-103_\" data-pf-type=\"List.Item\"><span style=\"font-family: var(--global-body-font-family);\">Kanca ve Halka Ba\u011flant\u0131 Band\u0131<br \/>\n<\/span><\/li>\n<li class=\"sc-jlRLRk lnBKsu pf-103_\" data-pf-type=\"List.Item\"><span style=\"font-family: var(--global-body-font-family);\">Ta\u015f\u0131ma \u00c7antas\u0131<br \/>\n<\/span><\/li>\n<li class=\"sc-jlRLRk lnBKsu pf-103_\" data-pf-type=\"List.Item\"><span style=\"font-family: var(--global-body-font-family);\">Veri Kablosu<br \/>\n<\/span><\/li>\n<li class=\"sc-jlRLRk lnBKsu pf-103_\" data-pf-type=\"List.Item\"><span style=\"font-family: var(--global-body-font-family);\">Uniden R4 Kullan\u0131m K\u0131lavuzu \u0130ngilizce \/ Frans\u0131zca \/ \u0130spanyolca<br \/>\n<\/span><\/li>\n<li class=\"sc-jlRLRk lnBKsu pf-103_\" data-pf-type=\"List.Item\"><span style=\"font-family: var(--global-body-font-family);\">UNIDEN R4 Kullan\u0131m K\u0131lavuzu \u0130ndir: <\/span><a style=\"font-family: var(--global-body-font-family);\" href=\"https:\/\/unidenradar.eu\/wp-content\/uploads\/2022\/12\/Uniden-R4_manual_EN.pdf\">Uniden R4_manual_EN<\/a><span style=\"font-family: var(--global-body-font-family);\">\u00a0<\/span><a style=\"font-family: var(--global-body-font-family);\" href=\"https:\/\/unidenradar.eu\/wp-content\/uploads\/2022\/12\/Uniden-R4_Manual_FR.pdf\">Uniden R4_Manual_FR<\/a> <a style=\"font-family: var(--global-body-font-family);\" href=\"https:\/\/unidenradar.eu\/wp-content\/uploads\/2022\/12\/Uniden-R4_Manual-ES.pdf\">Uniden R4_Manual ES<\/a><\/li>\n<\/ul>\n","protected":false},"excerpt":{"rendered":"<p>Uniden R4, \u00e7ok daha geni\u015f bir menzile sahip tamamen yeni bir platformdur. Yanl\u0131\u015f uyar\u0131 konumlar\u0131n\u0131 otomatik olarak kilitleyen yeni bir Otomatik Sessiz Haf\u0131za \u00f6zelli\u011fine sahiptir. R4 ayr\u0131ca piyasadaki en iyi K Bant filtresine sahiptir ve di\u011fer ara\u00e7lardaki k\u00f6r nokta monit\u00f6rlerinden ve K Bant sens\u00f6rlerinden en az miktarda yanl\u0131\u015f uyar\u0131 sunar. M\u00fcmk\u00fcn olan en iyi bilgiye ihtiyac\u0131n\u0131z oldu\u011funda ve hi\u00e7bir g\u00fcr\u00fclt\u00fcye ihtiya\u00e7 duymad\u0131\u011f\u0131n\u0131zda, Uniden R4 Extreme sizi kilometrelerce \u00f6ne \u00e7\u0131kar\u0131r.<\/p>\n","protected":false},"featured_media":3827,"comment_status":"open","ping_status":"closed","template":"","meta":{"_kad_blocks_custom_css":"","_kad_blocks_head_custom_js":"","_kad_blocks_body_custom_js":"","_kad_blocks_footer_custom_js":"","_kad_post_transparent":"","_kad_post_title":"","_kad_post_layout":"","_kad_post_sidebar_id":"","_kad_post_content_style":"","_kad_post_vertical_padding":"","_kad_post_feature":"","_kad_post_feature_position":"","_kad_post_header":false,"_kad_post_footer":false,"_kad_post_classname":""},"product_brand":[],"product_cat":[283,284],"product_tag":[],"class_list":{"0":"post-4881","1":"product","2":"type-product","3":"status-publish","4":"has-post-thumbnail","6":"product_cat-bestsellers-tr","7":"product_cat-radar-dedektorleri","9":"first","10":"onbackorder","11":"taxable","12":"shipping-taxable","13":"purchasable","14":"product-type-simple","15":"entry","16":"content-bg","17":"loop-entry"},"taxonomy_info":{"product_cat":[{"value":283,"label":"En \u00c7ok Satanlar"},{"value":284,"label":"Radar Dedekt\u00f6rleri"}]},"featured_image_src_large":["https:\/\/i0.wp.com\/unidenradar.eu\/wp-content\/uploads\/2022\/12\/Uniden-R4-High-FRONT.webp?fit=1024%2C849&ssl=1",1024,849,true],"author_info":[],"comment_info":0,"_links":{"self":[{"href":"https:\/\/unidenradar.eu\/tr\/wp-json\/wp\/v2\/product\/4881","targetHints":{"allow":["GET"]}}],"collection":[{"href":"https:\/\/unidenradar.eu\/tr\/wp-json\/wp\/v2\/product"}],"about":[{"href":"https:\/\/unidenradar.eu\/tr\/wp-json\/wp\/v2\/types\/product"}],"replies":[{"embeddable":true,"href":"https:\/\/unidenradar.eu\/tr\/wp-json\/wp\/v2\/comments?post=4881"}],"wp:featuredmedia":[{"embeddable":true,"href":"https:\/\/unidenradar.eu\/tr\/wp-json\/wp\/v2\/media\/3827"}],"wp:attachment":[{"href":"https:\/\/unidenradar.eu\/tr\/wp-json\/wp\/v2\/media?parent=4881"}],"wp:term":[{"taxonomy":"product_brand","embeddable":true,"href":"https:\/\/unidenradar.eu\/tr\/wp-json\/wp\/v2\/product_brand?post=4881"},{"taxonomy":"product_cat","embeddable":true,"href":"https:\/\/unidenradar.eu\/tr\/wp-json\/wp\/v2\/product_cat?post=4881"},{"taxonomy":"product_tag","embeddable":true,"href":"https:\/\/unidenradar.eu\/tr\/wp-json\/wp\/v2\/product_tag?post=4881"}],"curies":[{"name":"wp","href":"https:\/\/api.w.org\/{rel}","templated":true}]}}