{"id":5112,"date":"2022-11-22T17:04:02","date_gmt":"2022-11-22T16:04:02","guid":{"rendered":"https:\/\/unidenradar.eu\/product\/avrupa-omur-boyu-radar-poi-guncellemeleri-uniden-r8-uniden-r4-international\/"},"modified":"2022-12-22T17:04:02","modified_gmt":"2022-12-22T16:04:02","slug":"avrupa-omur-boyu-radar-poi-guncellemeleri-uniden-r8-uniden-r4-international","status":"publish","type":"product","link":"https:\/\/unidenradar.eu\/tr\/urun\/avrupa-omur-boyu-radar-poi-guncellemeleri-uniden-r8-uniden-r4-international\/","title":{"rendered":"Avrupa \u00d6m\u00fcr Boyu Radar POI G\u00fcncellemeleri Uniden R8 &#038; UNIDEN R4 INTERNATIONAL"},"content":{"rendered":"<p>Uniden R4 &amp; R8 i\u00e7in Avrupa POI veritaban\u0131 \u00d6m\u00fcr Boyu G\u00fcncellemeleri Avrupa d\u0131\u015f\u0131 s\u00fcr\u00fcm i\u00e7in<\/p>\n<h2>UNIDEN RADAR AB Veritaban\u0131 \u015funlar\u0131 i\u00e7erir:<\/h2>\n<ul>\n<li>Sabit h\u0131z radar kameralar\u0131<\/li>\n<li>K\u0131rm\u0131z\u0131 \u0131\u015f\u0131k kameralar\u0131<\/li>\n<li>S\u0131k mobil h\u0131z kontrol alanlar\u0131<\/li>\n<li>Mesafe kontrolleri<\/li>\n<\/ul>\n<h3>Veritaban\u0131 a\u015fa\u011f\u0131daki AVRUPA \u00dclkelerini i\u00e7erir:<\/h3>\n<ul>\n<li style=\"list-style-type: none;\">\n<ul class=\"column\">\n<li>Arnavutluk<br \/>\nAndorra<br \/>\nErmenistan<br \/>\nAvusturya<br \/>\nAzerbaycan<br \/>\nBelarus<br \/>\nBel\u00e7ika<br \/>\nBosna Hersek<br \/>\nBulgaristan<br \/>\nH\u0131rvatistan<br \/>\nK\u0131br\u0131s<br \/>\n\u00c7ekya<br \/>\nDanimarka<br \/>\nEstonya<br \/>\nFinlandiya<br \/>\nFransa<br \/>\nG\u00fcrcistan<br \/>\nAlmanya<br \/>\nYunanistan<br \/>\nMacaristan<br \/>\n\u0130zlanda<br \/>\n\u0130rlanda<br \/>\n\u0130talya<br \/>\nKazakistan<br \/>\nKosova<br \/>\nLetonya<br \/>\nLihten\u015ftayn<br \/>\nLitvanya<br \/>\nL\u00fcksemburg<br \/>\nMalta<br \/>\nMoldova<br \/>\nMonako<br \/>\nKarada\u011f<br \/>\nHollanda<br \/>\nKuzey Makedonya<br \/>\nNorve\u00e7<br \/>\nPolonya<br \/>\nPortekiz<br \/>\nRomanya<br \/>\nRusya<br \/>\nSan Marino<br \/>\nS\u0131rbistan<br \/>\nSlovakya<br \/>\nSlovenya<br \/>\n\u0130spanya<br \/>\n\u0130sve\u00e7<br \/>\n\u0130svi\u00e7re<br \/>\nT\u00fcrkiye<br \/>\nUkrayna<br \/>\nBirle\u015fik Krall\u0131k (UK)<br \/>\nVatikan \u015eehri (Holy See)<\/li>\n<\/ul>\n<\/li>\n<\/ul>\n","protected":false},"excerpt":{"rendered":"<p>Uniden R4 &amp; R8 i\u00e7in Avrupa POI veritaban\u0131 \u00d6m\u00fcr Boyu G\u00fcncellemeleri Avrupa d\u0131\u015f\u0131 s\u00fcr\u00fcm i\u00e7in UNIDEN RADAR AB Veritaban\u0131 \u015funlar\u0131 i\u00e7erir: Sabit h\u0131z radar kameralar\u0131 K\u0131rm\u0131z\u0131 \u0131\u015f\u0131k kameralar\u0131 S\u0131k mobil h\u0131z kontrol alanlar\u0131 Mesafe kontrolleri Veritaban\u0131 a\u015fa\u011f\u0131daki AVRUPA \u00dclkelerini i\u00e7erir: Arnavutluk Andorra Ermenistan Avusturya Azerbaycan Belarus Bel\u00e7ika Bosna Hersek Bulgaristan H\u0131rvatistan K\u0131br\u0131s \u00c7ekya Danimarka Estonya&#8230;<\/p>\n","protected":false},"featured_media":3932,"comment_status":"open","ping_status":"closed","template":"","meta":{"_kad_blocks_custom_css":"","_kad_blocks_head_custom_js":"","_kad_blocks_body_custom_js":"","_kad_blocks_footer_custom_js":"","_kad_post_transparent":"","_kad_post_title":"","_kad_post_layout":"","_kad_post_sidebar_id":"","_kad_post_content_style":"","_kad_post_vertical_padding":"","_kad_post_feature":"","_kad_post_feature_position":"","_kad_post_header":false,"_kad_post_footer":false,"_kad_post_classname":""},"product_brand":[],"product_cat":[323,283],"product_tag":[],"class_list":{"0":"post-5112","1":"product","2":"type-product","3":"status-publish","4":"has-post-thumbnail","6":"product_cat-aksesuarlar","7":"product_cat-bestsellers-tr","9":"first","10":"outofstock","11":"downloadable","12":"virtual","13":"sold-individually","14":"taxable","15":"purchasable","16":"product-type-simple","17":"entry","18":"content-bg","19":"loop-entry"},"taxonomy_info":{"product_cat":[{"value":323,"label":"Aksesuarlar"},{"value":283,"label":"En \u00c7ok Satanlar"}]},"featured_image_src_large":["https:\/\/i0.wp.com\/unidenradar.eu\/wp-content\/uploads\/2022\/12\/pexels-matheus-bertelli-13871025-edited-scaled.jpg?fit=1024%2C768&ssl=1",1024,768,true],"author_info":[],"comment_info":0,"_links":{"self":[{"href":"https:\/\/unidenradar.eu\/tr\/wp-json\/wp\/v2\/product\/5112","targetHints":{"allow":["GET"]}}],"collection":[{"href":"https:\/\/unidenradar.eu\/tr\/wp-json\/wp\/v2\/product"}],"about":[{"href":"https:\/\/unidenradar.eu\/tr\/wp-json\/wp\/v2\/types\/product"}],"replies":[{"embeddable":true,"href":"https:\/\/unidenradar.eu\/tr\/wp-json\/wp\/v2\/comments?post=5112"}],"wp:featuredmedia":[{"embeddable":true,"href":"https:\/\/unidenradar.eu\/tr\/wp-json\/wp\/v2\/media\/3932"}],"wp:attachment":[{"href":"https:\/\/unidenradar.eu\/tr\/wp-json\/wp\/v2\/media?parent=5112"}],"wp:term":[{"taxonomy":"product_brand","embeddable":true,"href":"https:\/\/unidenradar.eu\/tr\/wp-json\/wp\/v2\/product_brand?post=5112"},{"taxonomy":"product_cat","embeddable":true,"href":"https:\/\/unidenradar.eu\/tr\/wp-json\/wp\/v2\/product_cat?post=5112"},{"taxonomy":"product_tag","embeddable":true,"href":"https:\/\/unidenradar.eu\/tr\/wp-json\/wp\/v2\/product_tag?post=5112"}],"curies":[{"name":"wp","href":"https:\/\/api.w.org\/{rel}","templated":true}]}}